{"id":5415,"date":"2026-04-26T14:12:46","date_gmt":"2026-04-26T12:12:46","guid":{"rendered":"https:\/\/nerdkobieta.pl\/?post_type=product&#038;p=5415"},"modified":"2026-04-26T15:08:16","modified_gmt":"2026-04-26T13:08:16","slug":"motywujace-naklejki-dla-pisarzy-zestaw","status":"publish","type":"product","link":"https:\/\/nerdkobieta.pl\/en\/product\/motywujace-naklejki-dla-pisarzy-zestaw\/","title":{"rendered":"Motywuj\u0105ce naklejki dla pisarzy \u2013 zestaw"},"content":{"rendered":"<h2 data-start=\"1214\" data-end=\"1269\">Zmotywuj autora do pracy zestawem agresywnych naklejek.<\/h2>\n<p data-start=\"1271\" data-end=\"1377\">Naklejki dla pisarzy i pisarek, debiutant\u00f3w oraz wszystkich, kt\u00f3rzy powinni pisa\u0107, zamiast prokrastynowa\u0107.<\/p>\n<p data-start=\"1379\" data-end=\"1514\">Zestaw nie motywuje \u0142adnie., tylko skutecznie. Przypomina, \u017ce mia\u0142 by\u0107 rozdzia\u0142. Patrzy z wyrzutem z laptopa, notesu albo telefonu.<\/p>\n<p data-start=\"1516\" data-end=\"1599\"><strong>Stworzy\u0142am je dla siebie \u2014 mam ADHD i bez takich przypominajek po prostu nie pisz\u0119.<\/strong> To rozwi\u0105zanie dla tw\u00f3rc\u00f3w, u kt\u00f3rych \u201ezaczn\u0119 jutro\u201d trwa zdecydowanie za d\u0142ugo.<\/p>\n<p data-start=\"1683\" data-end=\"1811\">Masz stosik wstydu? Niedoko\u0144czone projekty? Rozgrzebane rozdzia\u0142y? To nie jest problem braku talentu. To problem braku bod\u017aca.<\/p>\n<p data-start=\"1813\" data-end=\"1870\"><strong>Naklejaj naklejki, zraszaj tekst \u0142zami i pisz t\u0119 powie\u015b\u0107.<\/strong><\/p>\n<h3 data-start=\"837\" data-end=\"854\">Zawarto\u015b\u0107 zestawu<\/h3>\n<p>W paczce znajduj\u0105 si\u0119 <strong>trzy agresywnie motywuj\u0105ce naklejki<\/strong>.<\/p>\n<ul data-start=\"856\" data-end=\"957\">\n<li data-section-id=\"175olh5\" data-start=\"856\" data-end=\"863\">PISZ!<\/li>\n<li data-section-id=\"1rroc2s\" data-start=\"864\" data-end=\"902\">Wybierz jedno: drzemka albo 1800 zzs<\/li>\n<li data-section-id=\"1got4gd\" data-start=\"903\" data-end=\"957\">Wybierz ksi\u0105\u017ck\u0119: przeczytanie cudzej lub napisanie w\u0142asnej<\/li>\n<\/ul>\n<h3 data-start=\"1104\" data-end=\"1113\">Szczeg\u00f3\u0142y<\/h3>\n<ul data-start=\"1115\" data-end=\"1309\">\n<li data-section-id=\"1v1jhha\" data-start=\"1115\" data-end=\"1142\">rozmiar: 5,5 x 5,5 cm;<\/li>\n<li data-section-id=\"1llbbm7\" data-start=\"1143\" data-end=\"1171\">wyko\u0144czenie: holograficzne;<\/li>\n<li data-section-id=\"t81efj\" data-start=\"1172\" data-end=\"1209\">wykonanie: r\u0119czne, limitowana seria;<\/li>\n<li data-section-id=\"1eh1xx1\" data-start=\"1210\" data-end=\"1276\">projekt: Dominika Tarczo\u0144 (copyright \u2013 nie kopiuj i nie kradnij);<\/li>\n<li data-section-id=\"d6s95f\" data-start=\"1277\" data-end=\"1309\">pakowanie: torebeczka ochronna.<\/li>\n<\/ul>\n<h3 data-start=\"1311\" data-end=\"1327\">Wa\u017cne informacje<\/h3>\n<ul data-start=\"1329\" data-end=\"1536\">\n<li data-section-id=\"1casxzb\" data-start=\"1329\" data-end=\"1360\">naklejki nie s\u0105 wodoodporne;<\/li>\n<li data-section-id=\"11lohtz\" data-start=\"1361\" data-end=\"1452\">nie nadaj\u0105 si\u0119 do naklejania na termosy ani powierzchnie nara\u017cone na wysok\u0105 temperatur\u0119;<\/li>\n<li data-section-id=\"kmht61\" data-start=\"1453\" data-end=\"1536\">najlepiej sprawdzaj\u0105 si\u0119 na notesie, zeszycie, laptopie, tablecie lub telefonie.<\/li>\n<\/ul>\n<h3 data-start=\"1538\" data-end=\"1546\">Dla kogo<\/h3>\n<ul>\n<li data-start=\"1548\" data-end=\"1617\">Dla os\u00f3b, kt\u00f3re pisz\u0105, planuj\u0105 pisa\u0107 albo od dawna odk\u0142adaj\u0105 pisanie.<\/li>\n<li data-start=\"1619\" data-end=\"1750\">Dla autor\u00f3w z rozpocz\u0119tym projektem.<\/li>\n<li data-start=\"1619\" data-end=\"1750\">Dla tych, kt\u00f3rzy czytaj\u0105 zamiast tworzy\u0107.<\/li>\n<li data-start=\"1619\" data-end=\"1750\">Dla wszystkich, kt\u00f3rym \u201emi\u0142a motywacja\u201d nie pomog\u0142a.<\/li>\n<li data-start=\"1619\" data-end=\"1750\">Super prezent dla Twoich znajomych pisarzy i pisarek.<\/li>\n<\/ul>","protected":false},"excerpt":{"rendered":"<p>Zestaw 3 agresywnie motywuj\u0105cych naklejek dla pisarzy, kt\u00f3re przypominaj\u0105 o jednym: masz pisa\u0107. Stworzy\u0142am je, bo sama mam ADHD i cz\u0119sto zapominam o wyrobieniu znak\u00f3w lub prokrastynuj\u0119. Maj\u0105 by\u0107 skuteczne &#8211; niekoniecznie mi\u0142e.<\/p>\n<p>Naklej je na laptop, notes albo telefon i miej motywacj\u0119 dok\u0142adnie tam, gdzie jej potrzebujesz. Holograficzne, r\u0119cznie wykonane, w limitowanej serii.<\/p>","protected":false},"featured_media":5436,"template":"","meta":{"_eb_attr":""},"product_brand":[],"product_cat":[3156],"product_tag":[3158],"class_list":{"0":"post-5415","1":"product","2":"type-product","3":"status-publish","4":"has-post-thumbnail","6":"product_cat-dla-autorow","7":"product_tag-naklejka","8":"product_shipping_class-poczta-polska","10":"first","11":"instock","12":"taxable","13":"shipping-taxable","14":"purchasable","15":"product-type-simple"},"_links":{"self":[{"href":"https:\/\/nerdkobieta.pl\/en\/wp-json\/wp\/v2\/product\/5415","targetHints":{"allow":["GET"]}}],"collection":[{"href":"https:\/\/nerdkobieta.pl\/en\/wp-json\/wp\/v2\/product"}],"about":[{"href":"https:\/\/nerdkobieta.pl\/en\/wp-json\/wp\/v2\/types\/product"}],"version-history":[{"count":4,"href":"https:\/\/nerdkobieta.pl\/en\/wp-json\/wp\/v2\/product\/5415\/revisions"}],"predecessor-version":[{"id":5429,"href":"https:\/\/nerdkobieta.pl\/en\/wp-json\/wp\/v2\/product\/5415\/revisions\/5429"}],"wp:featuredmedia":[{"embeddable":true,"href":"https:\/\/nerdkobieta.pl\/en\/wp-json\/wp\/v2\/media\/5436"}],"wp:attachment":[{"href":"https:\/\/nerdkobieta.pl\/en\/wp-json\/wp\/v2\/media?parent=5415"}],"wp:term":[{"taxonomy":"product_brand","embeddable":true,"href":"https:\/\/nerdkobieta.pl\/en\/wp-json\/wp\/v2\/product_brand?post=5415"},{"taxonomy":"product_cat","embeddable":true,"href":"https:\/\/nerdkobieta.pl\/en\/wp-json\/wp\/v2\/product_cat?post=5415"},{"taxonomy":"product_tag","embeddable":true,"href":"https:\/\/nerdkobieta.pl\/en\/wp-json\/wp\/v2\/product_tag?post=5415"}],"curies":[{"name":"wp","href":"https:\/\/api.w.org\/{rel}","templated":true}]}}