{"id":5401,"date":"2026-04-16T14:30:35","date_gmt":"2026-04-16T12:30:35","guid":{"rendered":"https:\/\/nerdkobieta.pl\/?post_type=product&#038;p=5401"},"modified":"2026-04-16T14:35:18","modified_gmt":"2026-04-16T12:35:18","slug":"baza-wydawnictw-dopasowana-do-twojej-ksiazki","status":"publish","type":"product","link":"https:\/\/nerdkobieta.pl\/en\/product\/baza-wydawnictw-dopasowana-do-twojej-ksiazki\/","title":{"rendered":"Baza wydawnictw dopasowana do Twojej ksi\u0105\u017cki"},"content":{"rendered":"<div data-elementor-type=\"wp-post\" data-elementor-id=\"5401\" class=\"elementor elementor-5401\">\n\t\t\t\t<div class=\"elementor-element elementor-element-14a2e840 e-flex e-con-boxed e-con e-parent\" data-id=\"14a2e840\" data-element_type=\"container\" data-e-type=\"container\">\n\t\t\t\t\t<div class=\"e-con-inner\">\n\t\t\t\t<div class=\"elementor-element elementor-element-79d276c7 elementor-widget elementor-widget-text-editor\" data-id=\"79d276c7\" data-element_type=\"widget\" data-e-type=\"widget\" data-widget_type=\"text-editor.default\">\n\t\t\t\t<div class=\"elementor-widget-container\">\n\t\t\t\t\t\t\t\t\t<p>Nawet 90% wysy\u0142ek propozycji wydawniczych nie dzia\u0142a, poniewa\u017c jest \u017ale dopasowana do rynku ksi\u0105\u017cki. Wi\u0119kszo\u015b\u0107 propozycji ginie w g\u0105szczu maili redaktora prowadz\u0105cego nie dlatego, \u017ce to kiepskie historie &#8211; ale dlatego, \u017ce zosta\u0142y wys\u0142ane w z\u0142e miejsce lub bez trzymania si\u0119 wymog\u00f3w wydawcy.<\/p><p>Nie wiesz, gdzie wys\u0142a\u0107 swoj\u0105 ksi\u0105\u017ck\u0119?<\/p><p>Nie tra\u0107 miesi\u0119cy!<\/p><p>Ta us\u0142uga to nie zwyk\u0142a lista. To indywidualna mapa &#8211; analiza rynku wydawniczego, kt\u00f3ra realnie zwi\u0119kszy Twoje szanse na wydanie w systemie tradycyjnym. Bez vanity i &#8222;wydawania ze wspomaganiem&#8221;!<\/p><h2><strong>Ta us\u0142uga jest dla Ciebie, je\u015bli:<\/strong><\/h2><ul><li>masz gotowy lub prawie gotowy r\u0119kopis,<\/li><li>chcesz wyda\u0107 ksi\u0105\u017ck\u0119 w tradycyjnym wydawnictwie,<\/li><li>chcesz unikn\u0105\u0107 vanity i p\u0142acenia za wydanie swojej ksi\u0105\u017cki,<\/li><li>nie wiesz, gdzie wys\u0142a\u0107 sw\u00f3j tekst, aby mia\u0142 realn\u0105 szans\u0119 na wydanie,<\/li><li>nie chcesz traci\u0107 miesi\u0119cy na przypadkowe wysy\u0142ki.<\/li><\/ul><h2 data-section-id=\"19i5x6m\" data-start=\"1435\" data-end=\"1454\">Dlaczego to dzia\u0142a<\/h2><ol data-start=\"1456\" data-end=\"1601\"><li data-section-id=\"11njbd4\" data-start=\"1456\" data-end=\"1476\">Eliminuj\u0119 wydawnictwa, kt\u00f3re nie publikuj\u0105 ksi\u0105\u017cek Twojego typu.<\/li><li data-section-id=\"11njbd4\" data-start=\"1456\" data-end=\"1476\">Sprawdzam realne katalogi, nie og\u00f3lne listy.<\/li><li data-section-id=\"11njbd4\" data-start=\"1456\" data-end=\"1476\">Dopasowuj\u0119 strategi\u0119 wysy\u0142ki do Twojej ksi\u0105\u017cki, nie odwrotnie.<\/li><li data-section-id=\"11njbd4\" data-start=\"1456\" data-end=\"1476\">Wskazuj\u0119, gdzie Twoja ksi\u0105\u017cka naprawd\u0119 pasuje &#8211; czy wydawca ma na koncie podobne tytu\u0142y, kt\u00f3re odnios\u0142y sukces sprzeda\u017cowy.<\/li><\/ol><p><strong>Baza wydawnictw od Nerd Kobiety to mapa, gdzie dok\u0142adnie wys\u0142a\u0107 ksi\u0105\u017ck\u0119, \u017ceby nie przepala\u0107 czasu i zwi\u0119kszy\u0107 szanse na wydanie tradycyjne!<\/strong><\/p><h2><strong>Co otrzymujesz w ramach us\u0142ugi<\/strong><\/h2><ul><li>baz\u0119 od 20 do 50 starannie wyselekcjonowanych wydawnictw, dopasowanych do Twojej ksi\u0105\u017cki,<\/li><li>analiz\u0119 dopasowania gatunkowego,<\/li><li>wskaz\u00f3wki dotycz\u0105ce potencjalnego zainteresowania,<\/li><li>wskaz\u00f3wki dotycz\u0105ce podobie\u0144stw w katalogu wydawniczym,<\/li><li>informacje o wymaganiach wydawnictw (je\u015bli publikuj\u0105 je publicznie),<\/li><li>notatki strategiczne (gdzie masz najwi\u0119ksz\u0105 szans\u0119).<\/li><\/ul><p><b>Ka\u017cda dobra ksi\u0105\u017cka znajdzie swojego czytelnika, tak jak ka\u017cdy dobry tytu\u0142 znajdzie swojego wydawc\u0119. Musisz tylko do niego trafi\u0107.<\/b><\/p><h2 data-section-id=\"19i5x6m\" data-start=\"1435\" data-end=\"1454\">Jak to dzia\u0142a<\/h2><ol data-start=\"1456\" data-end=\"1601\"><li data-section-id=\"11njbd4\" data-start=\"1456\" data-end=\"1476\">Kupujesz us\u0142ug\u0119 na stronie produktu.<\/li><li data-section-id=\"99kcg9\" data-start=\"1477\" data-end=\"1502\">Po op\u0142aceniu automatycznie otrzymujesz mail z formularzem do wype\u0142nienia.<\/li><li data-section-id=\"xw7t0y\" data-start=\"1503\" data-end=\"1532\">Przesy\u0142asz tekst ksi\u0105\u017cki i inne niezb\u0119dne informacje z pomoc\u0105 formularza.<\/li><li data-section-id=\"10yr7rr\" data-start=\"1533\" data-end=\"1561\">Otrzymujesz maila z baz\u0105 i niezb\u0119dnymi informacjami do rozpocz\u0119cia wysy\u0142ki.<\/li><\/ol><h2>FAQ<\/h2><p><strong>1. Kiedy otrzymasz baz\u0119?<\/strong><\/p><p>Baza wydawnictw b\u0119dzie gotowa do 14 dni roboczych od wype\u0142nienia przez Ciebie formularza w Google Doc, w kt\u00f3rym dodajesz informacje o ksi\u0105\u017cce, sobie jako osobie autorskiej oraz gdzie przesy\u0142asz plik z ksi\u0105\u017ck\u0105.<\/p><p><strong>2. Czy musisz przes\u0142a\u0107 plik z ksi\u0105\u017ck\u0105 i w jakiej formie?<\/strong><\/p><p>Tak, musisz przes\u0142a\u0107 plik z tekstem swojej ksi\u0105\u017cki w formacie .doc, .docx lub .pdf. Nie musi to by\u0107 wersja po redakcji i korekcie &#8211; o to zadba Tw\u00f3j wydawca tradycyjny, gdy ju\u017c go znajdziesz. Powinna to by\u0107 wersja najbli\u017csza tej, kt\u00f3r\u0105 chcesz wys\u0142a\u0107 do wydawcy. Je\u015bli ksi\u0105\u017cka nie jest sko\u0144czona w pe\u0142ni, ale masz ponad 60 &#8211; 70%, r\u00f3wnie\u017c tak\u0105 mo\u017cesz za\u0142\u0105czy\u0107. Warto jednak wtedy zapisa\u0107 na ko\u0144cu Tw\u00f3j pomys\u0142 na zako\u0144czenie. Pami\u0119taj, aby plik by\u0142 pozbawiony komentarzy redakcyjnych i beta-redakcyjnych, czytelny. Sugeruj\u0119 format 12 pkt, Times New Roman, interlinia 1,5.<\/p><p data-start=\"1621\" data-end=\"1679\"><strong>3. Co si\u0119 stanie z plikiem Twojej ksi\u0105\u017cki?<\/strong><\/p><p data-start=\"1621\" data-end=\"1679\">Nie udost\u0119pniam Twoich plik\u00f3w osobom trzecim. Po zako\u0144czeniu us\u0142ugi (przes\u0142anie bazy), Twoje pliki zostan\u0105 skasowane z folderu Google. Administratorem Twoich danych osobowych, zgodnie z polityk\u0105 prywatno\u015bci i regulaminem strony, jestem ja.<\/p><p data-start=\"1621\" data-end=\"1679\"><strong>4. Czy zagwarantuj\u0119 Ci wydanie ksi\u0105\u017cki?<\/strong><\/p><p data-start=\"1621\" data-end=\"1679\">Us\u0142uga ma charakter analityczno-doradczy i nie gwarantuje publikacji ksi\u0105\u017cki, odpowiedzi wydawnictw czy zawarcia umowy wydawniczej.<\/p><p><strong>5. Jak zwi\u0119kszy\u0107 swoje szanse na wydanie tradycyjne?<\/strong><\/p><p>Przede wszystkim zanim zaczniesz wysy\u0142a\u0107 propozycj\u0119 wydawnicz\u0105, dobrze przeczytaj baz\u0119 i inne otrzymane ode mnie materia\u0142y. Us\u0142uga nie b\u0119dzie mie\u0107 sensu, je\u015bli po prostu skopiujesz list\u0119 adres\u00f3w i roze\u015blesz te same materia\u0142y do wszystkich wydawc\u00f3w. To w\u0142a\u015bnie wiedza zawarta w bazie jest kluczem &#8211; bestsellery podobne do Twojej w katalogu wydawcy, konkretne wymogi formalne ze strony wydawcy, dopasowanie do katalogu, poprzednie sukcesy wydawcy i jego potencja\u0142 promocyjny etc.<\/p><p>To w\u0142a\u015bnie trzymanie si\u0119 wytycznych z bazy zwi\u0119ksza Twoje szanse na wydanie ksi\u0105\u017cki!<\/p><p><strong>6. Czy inni klienci, kt\u00f3rzy skorzystali z tej us\u0142ugi, znale\u017ali wydawc\u00f3w?<\/strong><\/p><p>Tak! Ju\u017c pierwsza klientka na t\u0119 us\u0142ug\u0119, Eli, otrzyma\u0142a ofert\u0119 od wydawcy tradycyjnego zaledwie 2 miesi\u0105ce po wysy\u0142ce propozycji! Kluczem jest korzystanie z bazy w spos\u00f3b \u015bwiadomy i trzymanie si\u0119 znajduj\u0105cych si\u0119 w niej zalece\u0144 i informacji.<\/p><p><strong>7. Dlaczego w bazie znajduje si\u0119 tylko od 20 do 50 wydawc\u00f3w?<\/strong><\/p><p>W tym przypadku mniej znaczy wi\u0119cej. W bazie znajdziesz wydawnictwa, w kt\u00f3rych Twoja ksi\u0105\u017cka ma szanse na realne zainteresowanie, a nie gdzie b\u0119dzie po prostu kolejnym mailem.<\/p><p><strong>8. Czy mog\u0119 wysy\u0142a\u0107 ksi\u0105\u017ck\u0119 do wszystkich wydawnictw z listy?<\/strong><\/p><p>Tak, ALE trzymaj si\u0119 zasad skutecznego mailingu &#8211; wybieraj na pocz\u0105tek wydawc\u00f3w, kt\u00f3rzy s\u0105 opisani jako najbardziej pasuj\u0105cy do Twojego tytu\u0142u, nie wysy\u0142aj maili hurtowo, sprawdzaj wymogi zawarte w bazie przy ka\u017cdym wydawcy!<\/p><p><a href=\"https:\/\/nerdkobieta.pl\/en\/regulamin-uslugi-baza-wydawnictw\/\">Regulamin us\u0142ugi &#8222;Baza wydawnictw&#8221; znajdziesz pod tym linkiem.<\/a><\/p>\t\t\t\t\t\t\t\t<\/div>\n\t\t\t\t<\/div>\n\t\t\t\t\t<\/div>\n\t\t\t\t<\/div>\n\t\t\t\t<\/div>","protected":false},"excerpt":{"rendered":"<p>Wi\u0119kszo\u015b\u0107 propozycji wydawniczych nie dzia\u0142a, bo trafia do z\u0142ych wydawnictw, a nie dlatego, \u017ce ksi\u0105\u017cka jest s\u0142aba. Ta us\u0142uga daje Ci 20\u201350 dopasowanych wydawnictw dla Twojego r\u0119kopisu oraz wskazanie, od kt\u00f3rych zacz\u0105\u0107. Koniec z frustracj\u0105 i marnowaniem czasu! Dostajesz te\u017c kluczowe informacje o wymaganiach i dopasowaniu do katalogu, \u017ceby od razu wiedzie\u0107, gdzie masz realne szanse na wydanie. Bez vanity!<\/p>","protected":false},"featured_media":0,"template":"","meta":{"_eb_attr":""},"product_brand":[],"product_cat":[3156],"product_tag":[],"class_list":{"0":"post-5401","1":"product","2":"type-product","3":"status-publish","5":"product_cat-uslugi","7":"first","8":"instock","9":"virtual","10":"taxable","11":"purchasable","12":"product-type-simple"},"_links":{"self":[{"href":"https:\/\/nerdkobieta.pl\/en\/wp-json\/wp\/v2\/product\/5401","targetHints":{"allow":["GET"]}}],"collection":[{"href":"https:\/\/nerdkobieta.pl\/en\/wp-json\/wp\/v2\/product"}],"about":[{"href":"https:\/\/nerdkobieta.pl\/en\/wp-json\/wp\/v2\/types\/product"}],"version-history":[{"count":6,"href":"https:\/\/nerdkobieta.pl\/en\/wp-json\/wp\/v2\/product\/5401\/revisions"}],"predecessor-version":[{"id":5408,"href":"https:\/\/nerdkobieta.pl\/en\/wp-json\/wp\/v2\/product\/5401\/revisions\/5408"}],"wp:attachment":[{"href":"https:\/\/nerdkobieta.pl\/en\/wp-json\/wp\/v2\/media?parent=5401"}],"wp:term":[{"taxonomy":"product_brand","embeddable":true,"href":"https:\/\/nerdkobieta.pl\/en\/wp-json\/wp\/v2\/product_brand?post=5401"},{"taxonomy":"product_cat","embeddable":true,"href":"https:\/\/nerdkobieta.pl\/en\/wp-json\/wp\/v2\/product_cat?post=5401"},{"taxonomy":"product_tag","embeddable":true,"href":"https:\/\/nerdkobieta.pl\/en\/wp-json\/wp\/v2\/product_tag?post=5401"}],"curies":[{"name":"wp","href":"https:\/\/api.w.org\/{rel}","templated":true}]}}