{"id":4987,"date":"2024-05-19T21:41:39","date_gmt":"2024-05-19T19:41:39","guid":{"rendered":"https:\/\/nerdkobieta.pl\/?post_type=product&#038;p=4987"},"modified":"2025-01-15T13:11:35","modified_gmt":"2025-01-15T12:11:35","slug":"konsultacja-dla-pisarzy-i-wydawcow-1h","status":"publish","type":"product","link":"https:\/\/nerdkobieta.pl\/en\/product\/konsultacja-dla-pisarzy-i-wydawcow-1h\/","title":{"rendered":"Konsultacja dla pisarzy i wydawc\u00f3w (1h)"},"content":{"rendered":"<p>Zapraszam Ci\u0119 na konsultacje z rynku ksi\u0105\u017cki i bran\u017cy wydawniczej.<\/p>\n<ul>\n<li>Konsultacja trwa 1 godzin\u0119 zegarow\u0105 (60 minut).<\/li>\n<li>Po zakupie konsultacji otrzymasz ode mnie wiadomo\u015b\u0107 e-mail z pro\u015bb\u0105 o potwierdzenie szczeg\u00f3\u0142\u00f3w, takich jak data i godzina konsultacji.<\/li>\n<li>Rozmawiamy online, via Google Meet. Spotkanie na \u017cywo jest mo\u017cliwe na terenie Warszawy.<\/li>\n<li>Po konsultacji otrzymasz ode mnie wiadomo\u015b\u0107 z podsumowaniem oraz faktur\u0119 VAT.<\/li>\n<\/ul>\n<p>Na konsultacjach odpowiadam na pytania dotycz\u0105ce procesu wydania i promocji ksi\u0105\u017cki. Pomog\u0119 Ci tak\u017ce w resuscytacji ksi\u0105\u017cki, kt\u00f3ra nie zdoby\u0142a wystarczaj\u0105cego rozg\u0142osu.<\/p>\n<blockquote><p>Wyznaj\u0119 zasad\u0119, \u017ce ka\u017cda ksi\u0105\u017cka znajdzie swojego czytelnika. Musisz tylko do niego trafi\u0107!<\/p><\/blockquote>\n<p><strong>Kilka s\u0142\u00f3w o mnie:<\/strong><\/p>\n<p>Zaczyna\u0142am w 2012 r., jako blogerka i pracownica du\u017cych agencji Public Relations. Dzi\u015b przekuwam ksi\u0105\u017cki w bestsellery, \u0142\u0105cz\u0105c moj\u0105 znajomo\u015b\u0107 bran\u017cy z do\u015bwiadczeniem w marketingu.<\/p>\n<ul>\n<li>Promuj\u0119 zar\u00f3wno nazwiska z topek, jak i debiutant\u00f3w.<\/li>\n<li>Ksi\u0105\u017cki, kt\u00f3rymi si\u0119 opiekuj\u0119, trafiaj\u0105 na listy bestseller\u00f3w.<\/li>\n<li>Stworzy\u0142am autorskie sposoby promocji, realnie wp\u0142ywaj\u0105ce na sprzeda\u017c ksi\u0105\u017cki &#8211; w tym moj\u0105 s\u0142ynn\u0105 <strong>strategi\u0119 bombardowania<\/strong> czy <strong>z\u0142ote ratio trzech<\/strong>.<\/li>\n<li>Przegada\u0142am setki godzin na prelekcjach o literaturze i promocji.<\/li>\n<li>Przeprowadzi\u0142am dziesi\u0105tki wywiad\u00f3w z lud\u017ami kultury.<\/li>\n<li>Przez wiele lat wsp\u00f3\u0142tworzy\u0142am najwi\u0119kszy w Europie serwis po\u015bwi\u0119cony post apokalipsie, Post &#8211; Apokalipsa Polska. Waz z zespo\u0142em uda\u0142o nam si\u0119 stworzy\u0107 profil, kt\u00f3ry bez p\u0142atnych dzia\u0142a\u0144 reklamowych zdoby\u0142 ponad 20 tys. obserwuj\u0105cych na Facebooku.<\/li>\n<\/ul>\n<p>Dzi\u0119ki mojemu do\u015bwiadczeniu mog\u0119 pomaga\u0107 wszystkim &#8211; bez wzgl\u0119du na ilo\u015b\u0107 wydanych ksi\u0105\u017cek czy wielko\u015b\u0107 bud\u017cetu. Zajmuj\u0119 si\u0119 zar\u00f3wno typowym public relations, jak i kampaniami online\/offline.<\/p>\n<p>Chcesz wypromowa\u0107 ksi\u0105\u017ck\u0119? Odezwij si\u0119 do mnie.<\/p>","protected":false},"excerpt":{"rendered":"<p>Konsultacje z rynku ksi\u0105\u017cki, bran\u017cy wydawniczej i marketingu online\/offline. Zapraszam zar\u00f3wno pisarzy i wydawc\u00f3w, jak i osoby prowadz\u0105ce w\u0142asny biznes.<\/p>","protected":false},"featured_media":4990,"template":"","meta":{"_eb_attr":""},"product_brand":[],"product_cat":[3156],"product_tag":[],"class_list":{"0":"post-4987","1":"product","2":"type-product","3":"status-publish","4":"has-post-thumbnail","6":"product_cat-dla-autorow","8":"first","9":"instock","10":"virtual","11":"taxable","12":"purchasable","13":"product-type-simple"},"_links":{"self":[{"href":"https:\/\/nerdkobieta.pl\/en\/wp-json\/wp\/v2\/product\/4987","targetHints":{"allow":["GET"]}}],"collection":[{"href":"https:\/\/nerdkobieta.pl\/en\/wp-json\/wp\/v2\/product"}],"about":[{"href":"https:\/\/nerdkobieta.pl\/en\/wp-json\/wp\/v2\/types\/product"}],"version-history":[{"count":2,"href":"https:\/\/nerdkobieta.pl\/en\/wp-json\/wp\/v2\/product\/4987\/revisions"}],"predecessor-version":[{"id":4989,"href":"https:\/\/nerdkobieta.pl\/en\/wp-json\/wp\/v2\/product\/4987\/revisions\/4989"}],"wp:featuredmedia":[{"embeddable":true,"href":"https:\/\/nerdkobieta.pl\/en\/wp-json\/wp\/v2\/media\/4990"}],"wp:attachment":[{"href":"https:\/\/nerdkobieta.pl\/en\/wp-json\/wp\/v2\/media?parent=4987"}],"wp:term":[{"taxonomy":"product_brand","embeddable":true,"href":"https:\/\/nerdkobieta.pl\/en\/wp-json\/wp\/v2\/product_brand?post=4987"},{"taxonomy":"product_cat","embeddable":true,"href":"https:\/\/nerdkobieta.pl\/en\/wp-json\/wp\/v2\/product_cat?post=4987"},{"taxonomy":"product_tag","embeddable":true,"href":"https:\/\/nerdkobieta.pl\/en\/wp-json\/wp\/v2\/product_tag?post=4987"}],"curies":[{"name":"wp","href":"https:\/\/api.w.org\/{rel}","templated":true}]}}