{"id":4254,"date":"2021-09-13T12:49:48","date_gmt":"2021-09-13T10:49:48","guid":{"rendered":"https:\/\/nerdkobieta.pl\/?post_type=product&#038;p=4254"},"modified":"2026-01-28T13:39:12","modified_gmt":"2026-01-28T12:39:12","slug":"iron-tales-blood-brothers-literacka-skladanka-w-holdzie-iron-maiden-oprawa-miekka","status":"publish","type":"product","link":"https:\/\/nerdkobieta.pl\/en\/product\/iron-tales-blood-brothers-literacka-skladanka-w-holdzie-iron-maiden-oprawa-miekka\/","title":{"rendered":"Iron Tales: Blood brothers. Literacka sk\u0142adanka w ho\u0142dzie Iron Maiden (oprawa mi\u0119kka)"},"content":{"rendered":"<p>Zbi\u00f3r opowiada\u0144 inspirowanych utworami Iron Maiden.<\/p>\n<p>&#8212;<\/p>\n<p>Autorzy: <a class=\"link-name\" href=\"https:\/\/lubimyczytac.pl\/autor\/71437\/krzysztof-azarewicz\">Krzysztof Azarewicz<\/a>,\u00a0<a class=\"link-name\" href=\"https:\/\/lubimyczytac.pl\/autor\/209159\/leszek-blaszkiewicz\">Leszek B\u0142aszkiewicz, <\/a><a class=\"link-name\" href=\"https:\/\/lubimyczytac.pl\/autor\/98782\/adam-fron\">Adam Fro\u0144<\/a>,\u00a0<a class=\"link-name\" href=\"https:\/\/lubimyczytac.pl\/autor\/98781\/kacper-kotulak\">Kacper Kotulak<\/a>,\u00a0<a class=\"link-name\" href=\"https:\/\/lubimyczytac.pl\/autor\/30074\/kazimierz-kyrcz-jr\">Kazimierz Kyrcz jr<\/a>,\u00a0<a class=\"link-name\" href=\"https:\/\/lubimyczytac.pl\/autor\/43643\/kornel-mikolajczyk\">Kornel Miko\u0142ajczyk<\/a>,\u00a0<a class=\"link-name\" href=\"https:\/\/lubimyczytac.pl\/autor\/128335\/anna-musialowicz\">Anna Musia\u0142owicz<\/a>,\u00a0<a class=\"link-name\" href=\"https:\/\/lubimyczytac.pl\/autor\/30075\/lukasz-radecki\">\u0141ukasz Radecki<\/a>,\u00a0<a class=\"link-name\" href=\"https:\/\/lubimyczytac.pl\/autor\/138919\/dominika-tarczon\">Dominika Tarczo\u0144<\/a>,\u00a0<a class=\"link-name\" href=\"https:\/\/lubimyczytac.pl\/autor\/153110\/michal-j-walczak\">Micha\u0142 J. Walczak<\/a>,\u00a0<a class=\"link-name\" href=\"https:\/\/lubimyczytac.pl\/autor\/97601\/juliusz-wojciechowicz\">Juliusz Wojciechowicz<\/a>,\u00a0<a class=\"link-name\" href=\"https:\/\/lubimyczytac.pl\/autor\/129565\/flora-woznica\">Flora Wo\u017anica<\/a>,\u00a0<a class=\"link-name\" href=\"https:\/\/lubimyczytac.pl\/autor\/94210\/marek-zychla\">Marek Zychla<\/a><\/p>\n<p>&#8212;<\/p>\n<p>Zawiera opowiadanie Dominiki Tarczo\u0144 &#8211; &#8222;Truper&#8221; &#8211; b\u0119d\u0105ce wg autorki jednym z jej najlepszych tekst\u00f3w. &#8222;Truper&#8221; inspirowany by\u0142 piosenk\u0105 &#8222;The Trooper&#8221; z p\u0142yty Piece of Mind (1983) oraz histori\u0105 Puszczy Bolimowskiej, zw\u0142aszcza walkami na froncie I Wojny \u015awiatowej, kiedy to Polacy walczyli przeciwko sobie w armiach pruskiej i rosyjskiej.<\/p>","protected":false},"excerpt":{"rendered":"<p>Zbi\u00f3r opowiada\u0144 inspirowanych utworami Iron Maiden. &#8212; Autorzy: Krzysztof Azarewicz,\u00a0Leszek [&hellip;]<\/p>\n","protected":false},"featured_media":4255,"template":"","meta":{"_eb_attr":""},"product_brand":[],"product_cat":[1506],"product_tag":[],"class_list":{"0":"post-4254","1":"product","2":"type-product","3":"status-publish","4":"has-post-thumbnail","6":"product_cat-ksiazki","8":"first","9":"outofstock","10":"taxable","11":"shipping-taxable","12":"purchasable","13":"product-type-simple"},"_links":{"self":[{"href":"https:\/\/nerdkobieta.pl\/en\/wp-json\/wp\/v2\/product\/4254","targetHints":{"allow":["GET"]}}],"collection":[{"href":"https:\/\/nerdkobieta.pl\/en\/wp-json\/wp\/v2\/product"}],"about":[{"href":"https:\/\/nerdkobieta.pl\/en\/wp-json\/wp\/v2\/types\/product"}],"version-history":[{"count":1,"href":"https:\/\/nerdkobieta.pl\/en\/wp-json\/wp\/v2\/product\/4254\/revisions"}],"predecessor-version":[{"id":5347,"href":"https:\/\/nerdkobieta.pl\/en\/wp-json\/wp\/v2\/product\/4254\/revisions\/5347"}],"wp:featuredmedia":[{"embeddable":true,"href":"https:\/\/nerdkobieta.pl\/en\/wp-json\/wp\/v2\/media\/4255"}],"wp:attachment":[{"href":"https:\/\/nerdkobieta.pl\/en\/wp-json\/wp\/v2\/media?parent=4254"}],"wp:term":[{"taxonomy":"product_brand","embeddable":true,"href":"https:\/\/nerdkobieta.pl\/en\/wp-json\/wp\/v2\/product_brand?post=4254"},{"taxonomy":"product_cat","embeddable":true,"href":"https:\/\/nerdkobieta.pl\/en\/wp-json\/wp\/v2\/product_cat?post=4254"},{"taxonomy":"product_tag","embeddable":true,"href":"https:\/\/nerdkobieta.pl\/en\/wp-json\/wp\/v2\/product_tag?post=4254"}],"curies":[{"name":"wp","href":"https:\/\/api.w.org\/{rel}","templated":true}]}}