{"id":4087,"date":"2021-04-23T10:47:23","date_gmt":"2021-04-23T08:47:23","guid":{"rendered":"https:\/\/nerdkobieta.pl\/produkt\/hoodie-with-logo\/"},"modified":"2026-01-28T13:00:21","modified_gmt":"2026-01-28T12:00:21","slug":"pow","status":"publish","type":"product","link":"https:\/\/nerdkobieta.pl\/en\/product\/pow\/","title":{"rendered":"Pie\u015b\u0144 o Warszawie (oprawa mi\u0119kka)"},"content":{"rendered":"<p><span style=\"font-family: Tahoma, Arial, Helvetica, sans-serif;\">Oskar \u017cyje na granicy spo\u0142ecze\u0144stwa po tym, jak oskar\u017cono go o tajemnicze morderstwo. Warszawiacy ju\u017c wydali na niego wyrok, zw\u0142aszcza \u017ce zna\u0142 ofiar\u0119. Co naprawd\u0119 sta\u0142o si\u0119 tamtego tragicznego dnia?<\/span><\/p>\n<p><strong><span style=\"font-family: Tahoma, Arial, Helvetica, sans-serif;\">Ch\u0142opak otrzymuje zadanie, od kt\u00f3rego zale\u017cy jego los \u2013 bezlitosny wyrok lub ca\u0142kowita amnestia.<\/span><\/strong><\/p>\n<p><span style=\"font-family: Tahoma, Arial, Helvetica, sans-serif;\">Pie\u015b\u0144 o Warszawie to opowie\u015b\u0107 o poczuciu winy, nadziei i trudnych wyborach. Wszystko to na tle postapokaliptycznej Warszawy i umieraj\u0105cego \u015bwiata.<\/span><\/p>\n<p><strong><span style=\"font-family: Tahoma, Arial, Helvetica, sans-serif;\">Powie\u015b\u0107, kt\u00f3ra zachwyci nie tylko fan\u00f3w fantastyki!<\/span><\/strong><\/p>\n<p>&nbsp;<\/p>\n<hr \/>\n<p style=\"text-align: center;\"><img decoding=\"async\" class=\"alignnone wp-image-3576\" src=\"https:\/\/nerdkobieta.pl\/wp-content\/uploads\/2021\/03\/inkoholiczka-logo-300x300.png\" alt=\"\" width=\"150\" height=\"150\" srcset=\"https:\/\/nerdkobieta.pl\/wp-content\/uploads\/2021\/03\/inkoholiczka-logo-300x300.png 300w, https:\/\/nerdkobieta.pl\/wp-content\/uploads\/2021\/03\/inkoholiczka-logo-420x420.png 420w, https:\/\/nerdkobieta.pl\/wp-content\/uploads\/2021\/03\/inkoholiczka-logo-100x100.png 100w, https:\/\/nerdkobieta.pl\/wp-content\/uploads\/2021\/03\/inkoholiczka-logo-400x400.png 400w, https:\/\/nerdkobieta.pl\/wp-content\/uploads\/2021\/03\/inkoholiczka-logo.png 535w\" sizes=\"(max-width: 150px) 100vw, 150px\" \/><\/p>\n<p style=\"text-align: center;\"><span style=\"font-size: 14pt;\"><strong><span style=\"font-family: Tahoma, Arial, Helvetica, sans-serif;\">Inkoholiczka<\/span><\/strong><\/span><\/p>\n<p style=\"text-align: center;\"><em><span style=\"font-family: Tahoma, Arial, Helvetica, sans-serif;\">Nerd Kobieta dokona\u0142a niemo\u017cliwego, poniewa\u017c ja osobi\u015bcie Warszawy wprost nie cierpi\u0119 \u00a0\u2013 a po lekturze POW mam nieodpart\u0105 ochot\u0119 z ksi\u0105\u017ck\u0105 w r\u0119ku ruszy\u0107 \u015bladami bohater\u00f3w.<\/span><\/em><\/p>\n<p style=\"text-align: center;\"><a href=\"https:\/\/inkoholiczka.wordpress.com\/2019\/02\/09\/recenzja-patronacka-piesn-o-warszawie\/\"><span style=\"font-family: Tahoma, Arial, Helvetica, sans-serif;\">tutaj przeczytasz ca\u0142\u0105 recenzj\u0119<\/span><\/a><\/p>\n<p>&nbsp;<\/p>\n<p style=\"text-align: center;\"><img decoding=\"async\" class=\"alignnone wp-image-3577 size-thumbnail\" src=\"https:\/\/nerdkobieta.pl\/wp-content\/uploads\/2021\/03\/saladyn-150x150.png\" alt=\"\" width=\"150\" height=\"150\" \/><\/p>\n<p style=\"text-align: center;\"><span style=\"font-size: 14pt;\"><strong><span style=\"font-family: Tahoma, Arial, Helvetica, sans-serif;\">Saladyn<\/span><\/strong><\/span><\/p>\n<p style=\"text-align: center;\"><em><span style=\"font-family: Tahoma, Arial, Helvetica, sans-serif;\">Do\u015b\u0107 spory ci\u0119\u017car spada na ramiona Oskara, ale to przecie\u017c postapokalipsa, a nie rurki z kremem.<\/span><\/em><\/p>\n<p>&nbsp;<\/p>\n<p style=\"text-align: center;\"><img decoding=\"async\" class=\"alignnone wp-image-3578 size-thumbnail\" src=\"https:\/\/nerdkobieta.pl\/wp-content\/uploads\/2021\/03\/danuta-awolusi-150x150.png\" alt=\"\" width=\"150\" height=\"150\" \/><\/p>\n<p style=\"text-align: center;\"><span style=\"font-size: 14pt;\"><strong><span style=\"font-family: Tahoma, Arial, Helvetica, sans-serif;\">Ksi\u0105\u017cki Zb\u00f3jeckie<\/span><\/strong><\/span><\/p>\n<p style=\"text-align: center;\"><em><span style=\"font-family: Tahoma, Arial, Helvetica, sans-serif;\">Wow, wow! Ksi\u0105\u017cka po kt\u00f3rej nie spodziewa\u0142am si\u0119, \u017ce a\u017c tak wyrwie mnie z but\u00f3w.<\/span><\/em><\/p>\n<p style=\"text-align: center;\"><a href=\"https:\/\/www.youtube.com\/watch?v=MT8WMF-vncY&amp;t=1s\"><span style=\"font-family: Tahoma, Arial, Helvetica, sans-serif;\">tutaj zobaczysz ca\u0142\u0105 recenzj\u0119<\/span><\/a><\/p>\n<p><strong><span style=\"font-family: Tahoma, Arial, Helvetica, sans-serif;\">Szczeg\u00f3\u0142y:<\/span><\/strong><\/p>\n<p><span style=\"font-family: Tahoma, Arial, Helvetica, sans-serif;\">Tytu\u0142: Pie\u015b\u0144 o Warszawie<\/span><\/p>\n<p><span style=\"font-family: Tahoma, Arial, Helvetica, sans-serif;\">Autor: Dominika Tarczo\u0144<\/span><\/p>\n<p><span style=\"font-family: Tahoma, Arial, Helvetica, sans-serif;\">Wydawnictwo: Skarpa Warszawska<\/span><\/p>\n<p><span style=\"font-family: Tahoma, Arial, Helvetica, sans-serif;\">J\u0119zyk wydania: polski<\/span><\/p>\n<p><span style=\"font-family: Tahoma, Arial, Helvetica, sans-serif;\">J\u0119zyk orygina\u0142u: polski<\/span><\/p>\n<p><span style=\"font-family: Tahoma, Arial, Helvetica, sans-serif;\">Liczba stron: 304<\/span><\/p>\n<p><span style=\"font-family: Tahoma, Arial, Helvetica, sans-serif;\">Numer wydania: I<\/span><\/p>\n<p><span style=\"font-family: Tahoma, Arial, Helvetica, sans-serif;\">Data premiery: 2019-02-20<\/span><\/p>\n<p><span style=\"font-family: Tahoma, Arial, Helvetica, sans-serif;\">ISBN: 9788366195011<\/span><\/p>","protected":false},"excerpt":{"rendered":"<p>Pie\u015b\u0144 o Warszawie &#8211; poznaj stolic\u0119 po katastrofie klimatycznej.<\/p>","protected":false},"featured_media":4983,"template":"","meta":{"_eb_attr":""},"product_brand":[],"product_cat":[1506],"product_tag":[1507,1511,1512,1509,1508,1510],"class_list":{"0":"post-4087","1":"product","2":"type-product","3":"status-publish","4":"has-post-thumbnail","6":"product_cat-ksiazki","7":"product_tag-pow","8":"product_tag-ksiazka-papierowa","9":"product_tag-papier","10":"product_tag-postapo","11":"product_tag-postapokalipsa","12":"product_tag-science-fiction","14":"first","15":"instock","16":"purchasable","17":"product-type-simple"},"_links":{"self":[{"href":"https:\/\/nerdkobieta.pl\/en\/wp-json\/wp\/v2\/product\/4087","targetHints":{"allow":["GET"]}}],"collection":[{"href":"https:\/\/nerdkobieta.pl\/en\/wp-json\/wp\/v2\/product"}],"about":[{"href":"https:\/\/nerdkobieta.pl\/en\/wp-json\/wp\/v2\/types\/product"}],"version-history":[{"count":1,"href":"https:\/\/nerdkobieta.pl\/en\/wp-json\/wp\/v2\/product\/4087\/revisions"}],"predecessor-version":[{"id":4554,"href":"https:\/\/nerdkobieta.pl\/en\/wp-json\/wp\/v2\/product\/4087\/revisions\/4554"}],"wp:featuredmedia":[{"embeddable":true,"href":"https:\/\/nerdkobieta.pl\/en\/wp-json\/wp\/v2\/media\/4983"}],"wp:attachment":[{"href":"https:\/\/nerdkobieta.pl\/en\/wp-json\/wp\/v2\/media?parent=4087"}],"wp:term":[{"taxonomy":"product_brand","embeddable":true,"href":"https:\/\/nerdkobieta.pl\/en\/wp-json\/wp\/v2\/product_brand?post=4087"},{"taxonomy":"product_cat","embeddable":true,"href":"https:\/\/nerdkobieta.pl\/en\/wp-json\/wp\/v2\/product_cat?post=4087"},{"taxonomy":"product_tag","embeddable":true,"href":"https:\/\/nerdkobieta.pl\/en\/wp-json\/wp\/v2\/product_tag?post=4087"}],"curies":[{"name":"wp","href":"https:\/\/api.w.org\/{rel}","templated":true}]}}