{"id":5451,"date":"2026-04-29T19:45:33","date_gmt":"2026-04-29T17:45:33","guid":{"rendered":"https:\/\/nerdkobieta.pl\/?page_id=5451"},"modified":"2026-04-29T21:12:35","modified_gmt":"2026-04-29T19:12:35","slug":"gdzie-nie-wysylac-debiutu","status":"publish","type":"page","link":"https:\/\/nerdkobieta.pl\/en\/gdzie-nie-wysylac-debiutu\/","title":{"rendered":"Gdzie nie wysy\u0142a\u0107 debiutu"},"content":{"rendered":"\t\t<div data-elementor-type=\"wp-page\" data-elementor-id=\"5451\" class=\"elementor elementor-5451\">\n\t\t\t\t<div class=\"elementor-element elementor-element-78f58b8 e-flex e-con-boxed e-con e-parent\" data-id=\"78f58b8\" data-element_type=\"container\" data-e-type=\"container\">\n\t\t\t\t\t<div class=\"e-con-inner\">\n\t\t\t\t<div class=\"elementor-element elementor-element-55bb056 elementor-widget elementor-widget-heading\" data-id=\"55bb056\" data-element_type=\"widget\" data-e-type=\"widget\" data-widget_type=\"heading.default\">\n\t\t\t\t<div class=\"elementor-widget-container\">\n\t\t\t\t\t<h2 class=\"elementor-heading-title elementor-size-default\"><h2 style=\"color:#f15a29\">\nGdzie nie wysy\u0142a\u0107 debiutu?<br>\nChecklista dla pocz\u0105tkuj\u0105cych autor\u00f3w\n<\/h2><\/h2>\t\t\t\t<\/div>\n\t\t\t\t<\/div>\n\t\t\t\t\t<\/div>\n\t\t\t\t<\/div>\n\t\t<div class=\"elementor-element elementor-element-b380fdb e-flex e-con-boxed e-con e-parent\" data-id=\"b380fdb\" data-element_type=\"container\" data-e-type=\"container\">\n\t\t\t\t\t<div class=\"e-con-inner\">\n\t\t\t\t<div class=\"elementor-element elementor-element-2d3d864 elementor-widget elementor-widget-heading\" data-id=\"2d3d864\" data-element_type=\"widget\" data-e-type=\"widget\" data-widget_type=\"heading.default\">\n\t\t\t\t<div class=\"elementor-widget-container\">\n\t\t\t\t\t<h4 class=\"elementor-heading-title elementor-size-default\">Zanim wy\u015blesz sw\u00f3j r\u0119kopis do wydawnictwa sprawd\u017a, czy nie tracisz czasu na miejsca, kt\u00f3re i tak Ci\u0119 odrzuc\u0105.<\/h4>\t\t\t\t<\/div>\n\t\t\t\t<\/div>\n\t\t\t\t\t<\/div>\n\t\t\t\t<\/div>\n\t\t<div class=\"elementor-element elementor-element-41e2b303 e-flex e-con-boxed e-con e-parent\" data-id=\"41e2b303\" data-element_type=\"container\" data-e-type=\"container\">\n\t\t\t\t\t<div class=\"e-con-inner\">\n\t\t\t\t<div class=\"elementor-element elementor-element-33c91677 elementor-widget elementor-widget-text-editor\" data-id=\"33c91677\" data-element_type=\"widget\" data-e-type=\"widget\" data-widget_type=\"text-editor.default\">\n\t\t\t\t<div class=\"elementor-widget-container\">\n\t\t\t\t\t\t\t\t\t<p class=\"wp-block-heading\">Wi\u0119kszo\u015b\u0107 debiutuj\u0105cych autor\u00f3w robi ten sam b\u0142\u0105d &#8211; wysy\u0142a teksty do wszystkich wydawnictw, kt\u00f3re zna, licz\u0105c, \u017ce kt\u00f3re\u015b si\u0119 odezwie. Czy Ty te\u017c pope\u0142ni\u0142a\u015b\/e\u015b ten b\u0142\u0105d?<\/p>\n<p><!-- \/wp:paragraph --><!-- wp:paragraph --><\/p>\n<h4><strong>W praktyce:<\/strong><\/h4>\n<p><!-- \/wp:paragraph --><!-- wp:list --><\/p>\n<ul class=\"wp-block-list\">\n<li style=\"list-style-type: none;\">\n<ul class=\"wp-block-list\"><!-- wp:list-item --><\/ul>\n<\/li>\n<\/ul>\n<ul>\n<li style=\"list-style-type: none;\">\n<ul class=\"wp-block-list\">\n<li>Ksi\u0105\u017cka<strong> nie trafia<\/strong> do wydawnictwa, w kt\u00f3rym nie tylko ma szans\u0119 na publikacj\u0119, ale i realne zaistnienie.<\/li>\n<li><strong>Tracisz<\/strong> miesi\u0105ce, a czasem nawet lata czekaj\u0105c na odpowied\u017a.<\/li>\n<li>Twoja <strong>motywacja do pisania spada<\/strong>, bo \u201enikt nie odpowiada\u201d.<\/li>\n<\/ul>\n<\/li>\n<\/ul>\n<p>Nie chodzi o to, \u017ce Tw\u00f3j tekst jest z\u0142y. Po prostu zosta\u0142 odrzucony z automatu, bo nie pasuje do wydawcy.<\/p>\n<p>Tak, przygotowanie propozycji wydawniczej ma tutaj du\u017ce znaczenie &#8211; odpowiednie formatowanie, do\u0142\u0105czenie za\u0142\u0105cznik\u00f3w wg standard\u00f3w wydawcy, trzymanie si\u0119 wytycznych i &#8211; przede wszystkim &#8211; jako\u015b\u0107 tekstu.<\/p>\n<p>Ale redaktor wydawniczy nawet nie otworzy Twojej ksi\u0105\u017cki, je\u015bli wysy\u0142asz j\u0105 &#8222;na \u015blepo&#8221;. Czy widzia\u0142e\u015b kiedy\u015b krymina\u0142 wydany przez wydawc\u0119 reporta\u017cu? Albo wydawnictwo ksi\u0105\u017cek dla dzieci og\u0142aszaj\u0105ce premier\u0119 wyj\u0105tkowo krwawego slashera?<\/p>\n<p>No w\u0142a\u015bnie!<\/p>\n<p><!-- \/wp:paragraph --><!-- wp:paragraph --><\/p>\n<p><!-- \/wp:list-item --><!-- wp:list-item --><\/p>\n<p><!-- \/wp:list-item --><!-- wp:list-item --><\/p>\n<p><!-- \/wp:list-item --><!-- wp:list-item --><\/p>\n<p><!-- \/wp:list-item --><\/p>\n<p><!-- \/wp:list --><!-- wp:paragraph --><\/p>\n<p><!-- \/wp:list-item --><!-- wp:list-item --><\/p>\n<p><!-- \/wp:list-item --><!-- wp:list-item --><\/p>\n<p><!-- \/wp:list-item --><\/p>\n<p><!-- \/wp:list --><!-- wp:paragraph --><\/p>\n<p><!-- \/wp:paragraph --><\/p>\t\t\t\t\t\t\t\t<\/div>\n\t\t\t\t<\/div>\n\t\t\t\t\t<\/div>\n\t\t\t\t<\/div>\n\t\t<div class=\"elementor-element elementor-element-4fa0754 e-flex e-con-boxed e-con e-parent\" data-id=\"4fa0754\" data-element_type=\"container\" data-e-type=\"container\">\n\t\t\t\t\t<div class=\"e-con-inner\">\n\t\t\t\t<div class=\"elementor-element elementor-element-661f614 elementor-widget-divider--separator-type-pattern elementor-widget-divider--view-line elementor-widget elementor-widget-divider\" data-id=\"661f614\" data-element_type=\"widget\" data-e-type=\"widget\" data-widget_type=\"divider.default\">\n\t\t\t\t<div class=\"elementor-widget-container\">\n\t\t\t\t\t\t\t<div class=\"elementor-divider\" style=\"--divider-pattern-url: url(&quot;data:image\/svg+xml,%3Csvg xmlns=&#039;http:\/\/www.w3.org\/2000\/svg&#039; preserveAspectRatio=&#039;none&#039; overflow=&#039;visible&#039; height=&#039;100%&#039; viewBox=&#039;0 0 24 24&#039; fill=&#039;none&#039; stroke=&#039;black&#039; stroke-width=&#039;1&#039; stroke-linecap=&#039;square&#039; stroke-miterlimit=&#039;10&#039;%3E%3Cpath d=&#039;M0,6c6,0,0.9,11.1,6.9,11.1S18,6,24,6&#039;\/%3E%3C\/svg%3E&quot;);\">\n\t\t\t<span class=\"elementor-divider-separator\">\n\t\t\t\t\t\t<\/span>\n\t\t<\/div>\n\t\t\t\t\t\t<\/div>\n\t\t\t\t<\/div>\n\t\t\t\t\t<\/div>\n\t\t\t\t<\/div>\n\t\t<div class=\"elementor-element elementor-element-3d7225f e-flex e-con-boxed e-con e-parent\" data-id=\"3d7225f\" data-element_type=\"container\" data-e-type=\"container\">\n\t\t\t\t\t<div class=\"e-con-inner\">\n\t\t\t\t<div class=\"elementor-element elementor-element-9a5df91 elementor-widget elementor-widget-text-editor\" data-id=\"9a5df91\" data-element_type=\"widget\" data-e-type=\"widget\" data-widget_type=\"text-editor.default\">\n\t\t\t\t<div class=\"elementor-widget-container\">\n\t\t\t\t\t\t\t\t\t<h4 style=\"text-align: center;\">W tej kr\u00f3tkiej, darmowej checkli\u015bcie znajdziesz:<\/h4>\n<ul>\n<li style=\"list-style-type: none;\">\n<ul>\n<li>typowe b\u0142\u0119dy przy wysy\u0142ce debiutu;<\/li>\n<li>sygna\u0142y, \u017ce wydawnictwo NIE jest dla Twojej ksi\u0105\u017cki;<\/li>\n<li>proste kryteria, kt\u00f3re pozwalaj\u0105 od razu odrzuci\u0107 niepasuj\u0105cych wydawc\u00f3w;<\/li>\n<li>kart\u0119 pomocy do oceny, czy wydawca spe\u0142nia warunki wykluczaj\u0105ce go z listy wysy\u0142ki;<\/li>\n<li>oszcz\u0119dno\u015b\u0107 czasu i nerw\u00f3w.<\/li>\n<\/ul>\n<\/li>\n<\/ul>\t\t\t\t\t\t\t\t<\/div>\n\t\t\t\t<\/div>\n\t\t\t\t\t<\/div>\n\t\t\t\t<\/div>\n\t\t<div class=\"elementor-element elementor-element-56c5016 e-flex e-con-boxed e-con e-parent\" data-id=\"56c5016\" data-element_type=\"container\" data-e-type=\"container\">\n\t\t\t\t\t<div class=\"e-con-inner\">\n\t\t\t\t<div class=\"elementor-element elementor-element-7f6bbfa elementor-widget-divider--separator-type-pattern elementor-widget-divider--view-line elementor-widget elementor-widget-divider\" data-id=\"7f6bbfa\" data-element_type=\"widget\" data-e-type=\"widget\" data-widget_type=\"divider.default\">\n\t\t\t\t<div class=\"elementor-widget-container\">\n\t\t\t\t\t\t\t<div class=\"elementor-divider\" style=\"--divider-pattern-url: url(&quot;data:image\/svg+xml,%3Csvg xmlns=&#039;http:\/\/www.w3.org\/2000\/svg&#039; preserveAspectRatio=&#039;none&#039; overflow=&#039;visible&#039; height=&#039;100%&#039; viewBox=&#039;0 0 24 24&#039; fill=&#039;none&#039; stroke=&#039;black&#039; stroke-width=&#039;1&#039; stroke-linecap=&#039;square&#039; stroke-miterlimit=&#039;10&#039;%3E%3Cpath d=&#039;M0,6c6,0,0.9,11.1,6.9,11.1S18,6,24,6&#039;\/%3E%3C\/svg%3E&quot;);\">\n\t\t\t<span class=\"elementor-divider-separator\">\n\t\t\t\t\t\t<\/span>\n\t\t<\/div>\n\t\t\t\t\t\t<\/div>\n\t\t\t\t<\/div>\n\t\t\t\t\t<\/div>\n\t\t\t\t<\/div>\n\t\t<div class=\"elementor-element elementor-element-8d98c4b e-flex e-con-boxed e-con e-parent\" data-id=\"8d98c4b\" data-element_type=\"container\" data-e-type=\"container\">\n\t\t\t\t\t<div class=\"e-con-inner\">\n\t\t\t\t<div class=\"elementor-element elementor-element-7902d63 elementor-widget elementor-widget-text-editor\" data-id=\"7902d63\" data-element_type=\"widget\" data-e-type=\"widget\" data-widget_type=\"text-editor.default\">\n\t\t\t\t<div class=\"elementor-widget-container\">\n\t\t\t\t\t\t\t\t\t<h4 style=\"text-align:center;\">Jak to dzia\u0142a<\/h4>\n<ol class=\"wp-block-list\">\n  <li>Wype\u0142nij formularz.<\/li>\n  <li>Sprawd\u017a skrzynk\u0119 &#8211; <strong>plik pdf do pobrania zostanie wys\u0142any na podany przez Ciebie adres e-mail<\/strong>.<\/li>\n  <li>Korzystaj!<\/li>\n<\/ol>\t\t\t\t\t\t\t\t<\/div>\n\t\t\t\t<\/div>\n\t\t\t\t\t<\/div>\n\t\t\t\t<\/div>\n\t\t<div class=\"elementor-element elementor-element-fa917bc e-flex e-con-boxed e-con e-parent\" data-id=\"fa917bc\" data-element_type=\"container\" data-e-type=\"container\">\n\t\t\t\t\t<div class=\"e-con-inner\">\n\t\t\t\t<div class=\"elementor-element elementor-element-6e9b148 elementor-widget-divider--separator-type-pattern elementor-widget-divider--view-line elementor-widget elementor-widget-divider\" data-id=\"6e9b148\" data-element_type=\"widget\" data-e-type=\"widget\" data-widget_type=\"divider.default\">\n\t\t\t\t<div class=\"elementor-widget-container\">\n\t\t\t\t\t\t\t<div class=\"elementor-divider\" style=\"--divider-pattern-url: url(&quot;data:image\/svg+xml,%3Csvg xmlns=&#039;http:\/\/www.w3.org\/2000\/svg&#039; preserveAspectRatio=&#039;none&#039; overflow=&#039;visible&#039; height=&#039;100%&#039; viewBox=&#039;0 0 24 24&#039; fill=&#039;none&#039; stroke=&#039;black&#039; stroke-width=&#039;1&#039; stroke-linecap=&#039;square&#039; stroke-miterlimit=&#039;10&#039;%3E%3Cpath d=&#039;M0,6c6,0,0.9,11.1,6.9,11.1S18,6,24,6&#039;\/%3E%3C\/svg%3E&quot;);\">\n\t\t\t<span class=\"elementor-divider-separator\">\n\t\t\t\t\t\t<\/span>\n\t\t<\/div>\n\t\t\t\t\t\t<\/div>\n\t\t\t\t<\/div>\n\t\t\t\t\t<\/div>\n\t\t\t\t<\/div>\n\t\t<div class=\"elementor-element elementor-element-23a36ce e-flex e-con-boxed e-con e-parent\" data-id=\"23a36ce\" data-element_type=\"container\" data-e-type=\"container\">\n\t\t\t\t\t<div class=\"e-con-inner\">\n\t\t\t\t<div class=\"elementor-element elementor-element-cfc8d3c elementor-widget elementor-widget-text-editor\" data-id=\"cfc8d3c\" data-element_type=\"widget\" data-e-type=\"widget\" data-widget_type=\"text-editor.default\">\n\t\t\t\t<div class=\"elementor-widget-container\">\n\t\t\t\t\t\t\t\t\t<p>  \n  \n  <div class=\"\n    mailpoet_form_popup_overlay\n      \"><\/div>\n  <div\n    id=\"mailpoet_form_1\"\n    class=\"\n      mailpoet_form\n      mailpoet_form_shortcode\n      mailpoet_form_position_\n      mailpoet_form_animation_\n    \"\n      >\n\n    <style type=\"text\/css\">\n     #mailpoet_form_1 .mailpoet_form {  }\n#mailpoet_form_1 .mailpoet_column_with_background { padding: 10px; }\n#mailpoet_form_1 .mailpoet_form_column:not(:first-child) { margin-left: 20px; }\n#mailpoet_form_1 .mailpoet_paragraph { line-height: 20px; margin-bottom: 20px; }\n#mailpoet_form_1 .mailpoet_segment_label, #mailpoet_form_1 .mailpoet_text_label, #mailpoet_form_1 .mailpoet_textarea_label, #mailpoet_form_1 .mailpoet_select_label, #mailpoet_form_1 .mailpoet_radio_label, #mailpoet_form_1 .mailpoet_checkbox_label, #mailpoet_form_1 .mailpoet_list_label, #mailpoet_form_1 .mailpoet_date_label { display: block; font-weight: normal; }\n#mailpoet_form_1 .mailpoet_text, #mailpoet_form_1 .mailpoet_textarea, #mailpoet_form_1 .mailpoet_select, #mailpoet_form_1 .mailpoet_date_month, #mailpoet_form_1 .mailpoet_date_day, #mailpoet_form_1 .mailpoet_date_year, #mailpoet_form_1 .mailpoet_date { display: block; }\n#mailpoet_form_1 .mailpoet_text, #mailpoet_form_1 .mailpoet_textarea { width: 200px; }\n#mailpoet_form_1 .mailpoet_checkbox {  }\n#mailpoet_form_1 .mailpoet_submit {  }\n#mailpoet_form_1 .mailpoet_divider {  }\n#mailpoet_form_1 .mailpoet_message {  }\n#mailpoet_form_1 .mailpoet_form_loading { width: 30px; text-align: center; line-height: normal; }\n#mailpoet_form_1 .mailpoet_form_loading > span { width: 5px; height: 5px; background-color: #5b5b5b; }#mailpoet_form_1{border-radius: 0px;text-align: left;}#mailpoet_form_1 form.mailpoet_form {padding: 20px;}#mailpoet_form_1{width: 100%;}#mailpoet_form_1 .mailpoet_message {margin: 0; padding: 0 20px;}#mailpoet_form_1 .mailpoet_paragraph.last {margin-bottom: 0} @media (max-width: 500px) {#mailpoet_form_1 {background-image: none;}} @media (min-width: 500px) {#mailpoet_form_1 .last .mailpoet_paragraph:last-child {margin-bottom: 0}}  @media (max-width: 500px) {#mailpoet_form_1 .mailpoet_form_column:last-child .mailpoet_paragraph:last-child {margin-bottom: 0}} \n    <\/style>\n\n    <form\n      target=\"_self\"\n      method=\"post\"\n      action=\"https:\/\/nerdkobieta.pl\/wp-admin\/admin-post.php?action=mailpoet_subscription_form\"\n      class=\"mailpoet_form mailpoet_form_form mailpoet_form_shortcode\"\n      novalidate\n      data-delay=\"\"\n      data-exit-intent-enabled=\"\"\n      data-trigger-mode=\"\"\n      data-click-trigger-selector=\"\"\n      data-font-family=\"\"\n      data-cookie-expiration-time=\"\"\n    >\n      <input type=\"hidden\" name=\"data[form_id]\" value=\"1\" \/>\n      <input type=\"hidden\" name=\"token\" value=\"9f15b91300\" \/>\n      <input type=\"hidden\" name=\"api_version\" value=\"v1\" \/>\n      <input type=\"hidden\" name=\"endpoint\" value=\"subscribers\" \/>\n      <input type=\"hidden\" name=\"mailpoet_method\" value=\"subscribe\" \/>\n\n      <label class=\"mailpoet_hp_email_label\" style=\"display: none !important;\">Please leave this field empty<input type=\"email\" name=\"data[email]\"\/><\/label><div class=\"mailpoet_paragraph \"><input type=\"text\" autocomplete=\"given-name\" class=\"mailpoet_text\" id=\"form_first_name_1\" name=\"data[form_field_ZTA4MThmMzI1YjlkX2ZpcnN0X25hbWU=]\" title=\"Imi\u0119\" value=\"\" style=\"width:100%;box-sizing:border-box;padding:5px;margin: 0 auto 0 0;\" data-automation-id=\"form_first_name\"  placeholder=\"Imi\u0119\" aria-label=\"Imi\u0119\" data-parsley-errors-container=\".mailpoet_error_1v8jg\" data-parsley-names='[&quot;Please specify a valid name.&quot;,&quot;Addresses in names are not permitted, please add your name instead.&quot;]'\/><span class=\"mailpoet_error_1v8jg\"><\/span><\/div>\n<div class=\"mailpoet_paragraph \"><input type=\"email\" autocomplete=\"email\" class=\"mailpoet_text\" id=\"form_email_1\" name=\"data[form_field_MDkzZmRmMDM4NzhhX2VtYWls]\" title=\"Adres email\" value=\"\" style=\"width:100%;box-sizing:border-box;padding:5px;margin: 0 auto 0 0;\" data-automation-id=\"form_email\"  placeholder=\"Adres email *\" aria-label=\"Adres email *\" data-parsley-errors-container=\".mailpoet_error_i4svj\" data-parsley-required=\"true\" required aria-required=\"true\" data-parsley-minlength=\"6\" data-parsley-maxlength=\"150\" data-parsley-type-message=\"This value should be a valid email.\" data-parsley-required-message=\"This field is required.\"\/><span class=\"mailpoet_error_i4svj\"><\/span><\/div>\n<p class=\"mailpoet_form_paragraph \" style=\"text-align: left\">Zapisuj\u0105c si\u0119, zgadzasz si\u0119 na otrzymywanie maili z materia\u0142ami i ofertami dla autor\u00f3w. W ka\u017cdej chwili mo\u017cesz si\u0119 wypisa\u0107. Sprawd\u017a <a href=\"https:\/\/nerdkobieta.pl\/polityka-prywatnosci\/\">Polityk\u0119 Prywatno\u015bci.<\/a><\/p>\n<div class=\"mailpoet_paragraph \"><input type=\"submit\" class=\"mailpoet_submit\" value=\"Wy\u015blij mi checklist\u0119\" data-automation-id=\"subscribe-submit-button\" style=\"width:100%;box-sizing:border-box;padding:5px;margin: 0 auto 0 0;border-color:transparent;\" \/><span class=\"mailpoet_form_loading\"><span class=\"mailpoet_bounce1\"><\/span><span class=\"mailpoet_bounce2\"><\/span><span class=\"mailpoet_bounce3\"><\/span><\/span><\/div>\n\n      <div class=\"mailpoet_message\">\n        <p class=\"mailpoet_validate_success\"\n                style=\"display:none;\"\n                >Sprawd\u017a swoj\u0105 skrzynk\u0119 odbiorcz\u0105 albo katalog spam, aby pobra\u0107 checklist\u0119.\n        <\/p>\n        <p class=\"mailpoet_validate_error\"\n                style=\"display:none;\"\n                >        <\/p>\n      <\/div>\n    <\/form>\n\n      <\/div>\n\n  <\/p>\t\t\t\t\t\t\t\t<\/div>\n\t\t\t\t<\/div>\n\t\t\t\t\t<\/div>\n\t\t\t\t<\/div>\n\t\t\t\t<\/div>\n\t\t","protected":false},"excerpt":{"rendered":"<p>Gdzie nie wysy\u0142a\u0107 debiutu? Checklista dla pocz\u0105tkuj\u0105cych autor\u00f3w Zanim wy\u015blesz [&hellip;]<\/p>\n","protected":false},"author":1,"featured_media":0,"parent":0,"menu_order":0,"comment_status":"closed","ping_status":"closed","template":"","meta":{"_eb_attr":"","two_page_speed":[],"footnotes":""},"class_list":["post-5451","page","type-page","status-publish","hentry"],"_links":{"self":[{"href":"https:\/\/nerdkobieta.pl\/en\/wp-json\/wp\/v2\/pages\/5451","targetHints":{"allow":["GET"]}}],"collection":[{"href":"https:\/\/nerdkobieta.pl\/en\/wp-json\/wp\/v2\/pages"}],"about":[{"href":"https:\/\/nerdkobieta.pl\/en\/wp-json\/wp\/v2\/types\/page"}],"author":[{"embeddable":true,"href":"https:\/\/nerdkobieta.pl\/en\/wp-json\/wp\/v2\/users\/1"}],"replies":[{"embeddable":true,"href":"https:\/\/nerdkobieta.pl\/en\/wp-json\/wp\/v2\/comments?post=5451"}],"version-history":[{"count":35,"href":"https:\/\/nerdkobieta.pl\/en\/wp-json\/wp\/v2\/pages\/5451\/revisions"}],"predecessor-version":[{"id":5490,"href":"https:\/\/nerdkobieta.pl\/en\/wp-json\/wp\/v2\/pages\/5451\/revisions\/5490"}],"wp:attachment":[{"href":"https:\/\/nerdkobieta.pl\/en\/wp-json\/wp\/v2\/media?parent=5451"}],"curies":[{"name":"wp","href":"https:\/\/api.w.org\/{rel}","templated":true}]}}