{"id":3566,"date":"2021-03-22T16:32:02","date_gmt":"2021-03-22T15:32:02","guid":{"rendered":"https:\/\/nerdkobieta.pl\/?page_id=3566"},"modified":"2023-10-03T18:03:04","modified_gmt":"2023-10-03T16:03:04","slug":"zawod-pisarz","status":"publish","type":"page","link":"https:\/\/nerdkobieta.pl\/en\/ksiazki\/zawod-pisarz\/","title":{"rendered":"Zaw\u00f3d: Pisarz"},"content":{"rendered":"<div data-elementor-type=\"wp-page\" data-elementor-id=\"3566\" class=\"elementor elementor-3566\">\n\t\t\t\t\t\t<section class=\"elementor-section elementor-top-section elementor-element elementor-element-9b3e558 elementor-section-boxed elementor-section-height-default elementor-section-height-default\" data-id=\"9b3e558\" data-element_type=\"section\" data-e-type=\"section\">\n\t\t\t\t\t\t<div class=\"elementor-container elementor-column-gap-default\">\n\t\t\t\t\t<div class=\"elementor-column elementor-col-100 elementor-top-column elementor-element elementor-element-d4188f3\" data-id=\"d4188f3\" data-element_type=\"column\" data-e-type=\"column\">\n\t\t\t<div class=\"elementor-widget-wrap elementor-element-populated\">\n\t\t\t\t\t\t<div class=\"elementor-element elementor-element-6000985 elementor-widget elementor-widget-heading\" data-id=\"6000985\" data-element_type=\"widget\" data-e-type=\"widget\" data-widget_type=\"heading.default\">\n\t\t\t\t<div class=\"elementor-widget-container\">\n\t\t\t\t\t<h2 class=\"elementor-heading-title elementor-size-default\">Zaw\u00f3d: Pisarz<\/h2>\t\t\t\t<\/div>\n\t\t\t\t<\/div>\n\t\t\t\t\t<\/div>\n\t\t<\/div>\n\t\t\t\t\t<\/div>\n\t\t<\/section>\n\t\t\t\t<section class=\"elementor-section elementor-top-section elementor-element elementor-element-2be6093 elementor-section-boxed elementor-section-height-default elementor-section-height-default\" data-id=\"2be6093\" data-element_type=\"section\" data-e-type=\"section\">\n\t\t\t\t\t\t<div class=\"elementor-container elementor-column-gap-default\">\n\t\t\t\t\t<div class=\"elementor-column elementor-col-100 elementor-top-column elementor-element elementor-element-15e832b\" data-id=\"15e832b\" data-element_type=\"column\" data-e-type=\"column\">\n\t\t\t<div class=\"elementor-widget-wrap elementor-element-populated\">\n\t\t\t\t\t\t<div class=\"elementor-element elementor-element-50da40d elementor-widget elementor-widget-text-editor\" data-id=\"50da40d\" data-element_type=\"widget\" data-e-type=\"widget\" data-widget_type=\"text-editor.default\">\n\t\t\t\t<div class=\"elementor-widget-container\">\n\t\t\t\t\t\t\t\t\t<p style=\"text-align: justify;\"><span style=\"font-family: Tahoma, Arial, Helvetica, sans-serif;\">Na rynku znajdziesz mn\u00f3stwo poradnik\u00f3w dla pisarzy. Wi\u0119kszo\u015b\u0107 z nich zawiera bana\u0142y, takie jak \u201esko\u0144cz rozdzia\u0142 cliffhangerem\u201d, \u201eumie\u015b\u0107 w ksi\u0105\u017cce strzelb\u0119 Czechowa\u201d albo \u201eprowad\u017a swojego Fejsbuka\u201d.<\/span><\/p>\t\t\t\t\t\t\t\t<\/div>\n\t\t\t\t<\/div>\n\t\t\t\t<div class=\"elementor-element elementor-element-dd892f5 elementor-widget-divider--view-line elementor-widget elementor-widget-divider\" data-id=\"dd892f5\" data-element_type=\"widget\" data-e-type=\"widget\" data-widget_type=\"divider.default\">\n\t\t\t\t<div class=\"elementor-widget-container\">\n\t\t\t\t\t\t\t<div class=\"elementor-divider\">\n\t\t\t<span class=\"elementor-divider-separator\">\n\t\t\t\t\t\t<\/span>\n\t\t<\/div>\n\t\t\t\t\t\t<\/div>\n\t\t\t\t<\/div>\n\t\t\t\t\t<\/div>\n\t\t<\/div>\n\t\t\t\t\t<\/div>\n\t\t<\/section>\n\t\t\t\t<section class=\"elementor-section elementor-top-section elementor-element elementor-element-97cec1a elementor-section-boxed elementor-section-height-default elementor-section-height-default\" data-id=\"97cec1a\" data-element_type=\"section\" data-e-type=\"section\">\n\t\t\t\t\t\t<div class=\"elementor-container elementor-column-gap-default\">\n\t\t\t\t\t<div class=\"elementor-column elementor-col-100 elementor-top-column elementor-element elementor-element-c67d7a0\" data-id=\"c67d7a0\" data-element_type=\"column\" data-e-type=\"column\">\n\t\t\t<div class=\"elementor-widget-wrap elementor-element-populated\">\n\t\t\t\t\t\t<section class=\"elementor-section elementor-inner-section elementor-element elementor-element-9aad145 elementor-section-boxed elementor-section-height-default elementor-section-height-default\" data-id=\"9aad145\" data-element_type=\"section\" data-e-type=\"section\">\n\t\t\t\t\t\t<div class=\"elementor-container elementor-column-gap-default\">\n\t\t\t\t\t<div class=\"elementor-column elementor-col-50 elementor-inner-column elementor-element elementor-element-10dd6bf\" data-id=\"10dd6bf\" data-element_type=\"column\" data-e-type=\"column\">\n\t\t\t<div class=\"elementor-widget-wrap elementor-element-populated\">\n\t\t\t\t\t\t<div class=\"elementor-element elementor-element-bd10ba6 elementor-widget elementor-widget-text-editor\" data-id=\"bd10ba6\" data-element_type=\"widget\" data-e-type=\"widget\" data-widget_type=\"text-editor.default\">\n\t\t\t\t<div class=\"elementor-widget-container\">\n\t\t\t\t\t\t\t\t\t<p style=\"text-align: justify;\"><span style=\"font-family: Tahoma, Arial, Helvetica, sans-serif;\">Nikt nie uczy pisarzy, jak realnie zarabia\u0107 na swojej tw\u00f3rczo\u015bci i co wp\u0142ywa na sprzeda\u017c ich ksi\u0105\u017cek. Nikt nie ostrzega debiutant\u00f3w, czego mog\u0105 spodziewa\u0107 si\u0119 po umowie wydawniczej, jak broni\u0107 swoich praw albo kiedy powinno si\u0119 zaczyna\u0107 promocj\u0119. M\u0105dre g\u0142owy z bran\u017cy ucz\u0105 za to s\u0142u\u017calczej postawy wobec wydawc\u00f3w i ksi\u0119garzy, przyzwyczajaj\u0105 autor\u00f3w do nier\u00f3bstwa w zakresie promocji autorskiej.<\/span><\/p>\n<p style=\"text-align: center;\"><strong><span style=\"font-family: Tahoma, Arial, Helvetica, sans-serif;\">Te czasy w\u0142a\u015bnie si\u0119 ko\u0144cz\u0105!<\/span><\/strong><\/p>\n<p style=\"text-align: justify;\"><span style=\"font-family: Tahoma, Arial, Helvetica, sans-serif;\">\u201eZaw\u00f3d: Pisarz\u201d da Ci realne narz\u0119dzia i umiej\u0119tno\u015bci w walce nie tylko o czytelnik\u00f3w, ale i lepsze umowy czy wy\u017csze standardy wsp\u00f3\u0142pracy. Dowiesz si\u0119 wszystkiego o rynku ksi\u0105\u017cki, dzi\u0119ki czemu nabierzesz bardziej profesjonalnej, biznesowej postawy bez utraty tw\u00f3rczego romantyzmu.<\/span><\/p>\t\t\t\t\t\t\t\t<\/div>\n\t\t\t\t<\/div>\n\t\t\t\t\t<\/div>\n\t\t<\/div>\n\t\t\t\t<div class=\"elementor-column elementor-col-50 elementor-inner-column elementor-element elementor-element-d24d09b\" data-id=\"d24d09b\" data-element_type=\"column\" data-e-type=\"column\">\n\t\t\t<div class=\"elementor-widget-wrap elementor-element-populated\">\n\t\t\t\t\t\t<div class=\"elementor-element elementor-element-df1efd2 elementor-widget elementor-widget-image\" data-id=\"df1efd2\" data-element_type=\"widget\" data-e-type=\"widget\" data-widget_type=\"image.default\">\n\t\t\t\t<div class=\"elementor-widget-container\">\n\t\t\t\t\t\t\t\t\t\t\t\t\t\t\t<img fetchpriority=\"high\" decoding=\"async\" width=\"535\" height=\"690\" src=\"https:\/\/nerdkobieta.pl\/wp-content\/uploads\/2021\/04\/ZPoklkadka3dmalawaga-e1624452369603.png\" class=\"attachment-medium_large size-medium_large wp-image-4120\" alt=\"\" srcset=\"https:\/\/nerdkobieta.pl\/wp-content\/uploads\/2021\/04\/ZPoklkadka3dmalawaga-e1624452369603.png 535w, https:\/\/nerdkobieta.pl\/wp-content\/uploads\/2021\/04\/ZPoklkadka3dmalawaga-e1624452369603-400x516.png 400w\" sizes=\"(max-width: 535px) 100vw, 535px\" \/>\t\t\t\t\t\t\t\t\t\t\t\t\t\t\t<\/div>\n\t\t\t\t<\/div>\n\t\t\t\t<div class=\"elementor-element elementor-element-d6260fb elementor-align-center elementor-widget elementor-widget-button\" data-id=\"d6260fb\" data-element_type=\"widget\" data-e-type=\"widget\" data-widget_type=\"button.default\">\n\t\t\t\t<div class=\"elementor-widget-container\">\n\t\t\t\t\t\t\t\t\t<div class=\"elementor-button-wrapper\">\n\t\t\t\t\t<a class=\"elementor-button elementor-button-link elementor-size-sm\" href=\"https:\/\/nerdkobieta.pl\/en\/product\/zawod-pisarz\/\">\n\t\t\t\t\t\t<span class=\"elementor-button-content-wrapper\">\n\t\t\t\t\t\t\t\t\t<span class=\"elementor-button-text\">Zam\u00f3w ju\u017c teraz!<\/span>\n\t\t\t\t\t<\/span>\n\t\t\t\t\t<\/a>\n\t\t\t\t<\/div>\n\t\t\t\t\t\t\t\t<\/div>\n\t\t\t\t<\/div>\n\t\t\t\t\t<\/div>\n\t\t<\/div>\n\t\t\t\t\t<\/div>\n\t\t<\/section>\n\t\t\t\t<div class=\"elementor-element elementor-element-8374c8d elementor-widget elementor-widget-spacer\" data-id=\"8374c8d\" data-element_type=\"widget\" data-e-type=\"widget\" data-widget_type=\"spacer.default\">\n\t\t\t\t<div class=\"elementor-widget-container\">\n\t\t\t\t\t\t\t<div class=\"elementor-spacer\">\n\t\t\t<div class=\"elementor-spacer-inner\"><\/div>\n\t\t<\/div>\n\t\t\t\t\t\t<\/div>\n\t\t\t\t<\/div>\n\t\t\t\t<section class=\"elementor-section elementor-inner-section elementor-element elementor-element-0196fb1 elementor-section-boxed elementor-section-height-default elementor-section-height-default\" data-id=\"0196fb1\" data-element_type=\"section\" data-e-type=\"section\">\n\t\t\t\t\t\t<div class=\"elementor-container elementor-column-gap-default\">\n\t\t\t\t\t<div class=\"elementor-column elementor-col-100 elementor-inner-column elementor-element elementor-element-f5711a3\" data-id=\"f5711a3\" data-element_type=\"column\" data-e-type=\"column\">\n\t\t\t<div class=\"elementor-widget-wrap elementor-element-populated\">\n\t\t\t\t\t\t<div class=\"elementor-element elementor-element-a99c1eb elementor-widget elementor-widget-heading\" data-id=\"a99c1eb\" data-element_type=\"widget\" data-e-type=\"widget\" data-widget_type=\"heading.default\">\n\t\t\t\t<div class=\"elementor-widget-container\">\n\t\t\t\t\t<h3 class=\"elementor-heading-title elementor-size-default\">W \u201eZaw\u00f3d: Pisarz\u201d znajdziesz odpowiedzi na pytania:<\/h3>\t\t\t\t<\/div>\n\t\t\t\t<\/div>\n\t\t\t\t<div class=\"elementor-element elementor-element-565e301 elementor-widget elementor-widget-text-editor\" data-id=\"565e301\" data-element_type=\"widget\" data-e-type=\"widget\" data-widget_type=\"text-editor.default\">\n\t\t\t\t<div class=\"elementor-widget-container\">\n\t\t\t\t\t\t\t\t\t<ul><li data-renderer-start-pos=\"5963\"><span style=\"font-family: Tahoma, Arial, Helvetica, sans-serif;\" data-renderer-mark=\"true\">Jak zarabia\u0107 na pisaniu?<\/span><\/li><li data-renderer-start-pos=\"5963\"><span style=\"font-family: Tahoma, Arial, Helvetica, sans-serif;\" data-renderer-mark=\"true\">Jak zwi\u0119kszy\u0107 sprzeda\u017c?<\/span><\/li><li data-renderer-start-pos=\"6014\"><span style=\"font-family: Tahoma, Arial, Helvetica, sans-serif;\" data-renderer-mark=\"true\">Kiedy nie warto podpisywa\u0107 umowy?<\/span><\/li><li data-renderer-start-pos=\"6049\"><span style=\"font-family: Tahoma, Arial, Helvetica, sans-serif;\" data-renderer-mark=\"true\">Jak promowa\u0107 swoje ksi\u0105\u017cki bez poczucia, \u017ce jest si\u0119 akwizytorem?<\/span><\/li><li data-renderer-start-pos=\"6116\"><span style=\"font-family: Tahoma, Arial, Helvetica, sans-serif;\" data-renderer-mark=\"true\">Czego oczekiwa\u0107 w promocji od wydawcy, a co mo\u017cna zrobi\u0107 samodzielnie?<\/span><\/li><li data-renderer-start-pos=\"6116\"><span style=\"font-family: Tahoma, Arial, Helvetica, sans-serif;\">I wiele innych!<\/span><\/li><\/ul>\t\t\t\t\t\t\t\t<\/div>\n\t\t\t\t<\/div>\n\t\t\t\t\t<\/div>\n\t\t<\/div>\n\t\t\t\t\t<\/div>\n\t\t<\/section>\n\t\t\t\t\t<\/div>\n\t\t<\/div>\n\t\t\t\t\t<\/div>\n\t\t<\/section>\n\t\t\t\t<section class=\"elementor-section elementor-top-section elementor-element elementor-element-bcf242e elementor-section-boxed elementor-section-height-default elementor-section-height-default\" data-id=\"bcf242e\" data-element_type=\"section\" data-e-type=\"section\">\n\t\t\t\t\t\t<div class=\"elementor-container elementor-column-gap-default\">\n\t\t\t\t\t<div class=\"elementor-column elementor-col-100 elementor-top-column elementor-element elementor-element-fadbade\" data-id=\"fadbade\" data-element_type=\"column\" data-e-type=\"column\">\n\t\t\t<div class=\"elementor-widget-wrap elementor-element-populated\">\n\t\t\t\t\t\t<div class=\"elementor-element elementor-element-c27831f elementor-widget elementor-widget-spacer\" data-id=\"c27831f\" data-element_type=\"widget\" data-e-type=\"widget\" data-widget_type=\"spacer.default\">\n\t\t\t\t<div class=\"elementor-widget-container\">\n\t\t\t\t\t\t\t<div class=\"elementor-spacer\">\n\t\t\t<div class=\"elementor-spacer-inner\"><\/div>\n\t\t<\/div>\n\t\t\t\t\t\t<\/div>\n\t\t\t\t<\/div>\n\t\t\t\t<div class=\"elementor-element elementor-element-c572530 elementor-widget elementor-widget-text-editor\" data-id=\"c572530\" data-element_type=\"widget\" data-e-type=\"widget\" data-widget_type=\"text-editor.default\">\n\t\t\t\t<div class=\"elementor-widget-container\">\n\t\t\t\t\t\t\t\t\t<p style=\"text-align: justify;\"><span style=\"font-family: Tahoma, Arial, Helvetica, sans-serif;\">Nie oszukujmy si\u0119 \u2013 rynek wydawniczy jest bezduszny, a miejsce pisarza jest na ko\u0144cu \u0142a\u0144cucha pokarmowego. Nie wa\u017cne, czy jeste\u015b debiutantem, czy masz ju\u017c publikacje na koncie. <strong>Nie ucz si\u0119 nurkowa\u0107 w szambie \u2013 z\u0142ap mnie za r\u0119k\u0119 i wyp\u0142y\u0144 na powierzchni\u0119.<\/strong><\/span><\/p>\t\t\t\t\t\t\t\t<\/div>\n\t\t\t\t<\/div>\n\t\t\t\t\t<\/div>\n\t\t<\/div>\n\t\t\t\t\t<\/div>\n\t\t<\/section>\n\t\t\t\t<section class=\"elementor-section elementor-top-section elementor-element elementor-element-68bfc04 elementor-section-boxed elementor-section-height-default elementor-section-height-default\" data-id=\"68bfc04\" data-element_type=\"section\" data-e-type=\"section\">\n\t\t\t\t\t\t<div class=\"elementor-container elementor-column-gap-default\">\n\t\t\t\t\t<div class=\"elementor-column elementor-col-100 elementor-top-column elementor-element elementor-element-50bc8de\" data-id=\"50bc8de\" data-element_type=\"column\" data-e-type=\"column\">\n\t\t\t<div class=\"elementor-widget-wrap elementor-element-populated\">\n\t\t\t\t\t\t<div class=\"elementor-element elementor-element-527b50d elementor-widget elementor-widget-heading\" data-id=\"527b50d\" data-element_type=\"widget\" data-e-type=\"widget\" data-widget_type=\"heading.default\">\n\t\t\t\t<div class=\"elementor-widget-container\">\n\t\t\t\t\t<h2 class=\"elementor-heading-title elementor-size-default\">LIVE premierowy \"Zaw\u00f3d: Pisarz...\"<\/h2>\t\t\t\t<\/div>\n\t\t\t\t<\/div>\n\t\t\t\t\t<\/div>\n\t\t<\/div>\n\t\t\t\t\t<\/div>\n\t\t<\/section>\n\t\t\t\t<section class=\"elementor-section elementor-top-section elementor-element elementor-element-72bf44b elementor-section-boxed elementor-section-height-default elementor-section-height-default\" data-id=\"72bf44b\" data-element_type=\"section\" data-e-type=\"section\">\n\t\t\t\t\t\t<div class=\"elementor-container elementor-column-gap-default\">\n\t\t\t\t\t<div class=\"elementor-column elementor-col-100 elementor-top-column elementor-element elementor-element-50ad9a1\" data-id=\"50ad9a1\" data-element_type=\"column\" data-e-type=\"column\">\n\t\t\t<div class=\"elementor-widget-wrap elementor-element-populated\">\n\t\t\t\t\t\t<div class=\"elementor-element elementor-element-fd0403b elementor-widget elementor-widget-html\" data-id=\"fd0403b\" data-element_type=\"widget\" data-e-type=\"widget\" data-widget_type=\"html.default\">\n\t\t\t\t<div class=\"elementor-widget-container\">\n\t\t\t\t\t<iframe width=\"560\" height=\"315\" src=\"https:\/\/www.youtube.com\/embed\/lzMGw1tBQXg\" title=\"YouTube video player\" frameborder=\"0\" allow=\"accelerometer; autoplay; clipboard-write; encrypted-media; gyroscope; picture-in-picture\" allowfullscreen><\/iframe>\t\t\t\t<\/div>\n\t\t\t\t<\/div>\n\t\t\t\t<section class=\"elementor-section elementor-inner-section elementor-element elementor-element-109a96b elementor-section-boxed elementor-section-height-default elementor-section-height-default\" data-id=\"109a96b\" data-element_type=\"section\" data-e-type=\"section\">\n\t\t\t\t\t\t<div class=\"elementor-container elementor-column-gap-default\">\n\t\t\t\t\t<div class=\"elementor-column elementor-col-50 elementor-inner-column elementor-element elementor-element-f3afea3\" data-id=\"f3afea3\" data-element_type=\"column\" data-e-type=\"column\">\n\t\t\t<div class=\"elementor-widget-wrap elementor-element-populated\">\n\t\t\t\t\t\t<div class=\"elementor-element elementor-element-7f16f9c elementor-widget elementor-widget-heading\" data-id=\"7f16f9c\" data-element_type=\"widget\" data-e-type=\"widget\" data-widget_type=\"heading.default\">\n\t\t\t\t<div class=\"elementor-widget-container\">\n\t\t\t\t\t<h3 class=\"elementor-heading-title elementor-size-default\">Czo\u0142em!<\/h3>\t\t\t\t<\/div>\n\t\t\t\t<\/div>\n\t\t\t\t<div class=\"elementor-element elementor-element-157f06e elementor-widget elementor-widget-heading\" data-id=\"157f06e\" data-element_type=\"widget\" data-e-type=\"widget\" data-widget_type=\"heading.default\">\n\t\t\t\t<div class=\"elementor-widget-container\">\n\t\t\t\t\t<h4 class=\"elementor-heading-title elementor-size-default\">Nazywam si\u0119 Dominika Tarczo\u0144 i robi\u0119 w ksi\u0105\u017ckach.\u200b<\/h4>\t\t\t\t<\/div>\n\t\t\t\t<\/div>\n\t\t\t\t<div class=\"elementor-element elementor-element-0cb806f elementor-widget elementor-widget-text-editor\" data-id=\"0cb806f\" data-element_type=\"widget\" data-e-type=\"widget\" data-widget_type=\"text-editor.default\">\n\t\t\t\t<div class=\"elementor-widget-container\">\n\t\t\t\t\t\t\t\t\t<p style=\"text-align: justify;\" data-renderer-start-pos=\"7228\"><span style=\"font-family: Tahoma, Arial, Helvetica, sans-serif;\" data-renderer-mark=\"true\">Zabawne, jak w jednym zdaniu mog\u0119 stre\u015bci\u0107 niemal dekad\u0119 swojej dzia\u0142alno\u015bci w bran\u017cy wydawniczej.<\/span><\/p><p style=\"text-align: justify;\" data-renderer-start-pos=\"7328\"><span style=\"font-family: Tahoma, Arial, Helvetica, sans-serif;\" data-renderer-mark=\"true\">Zajmowa\u0142am si\u0119 ksi\u0105\u017ck\u0105 od ka\u017cdej mo\u017cliwej strony. Zaczyna\u0142am jako blogerka &#8211; recenzentka, potem jako szefowa Literatury w Post \u2013 Apokalipsa Polska (najwi\u0119kszym europejskim serwisie o postapo), a\u017c w ko\u0144cu jako specjalistka od promocji w du\u017cych polskich wydawnictwach. Ba, przez jaki\u015b czas pracowa\u0142am nawet w drukarni, opiekuj\u0105c si\u0119 drukiem ksi\u0105\u017cek i album\u00f3w!<\/span><\/p><p style=\"text-align: justify;\" data-renderer-start-pos=\"7687\"><span style=\"font-family: Tahoma, Arial, Helvetica, sans-serif;\" data-renderer-mark=\"true\">Do tej pory promowa\u0142am \u015brednio od 4 do 8 nowych tytu\u0142\u00f3w miesi\u0119cznie, zar\u00f3wno polskich, jak i zagranicznych autor\u00f3w. <b>Zajmowa\u0142am si\u0119 ksi\u0105\u017ckami takich autor\u00f3w, jak Winston Graham, Stephen King, Ursula Le Guin czy J.R.R. Tolkien.<\/b><\/span><\/p><p style=\"text-align: justify;\" data-renderer-start-pos=\"7687\"><span style=\"font-family: Tahoma, Arial, Helvetica, sans-serif;\" data-renderer-mark=\"true\"><span data-renderer-mark=\"true\">Specjalizuj\u0119 si\u0119 w fantastyce, jednym z najbardziej niedocenianych rodzaj\u00f3w literatury w Polsce. Reklamowa\u0142am i krymina\u0142y, i obyczaje, i erotyki.\u00a0<\/span><span data-renderer-mark=\"true\"><span style=\"font-weight: bold;\">W sumie liczb\u0119 ksi\u0105\u017cek, event\u00f3w i autor\u00f3w, kt\u00f3rych promocj\u0105 si\u0119 zajmowa\u0142am, dzisiaj licz\u0119 w setkach.<\/span><\/span><b><br \/><\/b><\/span><\/p>\t\t\t\t\t\t\t\t<\/div>\n\t\t\t\t<\/div>\n\t\t\t\t<div class=\"elementor-element elementor-element-9cfb1fa elementor-widget elementor-widget-text-editor\" data-id=\"9cfb1fa\" data-element_type=\"widget\" data-e-type=\"widget\" data-widget_type=\"text-editor.default\">\n\t\t\t\t<div class=\"elementor-widget-container\">\n\t\t\t\t\t\t\t\t\t<p style=\"text-align: justify; \"><font face=\"Tahoma, Arial, Helvetica, sans-serif\">Te wszystkie do\u015bwiadczenia pomog\u0142y mi w poznaniu ksi\u0105\u017cki jako produktu (wg wydawcy i ksi\u0119garza), dziecka (wg autora) i do\u015bwiadczenia (wg recenzenta i czytelnika). Ju\u017c od kilku lat m\u00f3wi\u0119 o wydawaniu ksi\u0105\u017cek na konwentach i spotkaniach w instytucjach kultury. Nigdy nie brakuje mi materia\u0142u &#8211; marketing nie znosi stagnacji.<\/font><br><\/p>\t\t\t\t\t\t\t\t<\/div>\n\t\t\t\t<\/div>\n\t\t\t\t\t<\/div>\n\t\t<\/div>\n\t\t\t\t<div class=\"elementor-column elementor-col-50 elementor-inner-column elementor-element elementor-element-80e286c\" data-id=\"80e286c\" data-element_type=\"column\" data-e-type=\"column\">\n\t\t\t<div class=\"elementor-widget-wrap elementor-element-populated\">\n\t\t\t\t\t\t<div class=\"elementor-element elementor-element-9d84d31 elementor-widget elementor-widget-image\" data-id=\"9d84d31\" data-element_type=\"widget\" data-e-type=\"widget\" data-widget_type=\"image.default\">\n\t\t\t\t<div class=\"elementor-widget-container\">\n\t\t\t\t\t\t\t\t\t\t\t\t\t\t\t<img decoding=\"async\" width=\"535\" height=\"724\" src=\"https:\/\/nerdkobieta.pl\/wp-content\/uploads\/2021\/03\/profesjonalna-dominika-scaled-e1617121436673.jpg\" class=\"attachment-large size-large wp-image-3808\" alt=\"\" srcset=\"https:\/\/nerdkobieta.pl\/wp-content\/uploads\/2021\/03\/profesjonalna-dominika-scaled-e1617121436673.jpg 535w, https:\/\/nerdkobieta.pl\/wp-content\/uploads\/2021\/03\/profesjonalna-dominika-scaled-e1617121436673-400x541.jpg 400w\" sizes=\"(max-width: 535px) 100vw, 535px\" \/>\t\t\t\t\t\t\t\t\t\t\t\t\t\t\t<\/div>\n\t\t\t\t<\/div>\n\t\t\t\t\t<\/div>\n\t\t<\/div>\n\t\t\t\t\t<\/div>\n\t\t<\/section>\n\t\t\t\t\t<\/div>\n\t\t<\/div>\n\t\t\t\t\t<\/div>\n\t\t<\/section>\n\t\t\t\t<\/div>","protected":false},"excerpt":{"rendered":"<p>Zaw\u00f3d: Pisarz Na rynku znajdziesz mn\u00f3stwo poradnik\u00f3w dla pisarzy. Wi\u0119kszo\u015b\u0107 [&hellip;]<\/p>\n","protected":false},"author":1,"featured_media":0,"parent":3528,"menu_order":0,"comment_status":"closed","ping_status":"closed","template":"elementor_header_footer","meta":{"_eb_attr":"","two_page_speed":[],"footnotes":""},"class_list":["post-3566","page","type-page","status-publish","hentry"],"_links":{"self":[{"href":"https:\/\/nerdkobieta.pl\/en\/wp-json\/wp\/v2\/pages\/3566","targetHints":{"allow":["GET"]}}],"collection":[{"href":"https:\/\/nerdkobieta.pl\/en\/wp-json\/wp\/v2\/pages"}],"about":[{"href":"https:\/\/nerdkobieta.pl\/en\/wp-json\/wp\/v2\/types\/page"}],"author":[{"embeddable":true,"href":"https:\/\/nerdkobieta.pl\/en\/wp-json\/wp\/v2\/users\/1"}],"replies":[{"embeddable":true,"href":"https:\/\/nerdkobieta.pl\/en\/wp-json\/wp\/v2\/comments?post=3566"}],"version-history":[{"count":3,"href":"https:\/\/nerdkobieta.pl\/en\/wp-json\/wp\/v2\/pages\/3566\/revisions"}],"predecessor-version":[{"id":4669,"href":"https:\/\/nerdkobieta.pl\/en\/wp-json\/wp\/v2\/pages\/3566\/revisions\/4669"}],"up":[{"embeddable":true,"href":"https:\/\/nerdkobieta.pl\/en\/wp-json\/wp\/v2\/pages\/3528"}],"wp:attachment":[{"href":"https:\/\/nerdkobieta.pl\/en\/wp-json\/wp\/v2\/media?parent=3566"}],"curies":[{"name":"wp","href":"https:\/\/api.w.org\/{rel}","templated":true}]}}