{"id":3540,"date":"2021-03-18T16:17:57","date_gmt":"2021-03-18T15:17:57","guid":{"rendered":"https:\/\/nerdkobieta.pl\/?page_id=3540"},"modified":"2026-04-16T13:41:42","modified_gmt":"2026-04-16T11:41:42","slug":"strona-glowna","status":"publish","type":"page","link":"https:\/\/nerdkobieta.pl\/en\/","title":{"rendered":"Strona g\u0142\u00f3wna"},"content":{"rendered":"<div data-elementor-type=\"wp-page\" data-elementor-id=\"3540\" class=\"elementor elementor-3540\">\n\t\t\t\t<div class=\"elementor-element elementor-element-2a2b626 e-flex e-con-boxed e-con e-parent\" data-id=\"2a2b626\" data-element_type=\"container\" data-e-type=\"container\">\n\t\t\t\t\t<div class=\"e-con-inner\">\n\t\t\t\t<div class=\"elementor-element elementor-element-d91a81f elementor-position-right elementor-vertical-align-middle elementor-widget elementor-widget-image-box\" data-id=\"d91a81f\" data-element_type=\"widget\" data-e-type=\"widget\" data-widget_type=\"image-box.default\">\n\t\t\t\t<div class=\"elementor-widget-container\">\n\t\t\t\t\t<div class=\"elementor-image-box-wrapper\"><figure class=\"elementor-image-box-img\"><a href=\"https:\/\/www.facebook.com\/nerdkobieta\" tabindex=\"-1\"><img fetchpriority=\"high\" decoding=\"async\" width=\"1425\" height=\"1425\" src=\"https:\/\/nerdkobieta.pl\/wp-content\/uploads\/2024\/05\/dominika.jpg\" class=\"attachment-full size-full wp-image-5035\" alt=\"\" srcset=\"https:\/\/nerdkobieta.pl\/wp-content\/uploads\/2024\/05\/dominika.jpg 1425w, https:\/\/nerdkobieta.pl\/wp-content\/uploads\/2024\/05\/dominika-300x300.jpg 300w, https:\/\/nerdkobieta.pl\/wp-content\/uploads\/2024\/05\/dominika-1080x1080.jpg 1080w, https:\/\/nerdkobieta.pl\/wp-content\/uploads\/2024\/05\/dominika-150x150.jpg 150w, https:\/\/nerdkobieta.pl\/wp-content\/uploads\/2024\/05\/dominika-768x768.jpg 768w, https:\/\/nerdkobieta.pl\/wp-content\/uploads\/2024\/05\/dominika-12x12.jpg 12w, https:\/\/nerdkobieta.pl\/wp-content\/uploads\/2024\/05\/dominika-1000x1000.jpg 1000w, https:\/\/nerdkobieta.pl\/wp-content\/uploads\/2024\/05\/dominika-230x230.jpg 230w, https:\/\/nerdkobieta.pl\/wp-content\/uploads\/2024\/05\/dominika-350x350.jpg 350w, https:\/\/nerdkobieta.pl\/wp-content\/uploads\/2024\/05\/dominika-480x480.jpg 480w, https:\/\/nerdkobieta.pl\/wp-content\/uploads\/2024\/05\/dominika-600x600.jpg 600w, https:\/\/nerdkobieta.pl\/wp-content\/uploads\/2024\/05\/dominika-420x420.jpg 420w, https:\/\/nerdkobieta.pl\/wp-content\/uploads\/2024\/05\/dominika-800x800.jpg 800w, https:\/\/nerdkobieta.pl\/wp-content\/uploads\/2024\/05\/dominika-100x100.jpg 100w\" sizes=\"(max-width: 1425px) 100vw, 1425px\" \/><\/a><\/figure><div class=\"elementor-image-box-content\"><h3 class=\"elementor-image-box-title\"><a href=\"https:\/\/www.facebook.com\/nerdkobieta\">Yes, your book will sell too!<\/a><\/h3><p class=\"elementor-image-box-description\">My name is Dominika Tarczo\u0144 and since 2012, <font color=\"#F9592A\"> I've been turning books into bestsellers. <\/font>I've worked in public relations agencies, major Polish publishing houses, and even in a printing house. I've managed titles featured on front pages. <font color=\"#F9592A\">I've sold hundreds of books<\/font> thanks to my unique promotional strategies. <font color=\"#F9592A\"><b>Yours deserves success too!<\/b><\/font><\/p><\/div><\/div>\t\t\t\t<\/div>\n\t\t\t\t<\/div>\n\t\t\t\t<div class=\"elementor-element elementor-element-acc2d4e elementor-widget elementor-widget-spacer\" data-id=\"acc2d4e\" data-element_type=\"widget\" data-e-type=\"widget\" data-widget_type=\"spacer.default\">\n\t\t\t\t<div class=\"elementor-widget-container\">\n\t\t\t\t\t\t\t<div class=\"elementor-spacer\">\n\t\t\t<div class=\"elementor-spacer-inner\"><\/div>\n\t\t<\/div>\n\t\t\t\t\t\t<\/div>\n\t\t\t\t<\/div>\n\t\t\t\t\t<\/div>\n\t\t\t\t<\/div>\n\t\t<div class=\"elementor-element elementor-element-fb5f0c8 e-flex e-con-boxed e-con e-parent\" data-id=\"fb5f0c8\" data-element_type=\"container\" data-e-type=\"container\">\n\t\t\t\t\t<div class=\"e-con-inner\">\n\t\t\t\t<div class=\"elementor-element elementor-element-218b308 eael-product-grid-column-4 elementor-widget elementor-widget-eicon-woocommerce\" data-id=\"218b308\" data-element_type=\"widget\" data-e-type=\"widget\" data-widget_type=\"eicon-woocommerce.default\">\n\t\t\t\t<div class=\"elementor-widget-container\">\n\t\t\t\t\t<style>.elementor-element-218b308{display:none !important}<\/style>\t\t\t\t<\/div>\n\t\t\t\t<\/div>\n\t\t\t\t<div class=\"elementor-element elementor-element-ddf3b28 elementor-widget elementor-widget-spacer\" data-id=\"ddf3b28\" data-element_type=\"widget\" data-e-type=\"widget\" data-widget_type=\"spacer.default\">\n\t\t\t\t<div class=\"elementor-widget-container\">\n\t\t\t\t\t\t\t<div class=\"elementor-spacer\">\n\t\t\t<div class=\"elementor-spacer-inner\"><\/div>\n\t\t<\/div>\n\t\t\t\t\t\t<\/div>\n\t\t\t\t<\/div>\n\t\t\t\t<div class=\"elementor-element elementor-element-3b32ad9 elementor-widget elementor-widget-heading\" data-id=\"3b32ad9\" data-element_type=\"widget\" data-e-type=\"widget\" data-widget_type=\"heading.default\">\n\t\t\t\t<div class=\"elementor-widget-container\">\n\t\t\t\t\t<h4 class=\"elementor-heading-title elementor-size-default\">Last posts<\/h4>\t\t\t\t<\/div>\n\t\t\t\t<\/div>\n\t\t\t\t<div class=\"elementor-element elementor-element-44be131 elementor-grid-eael-col-4 elementor-grid-tablet-eael-col-2 elementor-grid-mobile-eael-col-1 elementor-widget elementor-widget-eael-post-grid\" data-id=\"44be131\" data-element_type=\"widget\" data-e-type=\"widget\" data-settings=\"{&quot;eael_post_grid_columns&quot;:&quot;eael-col-4&quot;,&quot;eael_post_grid_columns_tablet&quot;:&quot;eael-col-2&quot;,&quot;eael_post_grid_columns_mobile&quot;:&quot;eael-col-1&quot;}\" data-widget_type=\"eael-post-grid.default\">\n\t\t\t\t<div class=\"elementor-widget-container\">\n\t\t\t\t\t<div id=\"eael-post-grid-44be131\" class=\"eael-post-grid-container\">\n            <div class=\"eael-post-grid eael-post-appender eael-post-appender-44be131 eael-post-grid-style-one\" data-layout-mode=\"masonry\"><article class=\"eael-grid-post  eael-post-grid-column eael-pg-post-5350 category-bez-kategorii-pl tags-anime-blog-recenzencki-malarstwo-recenzja-recenzje-spoiler-spoiler-alert-spoilery\" data-id=\"5350\">\n        <div class=\"eael-grid-post-holder\">\n            <div class=\"eael-grid-post-holder-inner\"><div class=\"eael-entry-media\"><div class=\"eael-entry-overlay fade-in\"><i class=\"fas fa-long-arrow-alt-right\" aria-hidden=\"true\"><\/i><a href=\"https:\/\/nerdkobieta.pl\/en\/love-through-a-prism-recenzja\/\"><\/a><\/div><div class=\"eael-entry-thumbnail\">\n                <img decoding=\"async\" width=\"300\" height=\"165\" src=\"https:\/\/nerdkobieta.pl\/wp-content\/uploads\/2026\/02\/ltp-300x165.webp\" class=\"attachment-medium size-medium wp-image-5351\" alt=\"\" srcset=\"https:\/\/nerdkobieta.pl\/wp-content\/uploads\/2026\/02\/ltp-300x165.webp 300w, https:\/\/nerdkobieta.pl\/wp-content\/uploads\/2026\/02\/ltp-1080x593.webp 1080w, https:\/\/nerdkobieta.pl\/wp-content\/uploads\/2026\/02\/ltp-768x422.webp 768w, https:\/\/nerdkobieta.pl\/wp-content\/uploads\/2026\/02\/ltp-18x10.webp 18w, https:\/\/nerdkobieta.pl\/wp-content\/uploads\/2026\/02\/ltp-1000x549.webp 1000w, https:\/\/nerdkobieta.pl\/wp-content\/uploads\/2026\/02\/ltp-230x126.webp 230w, https:\/\/nerdkobieta.pl\/wp-content\/uploads\/2026\/02\/ltp-350x192.webp 350w, https:\/\/nerdkobieta.pl\/wp-content\/uploads\/2026\/02\/ltp-480x264.webp 480w, https:\/\/nerdkobieta.pl\/wp-content\/uploads\/2026\/02\/ltp-600x329.webp 600w, https:\/\/nerdkobieta.pl\/wp-content\/uploads\/2026\/02\/ltp-800x439.webp 800w, https:\/\/nerdkobieta.pl\/wp-content\/uploads\/2026\/02\/ltp.webp 1182w\" sizes=\"(max-width: 300px) 100vw, 300px\" \/>\n            <\/div>\n        <\/div><div class=\"eael-entry-wrapper\"><header class=\"eael-entry-header\"><h2 class=\"eael-entry-title\"><a class=\"eael-grid-post-link\" href=\"https:\/\/nerdkobieta.pl\/en\/love-through-a-prism-recenzja\/\" title=\"Love Through a Prism. Recenzja\">Love Through a Prism. Recenzja<\/a><\/h2><\/header><div class=\"eael-entry-content\">\n                        <div class=\"eael-grid-post-excerpt\"><p>Love Through a Prism &#8211; anime na Netfliksie, od genialnej...<\/p><a href=\"https:\/\/nerdkobieta.pl\/en\/love-through-a-prism-recenzja\/\" class=\"eael-post-elements-readmore-btn\">Czytaj dalej<\/a><\/div>\n                    <\/div><div class=\"eael-entry-footer\"><div class=\"eael-entry-meta\"><span class=\"eael-posted-on\"><time datetime=\"8 February 2026\">8 February 2026<\/time><\/span><\/div><\/div><\/div><\/div>\n        <\/div>\n    <\/article><article class=\"eael-grid-post  eael-post-grid-column eael-pg-post-5323 category-bez-kategorii-pl tags-czytelniczki-fantastyczki-fantastyka-inne-swiaty-literatura-lukasz-orbitowski-nerd-literacki-recenzje-sqn-sylwia-chutnik-wilk-wilkolak-wydawnictwo-sqn\" data-id=\"5323\">\n        <div class=\"eael-grid-post-holder\">\n            <div class=\"eael-grid-post-holder-inner\"><div class=\"eael-entry-media\"><div class=\"eael-entry-overlay fade-in\"><i class=\"fas fa-long-arrow-alt-right\" aria-hidden=\"true\"><\/i><a href=\"https:\/\/nerdkobieta.pl\/en\/czerwony-pazdziernik-recenzja-opowiadania-zapalny-stan-udreki-sylwii-chutnik\/\"><\/a><\/div><div class=\"eael-entry-thumbnail\">\n                <img decoding=\"async\" width=\"300\" height=\"169\" src=\"https:\/\/nerdkobieta.pl\/wp-content\/uploads\/2025\/10\/Artykul-Linkedin-1920x1080-2-300x169.png\" class=\"attachment-medium size-medium wp-image-5324\" alt=\"\" srcset=\"https:\/\/nerdkobieta.pl\/wp-content\/uploads\/2025\/10\/Artykul-Linkedin-1920x1080-2-300x169.png 300w, https:\/\/nerdkobieta.pl\/wp-content\/uploads\/2025\/10\/Artykul-Linkedin-1920x1080-2-1080x608.png 1080w, https:\/\/nerdkobieta.pl\/wp-content\/uploads\/2025\/10\/Artykul-Linkedin-1920x1080-2-768x432.png 768w, https:\/\/nerdkobieta.pl\/wp-content\/uploads\/2025\/10\/Artykul-Linkedin-1920x1080-2-1536x864.png 1536w, https:\/\/nerdkobieta.pl\/wp-content\/uploads\/2025\/10\/Artykul-Linkedin-1920x1080-2-18x10.png 18w, https:\/\/nerdkobieta.pl\/wp-content\/uploads\/2025\/10\/Artykul-Linkedin-1920x1080-2-1000x563.png 1000w, https:\/\/nerdkobieta.pl\/wp-content\/uploads\/2025\/10\/Artykul-Linkedin-1920x1080-2-230x129.png 230w, https:\/\/nerdkobieta.pl\/wp-content\/uploads\/2025\/10\/Artykul-Linkedin-1920x1080-2-350x197.png 350w, https:\/\/nerdkobieta.pl\/wp-content\/uploads\/2025\/10\/Artykul-Linkedin-1920x1080-2-480x270.png 480w, https:\/\/nerdkobieta.pl\/wp-content\/uploads\/2025\/10\/Artykul-Linkedin-1920x1080-2-600x338.png 600w, https:\/\/nerdkobieta.pl\/wp-content\/uploads\/2025\/10\/Artykul-Linkedin-1920x1080-2-800x450.png 800w, https:\/\/nerdkobieta.pl\/wp-content\/uploads\/2025\/10\/Artykul-Linkedin-1920x1080-2.png 1920w\" sizes=\"(max-width: 300px) 100vw, 300px\" \/>\n            <\/div>\n        <\/div><div class=\"eael-entry-wrapper\"><header class=\"eael-entry-header\"><h2 class=\"eael-entry-title\"><a class=\"eael-grid-post-link\" href=\"https:\/\/nerdkobieta.pl\/en\/czerwony-pazdziernik-recenzja-opowiadania-zapalny-stan-udreki-sylwii-chutnik\/\" title=\"Czerwony Pa\u017adziernik: Recenzja opowiadania \u201eZapalny stan udr\u0119ki\u201d Sylwii Chutnik\">Czerwony Pa\u017adziernik: Recenzja opowiadania \u201eZapalny stan udr\u0119ki\u201d Sylwii Chutnik<\/a><\/h2><\/header><div class=\"eael-entry-content\">\n                        <div class=\"eael-grid-post-excerpt\"><p>Czo\u0142em! To moje pierwsze spotkanie z proz\u0105 Sylwii Chutnik \u2013...<\/p><a href=\"https:\/\/nerdkobieta.pl\/en\/czerwony-pazdziernik-recenzja-opowiadania-zapalny-stan-udreki-sylwii-chutnik\/\" class=\"eael-post-elements-readmore-btn\">Czytaj dalej<\/a><\/div>\n                    <\/div><div class=\"eael-entry-footer\"><div class=\"eael-entry-meta\"><span class=\"eael-posted-on\"><time datetime=\"7 October 2025\">7 October 2025<\/time><\/span><\/div><\/div><\/div><\/div>\n        <\/div>\n    <\/article><article class=\"eael-grid-post  eael-post-grid-column eael-pg-post-5306 category-bez-kategorii-pl tags-fantastyka-games-gaming-gry\" data-id=\"5306\">\n        <div class=\"eael-grid-post-holder\">\n            <div class=\"eael-grid-post-holder-inner\"><div class=\"eael-entry-media\"><div class=\"eael-entry-overlay fade-in\"><i class=\"fas fa-long-arrow-alt-right\" aria-hidden=\"true\"><\/i><a href=\"https:\/\/nerdkobieta.pl\/en\/czy-gry-survivalowe-ucza-nas-empatii\/\"><\/a><\/div><div class=\"eael-entry-thumbnail\">\n                <img loading=\"lazy\" decoding=\"async\" width=\"300\" height=\"169\" src=\"https:\/\/nerdkobieta.pl\/wp-content\/uploads\/2025\/06\/Artykul-Linkedin-1920x1080-1-1-300x169.png\" class=\"attachment-medium size-medium wp-image-5307\" alt=\"\" srcset=\"https:\/\/nerdkobieta.pl\/wp-content\/uploads\/2025\/06\/Artykul-Linkedin-1920x1080-1-1-300x169.png 300w, https:\/\/nerdkobieta.pl\/wp-content\/uploads\/2025\/06\/Artykul-Linkedin-1920x1080-1-1-1080x608.png 1080w, https:\/\/nerdkobieta.pl\/wp-content\/uploads\/2025\/06\/Artykul-Linkedin-1920x1080-1-1-768x432.png 768w, https:\/\/nerdkobieta.pl\/wp-content\/uploads\/2025\/06\/Artykul-Linkedin-1920x1080-1-1-1536x864.png 1536w, https:\/\/nerdkobieta.pl\/wp-content\/uploads\/2025\/06\/Artykul-Linkedin-1920x1080-1-1-18x10.png 18w, https:\/\/nerdkobieta.pl\/wp-content\/uploads\/2025\/06\/Artykul-Linkedin-1920x1080-1-1-1000x563.png 1000w, https:\/\/nerdkobieta.pl\/wp-content\/uploads\/2025\/06\/Artykul-Linkedin-1920x1080-1-1-230x129.png 230w, https:\/\/nerdkobieta.pl\/wp-content\/uploads\/2025\/06\/Artykul-Linkedin-1920x1080-1-1-350x197.png 350w, https:\/\/nerdkobieta.pl\/wp-content\/uploads\/2025\/06\/Artykul-Linkedin-1920x1080-1-1-480x270.png 480w, https:\/\/nerdkobieta.pl\/wp-content\/uploads\/2025\/06\/Artykul-Linkedin-1920x1080-1-1-600x338.png 600w, https:\/\/nerdkobieta.pl\/wp-content\/uploads\/2025\/06\/Artykul-Linkedin-1920x1080-1-1-800x450.png 800w, https:\/\/nerdkobieta.pl\/wp-content\/uploads\/2025\/06\/Artykul-Linkedin-1920x1080-1-1.png 1920w\" sizes=\"(max-width: 300px) 100vw, 300px\" \/>\n            <\/div>\n        <\/div><div class=\"eael-entry-wrapper\"><header class=\"eael-entry-header\"><h2 class=\"eael-entry-title\"><a class=\"eael-grid-post-link\" href=\"https:\/\/nerdkobieta.pl\/en\/czy-gry-survivalowe-ucza-nas-empatii\/\" title=\"Czy gry survivalowe ucz\u0105 nas empatii?\">Czy gry survivalowe ucz\u0105 nas empatii?<\/a><\/h2><\/header><div class=\"eael-entry-content\">\n                        <div class=\"eael-grid-post-excerpt\"><p>Czo\u0142em! Dzi\u015b b\u0119dzie o grach survivalowych i ludzkiej moralno\u015bci. Ludolodzy...<\/p><a href=\"https:\/\/nerdkobieta.pl\/en\/czy-gry-survivalowe-ucza-nas-empatii\/\" class=\"eael-post-elements-readmore-btn\">Czytaj dalej<\/a><\/div>\n                    <\/div><div class=\"eael-entry-footer\"><div class=\"eael-entry-meta\"><span class=\"eael-posted-on\"><time datetime=\"23 June 2025\">23 June 2025<\/time><\/span><\/div><\/div><\/div><\/div>\n        <\/div>\n    <\/article><article class=\"eael-grid-post  eael-post-grid-column eael-pg-post-5301 category-bez-kategorii-pl tags-branza-ksiazki-marketing-opis-ksiazki-promocja-ksiazki-public-relations-rynek-ksiazki-selfpublishing-wydawanie-ksiazek-wydawnictwo\" data-id=\"5301\">\n        <div class=\"eael-grid-post-holder\">\n            <div class=\"eael-grid-post-holder-inner\"><div class=\"eael-entry-media\"><div class=\"eael-entry-overlay fade-in\"><i class=\"fas fa-long-arrow-alt-right\" aria-hidden=\"true\"><\/i><a href=\"https:\/\/nerdkobieta.pl\/en\/wez-przygotuj-mi-opis-ksiazki-na-czwarta-strone-okladki\/\"><\/a><\/div><div class=\"eael-entry-thumbnail\">\n                <img loading=\"lazy\" decoding=\"async\" width=\"300\" height=\"169\" src=\"https:\/\/nerdkobieta.pl\/wp-content\/uploads\/2025\/06\/opis-na-4-strone-okladki-jak-300x169.png\" class=\"attachment-medium size-medium wp-image-5302\" alt=\"\" srcset=\"https:\/\/nerdkobieta.pl\/wp-content\/uploads\/2025\/06\/opis-na-4-strone-okladki-jak-300x169.png 300w, https:\/\/nerdkobieta.pl\/wp-content\/uploads\/2025\/06\/opis-na-4-strone-okladki-jak-1080x608.png 1080w, https:\/\/nerdkobieta.pl\/wp-content\/uploads\/2025\/06\/opis-na-4-strone-okladki-jak-768x432.png 768w, https:\/\/nerdkobieta.pl\/wp-content\/uploads\/2025\/06\/opis-na-4-strone-okladki-jak-1536x864.png 1536w, https:\/\/nerdkobieta.pl\/wp-content\/uploads\/2025\/06\/opis-na-4-strone-okladki-jak-18x10.png 18w, https:\/\/nerdkobieta.pl\/wp-content\/uploads\/2025\/06\/opis-na-4-strone-okladki-jak-1000x563.png 1000w, https:\/\/nerdkobieta.pl\/wp-content\/uploads\/2025\/06\/opis-na-4-strone-okladki-jak-230x129.png 230w, https:\/\/nerdkobieta.pl\/wp-content\/uploads\/2025\/06\/opis-na-4-strone-okladki-jak-350x197.png 350w, https:\/\/nerdkobieta.pl\/wp-content\/uploads\/2025\/06\/opis-na-4-strone-okladki-jak-480x270.png 480w, https:\/\/nerdkobieta.pl\/wp-content\/uploads\/2025\/06\/opis-na-4-strone-okladki-jak-600x338.png 600w, https:\/\/nerdkobieta.pl\/wp-content\/uploads\/2025\/06\/opis-na-4-strone-okladki-jak-800x450.png 800w, https:\/\/nerdkobieta.pl\/wp-content\/uploads\/2025\/06\/opis-na-4-strone-okladki-jak.png 1920w\" sizes=\"(max-width: 300px) 100vw, 300px\" \/>\n            <\/div>\n        <\/div><div class=\"eael-entry-wrapper\"><header class=\"eael-entry-header\"><h2 class=\"eael-entry-title\"><a class=\"eael-grid-post-link\" href=\"https:\/\/nerdkobieta.pl\/en\/wez-przygotuj-mi-opis-ksiazki-na-czwarta-strone-okladki\/\" title=\"We\u017a przygotuj mi opis ksi\u0105\u017cki na czwart\u0105 stron\u0119 ok\u0142adki\">We\u017a przygotuj mi opis ksi\u0105\u017cki na czwart\u0105 stron\u0119 ok\u0142adki<\/a><\/h2><\/header><div class=\"eael-entry-content\">\n                        <div class=\"eael-grid-post-excerpt\"><p>Czo\u0142em! Uwielbiam tworzy\u0107 opisy ksi\u0105\u017cek \u2013 zw\u0142aszcza te na IV...<\/p><a href=\"https:\/\/nerdkobieta.pl\/en\/wez-przygotuj-mi-opis-ksiazki-na-czwarta-strone-okladki\/\" class=\"eael-post-elements-readmore-btn\">Czytaj dalej<\/a><\/div>\n                    <\/div><div class=\"eael-entry-footer\"><div class=\"eael-entry-meta\"><span class=\"eael-posted-on\"><time datetime=\"22 June 2025\">22 June 2025<\/time><\/span><\/div><\/div><\/div><\/div>\n        <\/div>\n    <\/article><\/div>\n            <div class=\"clearfix\"><\/div>\n        <\/div>            <div class=\"eael-load-more-button-wrap eael-force-hide\">\n                <button class=\"eael-load-more-button\" id=\"eael-load-more-btn-44be131\" data-widget-id=\"44be131\" data-widget=\"44be131\" data-page-id=\"3540\" data-template=\"{&quot;dir&quot;:&quot;lite&quot;,&quot;file_name&quot;:&quot;one.php&quot;,&quot;name&quot;:&quot;Post-Grid&quot;}\" data-class=\"Essential_Addons_Elementor\\Elements\\Post_Grid\" data-layout=\"masonry\" data-page=\"1\" data-args=\"orderby=date&amp;order=desc&amp;ignore_sticky_posts=1&amp;post_status=publish&amp;posts_per_page=4&amp;offset=0&amp;post_type=post\" data-max-page=\"71\">\n                    <span class=\"eael-btn-loader button__loader\"><\/span>\n                    <span class=\"eael_load_more_text\">Load More<\/span>\n                <\/button>\n            <\/div>\n            \t\t\t\t<\/div>\n\t\t\t\t<\/div>\n\t\t\t\t<div class=\"elementor-element elementor-element-7293c58 elementor-widget elementor-widget-spacer\" data-id=\"7293c58\" data-element_type=\"widget\" data-e-type=\"widget\" data-widget_type=\"spacer.default\">\n\t\t\t\t<div class=\"elementor-widget-container\">\n\t\t\t\t\t\t\t<div class=\"elementor-spacer\">\n\t\t\t<div class=\"elementor-spacer-inner\"><\/div>\n\t\t<\/div>\n\t\t\t\t\t\t<\/div>\n\t\t\t\t<\/div>\n\t\t\t\t\t<\/div>\n\t\t\t\t<\/div>\n\t\t<div class=\"elementor-element elementor-element-7d123b0 e-flex e-con-boxed e-con e-parent\" data-id=\"7d123b0\" data-element_type=\"container\" data-e-type=\"container\">\n\t\t\t\t\t<div class=\"e-con-inner\">\n\t\t\t\t<div class=\"elementor-element elementor-element-d30a900 elementor-shape-circle elementor-grid-0 e-grid-align-center elementor-widget elementor-widget-social-icons\" data-id=\"d30a900\" data-element_type=\"widget\" data-e-type=\"widget\" data-widget_type=\"social-icons.default\">\n\t\t\t\t<div class=\"elementor-widget-container\">\n\t\t\t\t\t\t\t<div class=\"elementor-social-icons-wrapper elementor-grid\" role=\"list\">\n\t\t\t\t\t\t\t<span class=\"elementor-grid-item\" role=\"listitem\">\n\t\t\t\t\t<a class=\"elementor-icon elementor-social-icon elementor-social-icon-facebook elementor-repeater-item-e2ece09\" href=\"https:\/\/www.facebook.com\/nerdkobieta\" target=\"_blank\">\n\t\t\t\t\t\t<span class=\"elementor-screen-only\">Facebook<\/span>\n\t\t\t\t\t\t<svg aria-hidden=\"true\" class=\"e-font-icon-svg e-fab-facebook\" viewbox=\"0 0 512 512\" xmlns=\"http:\/\/www.w3.org\/2000\/svg\"><path d=\"M504 256C504 119 393 8 256 8S8 119 8 256c0 123.78 90.69 226.38 209.25 245V327.69h-63V256h63v-54.64c0-62.15 37-96.48 93.67-96.48 27.14 0 55.52 4.84 55.52 4.84v61h-31.28c-30.8 0-40.41 19.12-40.41 38.73V256h68.78l-11 71.69h-57.78V501C413.31 482.38 504 379.78 504 256z\"><\/path><\/svg>\t\t\t\t\t<\/a>\n\t\t\t\t<\/span>\n\t\t\t\t\t\t\t<span class=\"elementor-grid-item\" role=\"listitem\">\n\t\t\t\t\t<a class=\"elementor-icon elementor-social-icon elementor-social-icon-instagram elementor-repeater-item-9eb2128\" href=\"https:\/\/www.instagram.com\/nerdkobieta\/\" target=\"_blank\">\n\t\t\t\t\t\t<span class=\"elementor-screen-only\">Instagram<\/span>\n\t\t\t\t\t\t<svg aria-hidden=\"true\" class=\"e-font-icon-svg e-fab-instagram\" viewbox=\"0 0 448 512\" xmlns=\"http:\/\/www.w3.org\/2000\/svg\"><path d=\"M224.1 141c-63.6 0-114.9 51.3-114.9 114.9s51.3 114.9 114.9 114.9S339 319.5 339 255.9 287.7 141 224.1 141zm0 189.6c-41.1 0-74.7-33.5-74.7-74.7s33.5-74.7 74.7-74.7 74.7 33.5 74.7 74.7-33.6 74.7-74.7 74.7zm146.4-194.3c0 14.9-12 26.8-26.8 26.8-14.9 0-26.8-12-26.8-26.8s12-26.8 26.8-26.8 26.8 12 26.8 26.8zm76.1 27.2c-1.7-35.9-9.9-67.7-36.2-93.9-26.2-26.2-58-34.4-93.9-36.2-37-2.1-147.9-2.1-184.9 0-35.8 1.7-67.6 9.9-93.9 36.1s-34.4 58-36.2 93.9c-2.1 37-2.1 147.9 0 184.9 1.7 35.9 9.9 67.7 36.2 93.9s58 34.4 93.9 36.2c37 2.1 147.9 2.1 184.9 0 35.9-1.7 67.7-9.9 93.9-36.2 26.2-26.2 34.4-58 36.2-93.9 2.1-37 2.1-147.8 0-184.8zM398.8 388c-7.8 19.6-22.9 34.7-42.6 42.6-29.5 11.7-99.5 9-132.1 9s-102.7 2.6-132.1-9c-19.6-7.8-34.7-22.9-42.6-42.6-11.7-29.5-9-99.5-9-132.1s-2.6-102.7 9-132.1c7.8-19.6 22.9-34.7 42.6-42.6 29.5-11.7 99.5-9 132.1-9s102.7-2.6 132.1 9c19.6 7.8 34.7 22.9 42.6 42.6 11.7 29.5 9 99.5 9 132.1s2.7 102.7-9 132.1z\"><\/path><\/svg>\t\t\t\t\t<\/a>\n\t\t\t\t<\/span>\n\t\t\t\t\t\t\t<span class=\"elementor-grid-item\" role=\"listitem\">\n\t\t\t\t\t<a class=\"elementor-icon elementor-social-icon elementor-social-icon-linkedin elementor-repeater-item-413993d\" href=\"https:\/\/www.linkedin.com\/in\/dominika-tarczon\/\" target=\"_blank\">\n\t\t\t\t\t\t<span class=\"elementor-screen-only\">Linkedin<\/span>\n\t\t\t\t\t\t<svg aria-hidden=\"true\" class=\"e-font-icon-svg e-fab-linkedin\" viewbox=\"0 0 448 512\" xmlns=\"http:\/\/www.w3.org\/2000\/svg\"><path d=\"M416 32H31.9C14.3 32 0 46.5 0 64.3v383.4C0 465.5 14.3 480 31.9 480H416c17.6 0 32-14.5 32-32.3V64.3c0-17.8-14.4-32.3-32-32.3zM135.4 416H69V202.2h66.5V416zm-33.2-243c-21.3 0-38.5-17.3-38.5-38.5S80.9 96 102.2 96c21.2 0 38.5 17.3 38.5 38.5 0 21.3-17.2 38.5-38.5 38.5zm282.1 243h-66.4V312c0-24.8-.5-56.7-34.5-56.7-34.6 0-39.9 27-39.9 54.9V416h-66.4V202.2h63.7v29.2h.9c8.9-16.8 30.6-34.5 62.9-34.5 67.2 0 79.7 44.3 79.7 101.9V416z\"><\/path><\/svg>\t\t\t\t\t<\/a>\n\t\t\t\t<\/span>\n\t\t\t\t\t\t\t<span class=\"elementor-grid-item\" role=\"listitem\">\n\t\t\t\t\t<a class=\"elementor-icon elementor-social-icon elementor-social-icon-pinterest elementor-repeater-item-5cdbcf8\" href=\"https:\/\/pl.pinterest.com\/dominikatarczon\/\" target=\"_blank\">\n\t\t\t\t\t\t<span class=\"elementor-screen-only\">Pinterest<\/span>\n\t\t\t\t\t\t<svg aria-hidden=\"true\" class=\"e-font-icon-svg e-fab-pinterest\" viewbox=\"0 0 496 512\" xmlns=\"http:\/\/www.w3.org\/2000\/svg\"><path d=\"M496 256c0 137-111 248-248 248-25.6 0-50.2-3.9-73.4-11.1 10.1-16.5 25.2-43.5 30.8-65 3-11.6 15.4-59 15.4-59 8.1 15.4 31.7 28.5 56.8 28.5 74.8 0 128.7-68.8 128.7-154.3 0-81.9-66.9-143.2-152.9-143.2-107 0-163.9 71.8-163.9 150.1 0 36.4 19.4 81.7 50.3 96.1 4.7 2.2 7.2 1.2 8.3-3.3.8-3.4 5-20.3 6.9-28.1.6-2.5.3-4.7-1.7-7.1-10.1-12.5-18.3-35.3-18.3-56.6 0-54.7 41.4-107.6 112-107.6 60.9 0 103.6 41.5 103.6 100.9 0 67.1-33.9 113.6-78 113.6-24.3 0-42.6-20.1-36.7-44.8 7-29.5 20.5-61.3 20.5-82.6 0-19-10.2-34.9-31.4-34.9-24.9 0-44.9 25.7-44.9 60.2 0 22 7.4 36.8 7.4 36.8s-24.5 103.8-29 123.2c-5 21.4-3 51.6-.9 71.2C65.4 450.9 0 361.1 0 256 0 119 111 8 248 8s248 111 248 248z\"><\/path><\/svg>\t\t\t\t\t<\/a>\n\t\t\t\t<\/span>\n\t\t\t\t\t<\/div>\n\t\t\t\t\t\t<\/div>\n\t\t\t\t<\/div>\n\t\t\t\t\t<\/div>\n\t\t\t\t<\/div>\n\t\t\t\t<\/div>","protected":false},"excerpt":{"rendered":"<p>Tak, Twoja ksi\u0105\u017cka te\u017c si\u0119 sprzeda! Nazywam si\u0119 Dominika Tarczo\u0144 [&hellip;]<\/p>\n","protected":false},"author":1,"featured_media":0,"parent":0,"menu_order":0,"comment_status":"closed","ping_status":"closed","template":"","meta":{"_eb_attr":"","two_page_speed":null,"footnotes":""},"class_list":["post-3540","page","type-page","status-publish","hentry"],"_links":{"self":[{"href":"https:\/\/nerdkobieta.pl\/en\/wp-json\/wp\/v2\/pages\/3540","targetHints":{"allow":["GET"]}}],"collection":[{"href":"https:\/\/nerdkobieta.pl\/en\/wp-json\/wp\/v2\/pages"}],"about":[{"href":"https:\/\/nerdkobieta.pl\/en\/wp-json\/wp\/v2\/types\/page"}],"author":[{"embeddable":true,"href":"https:\/\/nerdkobieta.pl\/en\/wp-json\/wp\/v2\/users\/1"}],"replies":[{"embeddable":true,"href":"https:\/\/nerdkobieta.pl\/en\/wp-json\/wp\/v2\/comments?post=3540"}],"version-history":[{"count":87,"href":"https:\/\/nerdkobieta.pl\/en\/wp-json\/wp\/v2\/pages\/3540\/revisions"}],"predecessor-version":[{"id":5167,"href":"https:\/\/nerdkobieta.pl\/en\/wp-json\/wp\/v2\/pages\/3540\/revisions\/5167"}],"wp:attachment":[{"href":"https:\/\/nerdkobieta.pl\/en\/wp-json\/wp\/v2\/media?parent=3540"}],"curies":[{"name":"wp","href":"https:\/\/api.w.org\/{rel}","templated":true}]}}