{"id":3529,"date":"2021-03-18T15:41:11","date_gmt":"2021-03-18T14:41:11","guid":{"rendered":"https:\/\/nerdkobieta.pl\/?page_id=3529"},"modified":"2024-03-12T15:55:59","modified_gmt":"2024-03-12T14:55:59","slug":"o-mnie","status":"publish","type":"page","link":"https:\/\/nerdkobieta.pl\/en\/o-mnie\/","title":{"rendered":"About me"},"content":{"rendered":"<div data-elementor-type=\"wp-page\" data-elementor-id=\"3529\" class=\"elementor elementor-3529\">\n\t\t\t\t\t\t<section class=\"elementor-section elementor-top-section elementor-element elementor-element-1ea703c2 elementor-section-boxed elementor-section-height-default elementor-section-height-default\" data-id=\"1ea703c2\" data-element_type=\"section\" data-e-type=\"section\">\n\t\t\t\t\t\t<div class=\"elementor-container elementor-column-gap-default\">\n\t\t\t\t\t<div class=\"elementor-column elementor-col-100 elementor-top-column elementor-element elementor-element-24eda57\" data-id=\"24eda57\" data-element_type=\"column\" data-e-type=\"column\">\n\t\t\t<div class=\"elementor-widget-wrap elementor-element-populated\">\n\t\t\t\t\t\t<div class=\"elementor-element elementor-element-66765905 elementor-widget__width-initial elementor-widget elementor-widget-text-editor\" data-id=\"66765905\" data-element_type=\"widget\" data-e-type=\"widget\" data-widget_type=\"text-editor.default\">\n\t\t\t\t<div class=\"elementor-widget-container\">\n\t\t\t\t\t\t\t\t\t<h2 class=\"has-text-align-center\">Who am I?<\/h2>\n<p><!-- \/wp:heading --><\/p>\n<p><!-- wp:paragraph --><\/p>\n<p><strong>My name is Dominika Tarczo\u0144 and... I work in books. I offer training that will help you understand the publishing market.<\/strong><\/p>\n<p><!-- \/wp:paragraph --><\/p>\n<p><!-- wp:paragraph --><\/p>\n<p>My main specialization is popular literature, such as sci-fi and fantasy, crime, drama, and romance. Due to the specificity and hermetic nature of the target group, fantasy and sci-fi are demanding and complicated genres. Choose me to help you reach the perfect reader!<\/p>\n<p><!-- \/wp:paragraph --><\/p>\n<p><!-- wp:paragraph --><\/p>\n<p>I can help authors earn more money from their writing. Or train publishing houses' employees, small publishers, and even self-publishers.<\/p>\n<p><!-- \/wp:paragraph --><\/p>\n<p><!-- wp:paragraph --><\/p>\n<p>Can you make a living as a writer? How much does a writer earn? What are the rates for authors... and why are they so low? These are questions many writers ask themselves, from beginners to established authors. I address them in my publications.<\/p>\n<p><!-- \/wp:paragraph --><\/p>\n<p><!-- wp:paragraph --><\/p>\n<p>Why did our promotion fail? \nWhat are the best practices for setting up a publishing calendar? \nHow can we reach new readers?\nWho are the target groups for our titles? \nI can help you get the answers.<\/p>\n<p><!-- \/wp:paragraph --><\/p>\n<p><!-- wp:heading {\"textAlign\":\"center\"} --><\/p>\n<h2>\u00a0<\/h2>\n<h2 class=\"has-text-align-center\">Send me an email<\/h2>\n<h2 class=\"has-text-align-center\"><a class=\"wp-block-button__link\" style=\"font-size: 16px;\" href=\"https:\/\/nerdkobieta.pl\/en\/formularz\/\">CONTACT<\/a><\/h2>\n<p>\u00a0<\/p>\n<h2 style=\"text-align: center;\">\u00a0<\/h2>\n<h2 style=\"text-align: center;\">What do I do?<\/h2>\n<p><a>Copywriting<\/a><\/p>\n<p>Articles, popular science texts, interviews, sales content, SEO content, advertising slogans, book descriptions, blurbs, short stories, novels, and more... Sky is the limit!<\/p>\n<p><a>Content management<\/a><\/p>\n<p>I design and implement content strategies for micro, small, and medium-sized businesses.<\/p>\n<p><a>Book promotion<\/a><\/p>\n<p>Comprehensive book PR &amp; Marketing services.<\/p>\n<p><a>Promotion of writers\/authors<\/a><\/p>\n<p>Comprehensive PR &amp; Marketing services in promoting Polish and foreign authors.<\/p>\n<p><a>Coaching<\/a><\/p>\n<p>Book promotion training &amp; Coaching.<\/p>\n<ul>\n<li>Your Book - PR &amp; Media Training lvl basic<\/li>\n<li>Your Book - PR &amp; Media Training lvl medium<\/li>\n<li>Your Book - PR &amp; Media Training lvl pro<\/li>\n<li>Fantastic target audiences and how to find them<\/li>\n<li>Bookfluencers: The publisher's secret weapon<\/li>\n<li>Booktok. How to use TikTok in your book's promotion?<\/li>\n<li>Buzzmarketing<\/li>\n<\/ul>\n<p>Training &amp; Coaching for Writers<\/p>\n<ul>\n<li>How to navigate the publishing market<\/li>\n<li>How to promote your book and sell more copies \u2013 Author Promotion Training<\/li>\n<li>Booktok. How to use TikTok in your book's promotion?<\/li>\n<\/ul>\n<p>Other:<\/p>\n<ul>\n<li>Find customers - sell products. Social Media Advertising Campaigns for Micro and Small Businesses<\/li>\n<li>Advertising campaigns for cultural institutions<\/li>\n<li>Let's do a convention! Con's Advertising<\/li>\n<\/ul>\n<p><a>Marketing online<\/a><\/p>\n<p>Facebook Ads<br \/>Instagram Ads<br \/>Native Advertising<\/p>\n<p><a>Booktour in your city<\/a><\/p>\n<p>You can invite me to your local bookstore.<\/p>\n<p><a>Lectures &amp; Speeches<\/a><\/p>\n<p>I specialize in marketing in the publishing industry, fantasy and post-apocalypse genres.<\/p>\n<p><a>Patronage<\/a><\/p>\n<p>I provide media patronage to books, games and events.<\/p>\n<p><a>Book's Reviews <\/a><\/p>\n<p>I create book reviews, including internal reviews for the publisher.<\/p>\n<p><a>Special Events<\/a><\/p>\n<p>I run author meetings and premiere events.<\/p>\n<p>\u00a0<\/p>\n<p><!-- wp:heading {\"textAlign\":\"center\"} --><\/p>\n<h2 class=\"has-text-align-center\">Portfolio (PL)<\/h2>\n<p><!-- \/wp:heading --><\/p>\n<p><!-- wp:buttons --><\/p>\n<div class=\"wp-block-buttons\">\n<p><!-- wp:button {\"align\":\"center\"} --><\/p>\n<div class=\"wp-block-button aligncenter\"><a class=\"wp-block-button__link\" href=\"https:\/\/drive.google.com\/file\/d\/1scgS_iH7dbKprC6BWc9TSbZLhCRHHoJ4\/view\">Copywriter's Portfolio<\/a><\/div>\n<\/div>\n<div class=\"wp-block-buttons\">\n<p><!-- \/wp:button --><\/p>\n<\/div>\n<p><!-- \/wp:buttons --><\/p>\t\t\t\t\t\t\t\t<\/div>\n\t\t\t\t<\/div>\n\t\t\t\t\t<\/div>\n\t\t<\/div>\n\t\t\t\t\t<\/div>\n\t\t<\/section>\n\t\t\t\t<\/div>","protected":false},"excerpt":{"rendered":"<p>Kim jestem Nazywam si\u0119 Dominika Tarczo\u0144 i robi\u0119 w ksi\u0105\u017ckach. [&hellip;]<\/p>\n","protected":false},"author":1,"featured_media":0,"parent":0,"menu_order":0,"comment_status":"closed","ping_status":"closed","template":"","meta":{"_eb_attr":"","two_page_speed":[],"footnotes":""},"class_list":["post-3529","page","type-page","status-publish","hentry"],"_links":{"self":[{"href":"https:\/\/nerdkobieta.pl\/en\/wp-json\/wp\/v2\/pages\/3529","targetHints":{"allow":["GET"]}}],"collection":[{"href":"https:\/\/nerdkobieta.pl\/en\/wp-json\/wp\/v2\/pages"}],"about":[{"href":"https:\/\/nerdkobieta.pl\/en\/wp-json\/wp\/v2\/types\/page"}],"author":[{"embeddable":true,"href":"https:\/\/nerdkobieta.pl\/en\/wp-json\/wp\/v2\/users\/1"}],"replies":[{"embeddable":true,"href":"https:\/\/nerdkobieta.pl\/en\/wp-json\/wp\/v2\/comments?post=3529"}],"version-history":[{"count":26,"href":"https:\/\/nerdkobieta.pl\/en\/wp-json\/wp\/v2\/pages\/3529\/revisions"}],"predecessor-version":[{"id":4962,"href":"https:\/\/nerdkobieta.pl\/en\/wp-json\/wp\/v2\/pages\/3529\/revisions\/4962"}],"wp:attachment":[{"href":"https:\/\/nerdkobieta.pl\/en\/wp-json\/wp\/v2\/media?parent=3529"}],"curies":[{"name":"wp","href":"https:\/\/api.w.org\/{rel}","templated":true}]}}