{"id":3322,"date":"2019-01-31T16:52:04","date_gmt":"2019-01-31T15:52:04","guid":{"rendered":"http:\/\/nerdkobieta.pl\/?page_id=3322"},"modified":"2026-03-20T12:10:26","modified_gmt":"2026-03-20T11:10:26","slug":"polityka-prywatnosci","status":"publish","type":"page","link":"https:\/\/nerdkobieta.pl\/en\/polityka-prywatnosci\/","title":{"rendered":"Polityka prywatno\u015bci"},"content":{"rendered":"<h3 data-section-id=\"1fbxj1f\" data-start=\"260\" data-end=\"286\">1. Postanowienia og\u00f3lne<\/h3>\n<ol data-start=\"288\" data-end=\"742\">\n<li data-section-id=\"10mxuzf\" data-start=\"288\" data-end=\"508\">\n<p data-start=\"291\" data-end=\"508\">Niniejsza Polityka prywatno\u015bci okre\u015bla zasady przetwarzania danych osobowych oraz wykorzystywania plik\u00f3w cookies w zwi\u0105zku z korzystaniem ze strony internetowej dost\u0119pnej pod adresem: nerdkobieta.pl (dalej: \u201eSerwis\u201d).<\/p>\n<\/li>\n<li data-section-id=\"ewcxg5\" data-start=\"509\" data-end=\"742\">\n<p data-start=\"512\" data-end=\"742\">Administratorem danych osobowych jest:<br data-start=\"550\" data-end=\"553\" \/><strong data-start=\"553\" data-end=\"588\">NERD KOBIETA \u2013 Dominika Tarczo\u0144<\/strong><br data-start=\"588\" data-end=\"591\" \/>ul. Radzymi\u0144ska 34\/16, 03-752 Warszawa, Polska<br data-start=\"637\" data-end=\"640\" \/>NIP: 8351562064<br data-start=\"655\" data-end=\"658\" \/>REGON: 388328100<br data-start=\"674\" data-end=\"677\" \/>adres e-mail: <a class=\"decorated-link cursor-pointer\" rel=\"noopener\" data-start=\"691\" data-end=\"714\">dominika@nerdkobieta.pl<\/a><br data-start=\"714\" data-end=\"717\" \/>(dalej: \u201eAdministrator\u201d).<\/p>\n<\/li>\n<\/ol>\n<h3 data-section-id=\"1vysuny\" data-start=\"749\" data-end=\"783\">2. Zakres przetwarzanych danych<\/h3>\n<p data-start=\"785\" data-end=\"907\">Administrator przetwarza dane osobowe u\u017cytkownik\u00f3w w zakresie niezb\u0119dnym do realizacji okre\u015blonych cel\u00f3w, w szczeg\u00f3lno\u015bci:<\/p>\n<ul data-start=\"909\" data-end=\"1118\">\n<li data-section-id=\"1ivvyv9\" data-start=\"909\" data-end=\"929\">\n<p data-start=\"911\" data-end=\"929\">imi\u0119 i nazwisko,<\/p>\n<\/li>\n<li data-section-id=\"dnp6ck\" data-start=\"930\" data-end=\"947\">\n<p data-start=\"932\" data-end=\"947\">adres e-mail,<\/p>\n<\/li>\n<li data-section-id=\"jcdln3\" data-start=\"948\" data-end=\"967\">\n<p data-start=\"950\" data-end=\"967\">numer telefonu,<\/p>\n<\/li>\n<li data-section-id=\"1inhlfq\" data-start=\"968\" data-end=\"986\">\n<p data-start=\"970\" data-end=\"986\">adres dostawy,<\/p>\n<\/li>\n<li data-section-id=\"1eb86g6\" data-start=\"987\" data-end=\"1019\">\n<p data-start=\"989\" data-end=\"1019\">dane do faktury (w tym NIP),<\/p>\n<\/li>\n<li data-section-id=\"1kli72l\" data-start=\"1020\" data-end=\"1054\">\n<p data-start=\"1022\" data-end=\"1054\">dane zawarte w korespondencji,<\/p>\n<\/li>\n<li data-section-id=\"r6hutt\" data-start=\"1055\" data-end=\"1118\">\n<p data-start=\"1057\" data-end=\"1118\">dane techniczne (np. adres IP, dane o aktywno\u015bci w Serwisie).<\/p>\n<\/li>\n<\/ul>\n<p data-start=\"1120\" data-end=\"1268\">Podanie danych jest dobrowolne, jednak w niekt\u00f3rych przypadkach niezb\u0119dne do zawarcia i realizacji umowy lub skorzystania z funkcjonalno\u015bci Serwisu.<\/p>\n<h3 data-section-id=\"43cqmz\" data-start=\"1275\" data-end=\"1324\">3. Cele i podstawy prawne przetwarzania danych<\/h3>\n<p data-start=\"1326\" data-end=\"1445\">Dane osobowe s\u0105 przetwarzane zgodnie z obowi\u0105zuj\u0105cymi przepisami prawa, w szczeg\u00f3lno\u015bci z RODO, w nast\u0119puj\u0105cych celach:<\/p>\n<ol data-start=\"1447\" data-end=\"2155\">\n<li data-section-id=\"m4790t\" data-start=\"1447\" data-end=\"1556\">\n<p data-start=\"1450\" data-end=\"1556\"><strong data-start=\"1450\" data-end=\"1508\">Zawarcie i wykonanie umowy (np. realizacja zam\u00f3wienia)<\/strong><br data-start=\"1508\" data-end=\"1511\" \/>Podstawa prawna: art. 6 ust. 1 lit. b RODO<\/p>\n<\/li>\n<li data-section-id=\"q40vta\" data-start=\"1558\" data-end=\"1675\">\n<p data-start=\"1561\" data-end=\"1675\"><strong data-start=\"1561\" data-end=\"1627\">Wype\u0142nienie obowi\u0105zk\u00f3w prawnych (np. podatkowych i ksi\u0119gowych)<\/strong><br data-start=\"1627\" data-end=\"1630\" \/>Podstawa prawna: art. 6 ust. 1 lit. c RODO<\/p>\n<\/li>\n<li data-section-id=\"zuze5q\" data-start=\"1677\" data-end=\"1810\">\n<p data-start=\"1680\" data-end=\"1810\"><strong data-start=\"1680\" data-end=\"1725\">Obs\u0142uga zapyta\u0144 i kontakt z u\u017cytkownikiem<\/strong><br data-start=\"1725\" data-end=\"1728\" \/>Podstawa prawna: art. 6 ust. 1 lit. f RODO (uzasadniony interes Administratora)<\/p>\n<\/li>\n<li data-section-id=\"cemkkd\" data-start=\"1812\" data-end=\"1942\">\n<p data-start=\"1815\" data-end=\"1942\"><strong data-start=\"1815\" data-end=\"1886\">Marketing w\u0142asnych produkt\u00f3w i us\u0142ug, w tym prowadzenie newslettera<\/strong><br data-start=\"1886\" data-end=\"1889\" \/>Podstawa prawna: art. 6 ust. 1 lit. a RODO (zgoda)<\/p>\n<\/li>\n<li data-section-id=\"12687ko\" data-start=\"1944\" data-end=\"2067\">\n<p data-start=\"1947\" data-end=\"2067\"><strong data-start=\"1947\" data-end=\"1982\">Cele analityczne i statystyczne<\/strong><br data-start=\"1982\" data-end=\"1985\" \/>Podstawa prawna: art. 6 ust. 1 lit. f RODO (uzasadniony interes Administratora)<\/p>\n<\/li>\n<li data-section-id=\"18qlala\" data-start=\"2069\" data-end=\"2155\">\n<p data-start=\"2072\" data-end=\"2155\"><strong data-start=\"2072\" data-end=\"2107\">Dochodzenie lub obrona roszcze\u0144<\/strong><br data-start=\"2107\" data-end=\"2110\" \/>Podstawa prawna: art. 6 ust. 1 lit. f RODO<\/p>\n<\/li>\n<\/ol>\n<h3 data-section-id=\"3e5ts3\" data-start=\"2162\" data-end=\"2205\">4. Newsletter i komunikacja marketingowa<\/h3>\n<ol data-start=\"2207\" data-end=\"2558\">\n<li data-section-id=\"er2aks\" data-start=\"2207\" data-end=\"2285\">\n<p data-start=\"2210\" data-end=\"2285\">U\u017cytkownik mo\u017ce zapisa\u0107 si\u0119 na newsletter poprzez wyra\u017cenie odr\u0119bnej zgody.<\/p>\n<\/li>\n<li data-section-id=\"1mp8nw1\" data-start=\"2286\" data-end=\"2408\">\n<p data-start=\"2289\" data-end=\"2408\">W ramach newslettera Administrator przesy\u0142a informacje handlowe, w tym tre\u015bci marketingowe dotycz\u0105ce produkt\u00f3w i us\u0142ug.<\/p>\n<\/li>\n<li data-section-id=\"1vhn121\" data-start=\"2409\" data-end=\"2558\">\n<p data-start=\"2412\" data-end=\"2558\">Zgoda mo\u017ce zosta\u0107 cofni\u0119ta w ka\u017cdym czasie, w szczeg\u00f3lno\u015bci poprzez klikni\u0119cie linku rezygnacji w wiadomo\u015bci e-mail lub kontakt z Administratorem.<\/p>\n<\/li>\n<\/ol>\n<h3 data-section-id=\"10zdwlc\" data-start=\"2565\" data-end=\"2586\">5. Odbiorcy danych<\/h3>\n<p data-start=\"2588\" data-end=\"2750\">Dane osobowe mog\u0105 by\u0107 przekazywane podmiotom wsp\u00f3\u0142pracuj\u0105cym z Administratorem wy\u0142\u0105cznie w zakresie niezb\u0119dnym do realizacji cel\u00f3w przetwarzania, w szczeg\u00f3lno\u015bci:<\/p>\n<ul data-start=\"2752\" data-end=\"3045\">\n<li data-section-id=\"muxpz0\" data-start=\"2752\" data-end=\"2794\">\n<p data-start=\"2754\" data-end=\"2794\">operatorom p\u0142atno\u015bci (np. Przelewy24),<\/p>\n<\/li>\n<li data-section-id=\"18bw74f\" data-start=\"2795\" data-end=\"2829\">\n<p data-start=\"2797\" data-end=\"2829\">firmom kurierskim i pocztowym,<\/p>\n<\/li>\n<li data-section-id=\"w0pz8j\" data-start=\"2830\" data-end=\"2873\">\n<p data-start=\"2832\" data-end=\"2873\">dostawcom us\u0142ug hostingowych (np. OVH),<\/p>\n<\/li>\n<li data-section-id=\"gh0063\" data-start=\"2874\" data-end=\"2947\">\n<p data-start=\"2876\" data-end=\"2947\">dostawcom narz\u0119dzi analitycznych i marketingowych (np. Google, Meta),<\/p>\n<\/li>\n<li data-section-id=\"16fhzmn\" data-start=\"2948\" data-end=\"2995\">\n<p data-start=\"2950\" data-end=\"2995\">dostawcom us\u0142ug IT i system\u00f3w mailingowych,<\/p>\n<\/li>\n<li data-section-id=\"d0fdw0\" data-start=\"2996\" data-end=\"3045\">\n<p data-start=\"2998\" data-end=\"3045\">podmiotom \u015bwiadcz\u0105cym us\u0142ugi ksi\u0119gowe i prawne.<\/p>\n<\/li>\n<\/ul>\n<h3 data-section-id=\"qb1f6v\" data-start=\"3052\" data-end=\"3113\">6. Przekazywanie danych poza Europejski Obszar Gospodarczy<\/h3>\n<p data-start=\"3115\" data-end=\"3301\">W zwi\u0105zku z korzystaniem z narz\u0119dzi dostarczanych przez podmioty maj\u0105ce siedzib\u0119 poza Europejskim Obszarem Gospodarczym (np. Google, Meta), dane mog\u0105 by\u0107 przekazywane do pa\u0144stw trzecich.<\/p>\n<p data-start=\"3303\" data-end=\"3497\">Przekazywanie danych odbywa si\u0119 z zastosowaniem odpowiednich zabezpiecze\u0144 przewidzianych przepisami prawa, w szczeg\u00f3lno\u015bci standardowych klauzul umownych zatwierdzonych przez Komisj\u0119 Europejsk\u0105.<\/p>\n<h3 data-section-id=\"149akle\" data-start=\"3504\" data-end=\"3537\">7. Okres przechowywania danych<\/h3>\n<p data-start=\"3539\" data-end=\"3581\">Dane osobowe s\u0105 przechowywane przez okres:<\/p>\n<ul data-start=\"3583\" data-end=\"3891\">\n<li data-section-id=\"14t28mn\" data-start=\"3583\" data-end=\"3701\">\n<p data-start=\"3585\" data-end=\"3701\">niezb\u0119dny do realizacji umowy, a nast\u0119pnie przez okres wymagany przepisami prawa (np. 6 lat dla cel\u00f3w ksi\u0119gowych),<\/p>\n<\/li>\n<li data-section-id=\"1ot09y2\" data-start=\"3702\" data-end=\"3786\">\n<p data-start=\"3704\" data-end=\"3786\">do czasu cofni\u0119cia zgody \u2013 w przypadku danych przetwarzanych na podstawie zgody,<\/p>\n<\/li>\n<li data-section-id=\"5ks77x\" data-start=\"3787\" data-end=\"3891\">\n<p data-start=\"3789\" data-end=\"3891\">do czasu przedawnienia roszcze\u0144 \u2013 w przypadku danych przetwarzanych w celu ich dochodzenia lub obrony.<\/p>\n<\/li>\n<\/ul>\n<h3 data-section-id=\"ic4k3g\" data-start=\"3898\" data-end=\"3921\">8. Prawa u\u017cytkownika<\/h3>\n<p data-start=\"3923\" data-end=\"3967\">U\u017cytkownikowi przys\u0142uguj\u0105 nast\u0119puj\u0105ce prawa:<\/p>\n<ul data-start=\"3969\" data-end=\"4229\">\n<li data-section-id=\"4xz2pp\" data-start=\"3969\" data-end=\"3997\">\n<p data-start=\"3971\" data-end=\"3997\">prawo dost\u0119pu do danych,<\/p>\n<\/li>\n<li data-section-id=\"14neuqz\" data-start=\"3998\" data-end=\"4031\">\n<p data-start=\"4000\" data-end=\"4031\">prawo do sprostowania danych,<\/p>\n<\/li>\n<li data-section-id=\"fr29kb\" data-start=\"4032\" data-end=\"4062\">\n<p data-start=\"4034\" data-end=\"4062\">prawo do usuni\u0119cia danych,<\/p>\n<\/li>\n<li data-section-id=\"14h9isi\" data-start=\"4063\" data-end=\"4103\">\n<p data-start=\"4065\" data-end=\"4103\">prawo do ograniczenia przetwarzania,<\/p>\n<\/li>\n<li data-section-id=\"7j11mj\" data-start=\"4104\" data-end=\"4137\">\n<p data-start=\"4106\" data-end=\"4137\">prawo do przenoszenia danych,<\/p>\n<\/li>\n<li data-section-id=\"ymakim\" data-start=\"4138\" data-end=\"4181\">\n<p data-start=\"4140\" data-end=\"4181\">prawo do sprzeciwu wobec przetwarzania,<\/p>\n<\/li>\n<li data-section-id=\"17eixun\" data-start=\"4182\" data-end=\"4229\">\n<p data-start=\"4184\" data-end=\"4229\">prawo do cofni\u0119cia zgody w dowolnym momencie.<\/p>\n<\/li>\n<\/ul>\n<p data-start=\"4231\" data-end=\"4320\">U\u017cytkownik ma r\u00f3wnie\u017c prawo wniesienia skargi do Prezesa Urz\u0119du Ochrony Danych Osobowych.<\/p>\n<h3 data-section-id=\"17o9vjb\" data-start=\"4327\" data-end=\"4345\">9. Profilowanie<\/h3>\n<p data-start=\"4347\" data-end=\"4484\">Dane u\u017cytkownik\u00f3w mog\u0105 by\u0107 wykorzystywane do profilowania w celach marketingowych, w szczeg\u00f3lno\u015bci w celu dopasowania tre\u015bci reklamowych.<\/p>\n<p data-start=\"4486\" data-end=\"4581\">Profilowanie nie prowadzi do podejmowania decyzji wywo\u0142uj\u0105cych skutki prawne wobec u\u017cytkownika.<\/p>\n<h3 data-section-id=\"1ndkthm\" data-start=\"4588\" data-end=\"4608\">10. Pliki cookies<\/h3>\n<ol data-start=\"4610\" data-end=\"5006\">\n<li data-section-id=\"1qdp2wt\" data-start=\"4610\" data-end=\"4734\">\n<p data-start=\"4613\" data-end=\"4734\">Serwis wykorzystuje pliki cookies, czyli niewielkie informacje tekstowe przechowywane na urz\u0105dzeniu ko\u0144cowym u\u017cytkownika.<\/p>\n<\/li>\n<li data-section-id=\"yqrx8d\" data-start=\"4735\" data-end=\"4896\">\n<p data-start=\"4738\" data-end=\"4771\">Cookies wykorzystywane s\u0105 w celu:<\/p>\n<ul data-start=\"4775\" data-end=\"4896\">\n<li data-section-id=\"1xho1qw\" data-start=\"4775\" data-end=\"4822\">\n<p data-start=\"4777\" data-end=\"4822\">zapewnienia prawid\u0142owego dzia\u0142ania Serwisu,<\/p>\n<\/li>\n<li data-section-id=\"cvbpaf\" data-start=\"4826\" data-end=\"4855\">\n<p data-start=\"4828\" data-end=\"4855\">analizy ruchu w Serwisie,<\/p>\n<\/li>\n<li data-section-id=\"ay1k1r\" data-start=\"4859\" data-end=\"4896\">\n<p data-start=\"4861\" data-end=\"4896\">prowadzenia dzia\u0142a\u0144 marketingowych.<\/p>\n<\/li>\n<\/ul>\n<\/li>\n<li data-section-id=\"11kluts\" data-start=\"4898\" data-end=\"5006\">\n<p data-start=\"4901\" data-end=\"4925\">W Serwisie stosowane s\u0105:<\/p>\n<ul data-start=\"4929\" data-end=\"5006\">\n<li data-section-id=\"qivy5b\" data-start=\"4929\" data-end=\"4951\">\n<p data-start=\"4931\" data-end=\"4951\">cookies niezb\u0119dne,<\/p>\n<\/li>\n<li data-section-id=\"vt4byf\" data-start=\"4955\" data-end=\"4979\">\n<p data-start=\"4957\" data-end=\"4979\">cookies analityczne,<\/p>\n<\/li>\n<li data-section-id=\"1juhc88\" data-start=\"4983\" data-end=\"5006\">\n<p data-start=\"4985\" data-end=\"5006\">cookies marketingowe.<\/p>\n<\/li>\n<\/ul>\n<\/li>\n<\/ol>\n<h3 data-section-id=\"9vun5w\" data-start=\"5013\" data-end=\"5036\">11. Zgoda na cookies<\/h3>\n<ol data-start=\"5038\" data-end=\"5287\">\n<li data-section-id=\"fhyirw\" data-start=\"5038\" data-end=\"5135\">\n<p data-start=\"5041\" data-end=\"5135\">Cookies analityczne i marketingowe s\u0105 wykorzystywane wy\u0142\u0105cznie po uzyskaniu zgody u\u017cytkownika.<\/p>\n<\/li>\n<li data-section-id=\"1jp8717\" data-start=\"5136\" data-end=\"5287\">\n<p data-start=\"5139\" data-end=\"5186\">U\u017cytkownik mo\u017ce zarz\u0105dza\u0107 ustawieniami cookies:<\/p>\n<ul data-start=\"5190\" data-end=\"5287\">\n<li data-section-id=\"1ie5ga9\" data-start=\"5190\" data-end=\"5236\">\n<p data-start=\"5192\" data-end=\"5236\">poprzez baner cookies dost\u0119pny w Serwisie,<\/p>\n<\/li>\n<li data-section-id=\"kexg3e\" data-start=\"5240\" data-end=\"5287\">\n<p data-start=\"5242\" data-end=\"5287\">poprzez ustawienia przegl\u0105darki internetowej.<\/p>\n<\/li>\n<\/ul>\n<\/li>\n<\/ol>\n<h3 data-section-id=\"yybsi5\" data-start=\"5294\" data-end=\"5323\">12. Dane techniczne i logi<\/h3>\n<p data-start=\"5325\" data-end=\"5423\">Administrator mo\u017ce przetwarza\u0107 dane techniczne zwi\u0105zane z korzystaniem z Serwisu, w szczeg\u00f3lno\u015bci:<\/p>\n<ul data-start=\"5425\" data-end=\"5488\">\n<li data-section-id=\"1y6bw58\" data-start=\"5425\" data-end=\"5438\">\n<p data-start=\"5427\" data-end=\"5438\">adres IP,<\/p>\n<\/li>\n<li data-section-id=\"1dj5yvz\" data-start=\"5439\" data-end=\"5455\">\n<p data-start=\"5441\" data-end=\"5455\">czas wizyty,<\/p>\n<\/li>\n<li data-section-id=\"14luesd\" data-start=\"5456\" data-end=\"5488\">\n<p data-start=\"5458\" data-end=\"5488\">dane o aktywno\u015bci u\u017cytkownika.<\/p>\n<\/li>\n<\/ul>\n<p data-start=\"5490\" data-end=\"5586\">Dane te wykorzystywane s\u0105 w celu zapewnienia bezpiecze\u0144stwa oraz prawid\u0142owego dzia\u0142ania Serwisu.<\/p>\n<h3 data-section-id=\"1hybkg\" data-start=\"5593\" data-end=\"5621\">13. Zabezpieczenia danych<\/h3>\n<p data-start=\"5623\" data-end=\"5751\">Administrator stosuje odpowiednie \u015brodki techniczne i organizacyjne zapewniaj\u0105ce ochron\u0119 przetwarzanych danych, w szczeg\u00f3lno\u015bci:<\/p>\n<ul data-start=\"5753\" data-end=\"5851\">\n<li data-section-id=\"15e0kvq\" data-start=\"5753\" data-end=\"5784\">\n<p data-start=\"5755\" data-end=\"5784\">szyfrowanie po\u0142\u0105cze\u0144 (SSL),<\/p>\n<\/li>\n<li data-section-id=\"mw3uds\" data-start=\"5785\" data-end=\"5816\">\n<p data-start=\"5787\" data-end=\"5816\">kontrol\u0119 dost\u0119pu do danych,<\/p>\n<\/li>\n<li data-section-id=\"179hdfy\" data-start=\"5817\" data-end=\"5851\">\n<p data-start=\"5819\" data-end=\"5851\">regularne aktualizacje system\u00f3w.<\/p>\n<\/li>\n<\/ul>\n<h3 data-section-id=\"ybp8uy\" data-start=\"5858\" data-end=\"5892\">14. Zmiany polityki prywatno\u015bci<\/h3>\n<p data-start=\"5894\" data-end=\"6058\">Administrator zastrzega sobie prawo do wprowadzania zmian w Polityce prywatno\u015bci, w szczeg\u00f3lno\u015bci w przypadku zmiany przepis\u00f3w prawa lub zakresu \u015bwiadczonych us\u0142ug.<\/p>\n\n\n<p><\/p>","protected":false},"excerpt":{"rendered":"<p>1. Postanowienia og\u00f3lne Niniejsza Polityka prywatno\u015bci okre\u015bla zasady przetwarzania danych [&hellip;]<\/p>\n","protected":false},"author":1,"featured_media":0,"parent":0,"menu_order":0,"comment_status":"closed","ping_status":"closed","template":"page-templates\/page_fullwidth.php","meta":{"_eb_attr":"","two_page_speed":[],"footnotes":""},"class_list":["post-3322","page","type-page","status-publish","hentry"],"_links":{"self":[{"href":"https:\/\/nerdkobieta.pl\/en\/wp-json\/wp\/v2\/pages\/3322","targetHints":{"allow":["GET"]}}],"collection":[{"href":"https:\/\/nerdkobieta.pl\/en\/wp-json\/wp\/v2\/pages"}],"about":[{"href":"https:\/\/nerdkobieta.pl\/en\/wp-json\/wp\/v2\/types\/page"}],"author":[{"embeddable":true,"href":"https:\/\/nerdkobieta.pl\/en\/wp-json\/wp\/v2\/users\/1"}],"replies":[{"embeddable":true,"href":"https:\/\/nerdkobieta.pl\/en\/wp-json\/wp\/v2\/comments?post=3322"}],"version-history":[{"count":3,"href":"https:\/\/nerdkobieta.pl\/en\/wp-json\/wp\/v2\/pages\/3322\/revisions"}],"predecessor-version":[{"id":5372,"href":"https:\/\/nerdkobieta.pl\/en\/wp-json\/wp\/v2\/pages\/3322\/revisions\/5372"}],"wp:attachment":[{"href":"https:\/\/nerdkobieta.pl\/en\/wp-json\/wp\/v2\/media?parent=3322"}],"curies":[{"name":"wp","href":"https:\/\/api.w.org\/{rel}","templated":true}]}}