{"id":5153,"date":"2024-07-18T16:12:03","date_gmt":"2024-07-18T14:12:03","guid":{"rendered":"https:\/\/nerdkobieta.pl\/?post_type=product&#038;p=5153"},"modified":"2024-07-18T16:15:18","modified_gmt":"2024-07-18T14:15:18","slug":"gnomes-taste-best-with-thyme-ebook","status":"publish","type":"product","link":"http:\/\/nerdkobieta.pl\/en\/product\/gnomes-taste-best-with-thyme-ebook\/","title":{"rendered":"Gnomes Taste Best with Thyme (ebook)"},"content":{"rendered":"<h2><b>Gnomes Taste Best with Thyme is a short story that won the JaSkier Literary Award in 2019.<\/b><\/h2>\n<h3><strong>We promise you dark Slavic humor, delicious gnomes, and&#8230; an appetite for more.<\/strong><\/h3>\n<p><span style=\"font-weight: 400;\">In this world, if you don&#8217;t pass your witchcraft exam by the age of 30, you become an unemployed outcast (no more dental insurance, hello to cheap frozen meals for the rest of your life).<\/span><\/p>\n<p><span style=\"font-weight: 400;\">This witch is 28 years old and on the verge of a mental breakdown. She can&#8217;t afford to be late, but the bridge trolls have other plans.<\/span><\/p>\n<p><span style=\"font-weight: 400;\">Will she make it on time?<\/span><\/p>\n<p><span style=\"font-weight: 400;\">And the most important question &#8211; are gnomes better roasted with thyme, or as a filling for Polish kielbasa?<\/span><\/p>\n<h2><strong>Gnomes with Thyme BEST recipe<\/strong><\/h2>\n<p><span style=\"font-weight: 400;\">My Polish witch babcia used to grind gnomes and fill pierogi with them. Family from my father\u2019s side (if you are Polish and from Chicago, this is the proper way) used to eat them crispy-fried, with proziaki (google it, delicious) and garlic butter.<\/span><\/p>\n<p><span style=\"font-weight: 400;\">But my mum&#8217;s recipe\u2026 Oh, my mum\u2019s recipe! It\u2019s the best way.<\/span><\/p>\n<h2 style=\"text-align: center;\"><b>Gnomes with Thyme Recipe \u2013 Warsaw Style<\/b><\/h2>\n<p style=\"text-align: center;\"><b>Ingredients:<\/b><\/p>\n<p style=\"text-align: center;\"><span style=\"font-weight: 400;\">4 medium potatoes (your favorite variety will work well)<\/span><\/p>\n<p style=\"text-align: center;\"><span style=\"font-weight: 400;\">2 tablespoons olive oil<\/span><\/p>\n<p style=\"text-align: center;\"><span style=\"font-weight: 400;\">2 teaspoons fresh thyme, chopped<\/span><\/p>\n<p style=\"text-align: center;\"><span style=\"font-weight: 400;\">2 cloves of garlic, finely chopped<\/span><\/p>\n<p style=\"text-align: center;\"><span style=\"font-weight: 400;\">1 teaspoon salt<\/span><\/p>\n<p style=\"text-align: center;\"><span style=\"font-weight: 400;\">1\/2 teaspoon black pepper<\/span><\/p>\n<p style=\"text-align: left;\"><b>Instructions:<\/b><\/p>\n<ol>\n<li style=\"font-weight: 400;\" aria-level=\"1\"><span style=\"font-weight: 400;\">Preheat your oven to 425\u00b0F (220\u00b0C).<\/span><\/li>\n<li style=\"font-weight: 400;\" aria-level=\"1\"><span style=\"font-weight: 400;\">Wash and peel the potatoes.<\/span><\/li>\n<li style=\"font-weight: 400;\" aria-level=\"1\"><span style=\"font-weight: 400;\">Cut them into small cubes (about 1-inch pieces).<\/span><\/li>\n<li style=\"font-weight: 400;\" aria-level=\"1\"><span style=\"font-weight: 400;\">Blanch the gnomes in boiling water to stop them from biting. Peel off their rags. Don\u2019t lose any of the little hats\u2014add them during baking, as they cook quickly.<\/span><\/li>\n<li style=\"font-weight: 400;\" aria-level=\"1\"><span style=\"font-weight: 400;\">Cut the gnomes into 4 pieces, not too small.<\/span><\/li>\n<li style=\"font-weight: 400;\" aria-level=\"1\"><span style=\"font-weight: 400;\">In a large bowl, toss the potato cubes with olive oil, thyme, garlic, salt, and pepper until evenly coated.<\/span><\/li>\n<li style=\"font-weight: 400;\" aria-level=\"1\"><span style=\"font-weight: 400;\">Spread the seasoned potatoes in a single layer on a baking sheet. Make sure the potatoes are not overcrowded to ensure they get crispy.<\/span><\/li>\n<li style=\"font-weight: 400;\" aria-level=\"1\"><span style=\"font-weight: 400;\">Spread the gnomes evenly among the potatoes.<\/span><\/li>\n<li style=\"font-weight: 400;\" aria-level=\"1\"><span style=\"font-weight: 400;\">Bake in the preheated oven for 25-30 minutes, or until the potatoes are golden brown and crispy. Add the little hats 5 minutes before the potatoes and gnomes are done baking to prevent them from burning.<\/span><\/li>\n<li style=\"font-weight: 400;\" aria-level=\"1\"><span style=\"font-weight: 400;\">The dish is ready when the gnomes stop swearing and hissing.<\/span><\/li>\n<\/ol>\n<p><span style=\"font-weight: 400;\">Remove from the oven and let cool slightly before serving. Remember, don\u2019t add too much salt, because gnomes are already salty!<\/span><\/p>\n<p><span style=\"font-weight: 400;\">Enjoy!<\/span><\/p>\n<h2><strong>About the Author<\/strong><\/h2>\n<p><span style=\"font-weight: 400;\">Hi there!<\/span><\/p>\n<p><span style=\"font-weight: 400;\">Or, as I used to say \u2013 \u201cCzo\u0142em\u201d! It\u2019s a traditional greeting among Polish scouts. Well, I wasn\u2019t one of them, but boy, do I love a good hike!<\/span><\/p>\n<p><span style=\"font-weight: 400;\">I\u2019m not new to writing. My work has been published in various Polish magazines, zines, and short story collections. Two of my short stories won the JaSkier Prize in 2019 and 2021.<\/span><\/p>\n<p><span style=\"font-weight: 400;\">My debut book, Pie\u015b\u0144 o Warszawie (aka POW, aka Chanson sur Varsovie, aka Warsaw Song), was also published in 2019. You should read it if you like post-apocalyptic themes, climate change (hard to like, but we should talk more about this!), sad teenagers, guilt, abandonment, and mysterious murder.<\/span><\/p>\n<p><span style=\"font-weight: 400;\">Oh, but you CAN\u2019T read it in English just now\u2026 Any literary agents here to help?<\/span><\/p>\n<h2><strong>If you enjoy<\/strong><\/h2>\n<ul>\n<li style=\"font-weight: 400;\" aria-level=\"1\"><span style=\"font-weight: 400;\">Comedy<\/span><\/li>\n<li style=\"font-weight: 400;\" aria-level=\"1\"><span style=\"font-weight: 400;\">Dark humor<\/span><\/li>\n<li style=\"font-weight: 400;\" aria-level=\"1\"><span style=\"font-weight: 400;\">Protagonist\u2019s anguish<\/span><\/li>\n<li style=\"font-weight: 400;\" aria-level=\"1\"><span style=\"font-weight: 400;\">Cottagecore<\/span><\/li>\n<li style=\"font-weight: 400;\" aria-level=\"1\"><span style=\"font-weight: 400;\">Post-apocalypse<\/span><\/li>\n<li style=\"font-weight: 400;\" aria-level=\"1\"><span style=\"font-weight: 400;\">Solarpunk<\/span><\/li>\n<li style=\"font-weight: 400;\" aria-level=\"1\"><span style=\"font-weight: 400;\">Slavic legends<\/span><\/li>\n<\/ul>\n<p><span style=\"font-weight: 400;\">you should stick around. Or stay with me. Stand by me. STAND BY MEEEE!<\/span><\/p>","protected":false},"excerpt":{"rendered":"<p>Gnomes Taste Best with Thyme is a short story that won the JaSkier Literary Award in 2019.<br \/>\nEnglish. PDF format. Please check if you have the pop-up option enabled before making a purchase.<\/p>\n<p>&#8222;Krasnoludki najlepiej smakuj\u0105 z tymiankiem&#8221; to opowiadanie, kt\u00f3re zdoby\u0142o Nagrod\u0119 Literack\u0105 JaSkier w 2019 roku. Tekst jest w j\u0119zyku angielskim. Format PDF. Zanim dokonasz zakupu sprawd\u017a, czy masz w\u0142\u0105czone wyskakuj\u0105ce okienka.<\/p>","protected":false},"featured_media":5157,"template":"","meta":{"_eb_attr":""},"product_brand":[],"product_cat":[1506],"product_tag":[],"class_list":{"0":"post-5153","1":"product","2":"type-product","3":"status-publish","4":"has-post-thumbnail","6":"product_cat-ksiazki","8":"first","9":"instock","10":"downloadable","11":"virtual","12":"sold-individually","13":"taxable","14":"purchasable","15":"product-type-simple"},"_links":{"self":[{"href":"http:\/\/nerdkobieta.pl\/en\/wp-json\/wp\/v2\/product\/5153","targetHints":{"allow":["GET"]}}],"collection":[{"href":"http:\/\/nerdkobieta.pl\/en\/wp-json\/wp\/v2\/product"}],"about":[{"href":"http:\/\/nerdkobieta.pl\/en\/wp-json\/wp\/v2\/types\/product"}],"version-history":[{"count":6,"href":"http:\/\/nerdkobieta.pl\/en\/wp-json\/wp\/v2\/product\/5153\/revisions"}],"predecessor-version":[{"id":5168,"href":"http:\/\/nerdkobieta.pl\/en\/wp-json\/wp\/v2\/product\/5153\/revisions\/5168"}],"wp:featuredmedia":[{"embeddable":true,"href":"http:\/\/nerdkobieta.pl\/en\/wp-json\/wp\/v2\/media\/5157"}],"wp:attachment":[{"href":"http:\/\/nerdkobieta.pl\/en\/wp-json\/wp\/v2\/media?parent=5153"}],"wp:term":[{"taxonomy":"product_brand","embeddable":true,"href":"http:\/\/nerdkobieta.pl\/en\/wp-json\/wp\/v2\/product_brand?post=5153"},{"taxonomy":"product_cat","embeddable":true,"href":"http:\/\/nerdkobieta.pl\/en\/wp-json\/wp\/v2\/product_cat?post=5153"},{"taxonomy":"product_tag","embeddable":true,"href":"http:\/\/nerdkobieta.pl\/en\/wp-json\/wp\/v2\/product_tag?post=5153"}],"curies":[{"name":"wp","href":"https:\/\/api.w.org\/{rel}","templated":true}]}}