{"id":4089,"date":"2021-04-23T10:56:34","date_gmt":"2021-04-23T08:56:34","guid":{"rendered":"https:\/\/nerdkobieta.pl\/?post_type=product&#038;p=4089"},"modified":"2024-05-21T22:35:39","modified_gmt":"2024-05-21T20:35:39","slug":"zawod-pisarz","status":"publish","type":"product","link":"http:\/\/nerdkobieta.pl\/en\/product\/zawod-pisarz\/","title":{"rendered":"Zaw\u00f3d: Pisarz (ebook)"},"content":{"rendered":"<p><strong>Zaw\u00f3d: Pisarz. Jak zarabia\u0107 WI\u0118CEJ na swoich ksi\u0105\u017ckach. Poradnik dla debiutant\u00f3w i zaawansowanych\u00a0<\/strong>to istne kompendium wiedzy dla autor\u00f3w literatury popularnej.<\/p>\n<div class=\"elementor-element elementor-element-a99c1eb elementor-widget elementor-widget-heading\" data-id=\"a99c1eb\" data-element_type=\"widget\" data-widget_type=\"heading.default\">\n<div class=\"elementor-widget-container\">\n<p class=\"elementor-heading-title elementor-size-default\"><strong>Zaw\u00f3d: Pisarz<\/strong> da Ci realne narz\u0119dzia i umiej\u0119tno\u015bci w walce nie tylko o czytelnik\u00f3w, ale i lepsze umowy czy wy\u017csze standardy wsp\u00f3\u0142pracy. Dowiesz si\u0119 wszystkiego o rynku ksi\u0105\u017cki, dzi\u0119ki czemu nabierzesz bardziej profesjonalnej, biznesowej postawy bez utraty tw\u00f3rczego romantyzmu.<\/p>\n<h3 class=\"elementor-heading-title elementor-size-default\">W \u201eZaw\u00f3d: Pisarz\u201d znajdziesz odpowiedzi na pytania:<\/h3>\n<\/div>\n<\/div>\n<div class=\"elementor-element elementor-element-565e301 elementor-widget elementor-widget-text-editor\" data-id=\"565e301\" data-element_type=\"widget\" data-widget_type=\"text-editor.default\">\n<div class=\"elementor-widget-container\">\n<ul>\n<li data-renderer-start-pos=\"5963\"><span data-renderer-mark=\"true\">Jak zarabia\u0107 na pisaniu?<\/span><\/li>\n<li data-renderer-start-pos=\"5963\"><span data-renderer-mark=\"true\">Jak zwi\u0119kszy\u0107 sprzeda\u017c ksi\u0105\u017cki?<\/span><\/li>\n<li data-renderer-start-pos=\"6014\"><span data-renderer-mark=\"true\">Kiedy nie warto podpisywa\u0107 umowy?<\/span><\/li>\n<li data-renderer-start-pos=\"6049\"><span data-renderer-mark=\"true\">Jak promowa\u0107 swoje ksi\u0105\u017cki bez poczucia, \u017ce jest si\u0119 akwizytorem?<\/span><\/li>\n<li data-renderer-start-pos=\"6116\"><span data-renderer-mark=\"true\">Czego oczekiwa\u0107 w promocji od wydawcy, a co mo\u017cna zrobi\u0107 samodzielnie?<\/span><\/li>\n<li data-renderer-start-pos=\"6116\">I wiele innych!<\/li>\n<\/ul>\n<p>Znajdziesz tu wszystko, co musisz wiedzie\u0107 o promocji ksi\u0105\u017cki!<\/p>\n<\/div>\n<\/div>\n<p>UWAGA: produkt jest e-bookiem. Po dodaniu produktu do koszyka i op\u0142aceniu zakupu strona wymusi pobieranie pliku. Upewnij si\u0119, \u017ce nie masz zablokowanych wyskakuj\u0105cych okienek.<\/p>\n<p>&nbsp;<\/p>\n<p>Premiera: 28.06.2021<\/p>\n<p>Ilo\u015b\u0107 stron: 176<\/p>\n<p>Format: B5<\/p>\n<p>&nbsp;<\/p>\n<p>Ksi\u0105\u017cka dost\u0119pna w formacie .pdf<\/p>","protected":false},"excerpt":{"rendered":"<p>Zaw\u00f3d: Pisarz. Jak zarabia\u0107 WI\u0118CEJ na swoich ksi\u0105\u017ckach. Poradnik dla [&hellip;]<\/p>\n","protected":false},"featured_media":4982,"template":"","meta":{"_eb_attr":""},"product_brand":[],"product_cat":[1506],"product_tag":[1520,1518,1519],"class_list":{"0":"post-4089","1":"product","2":"type-product","3":"status-publish","4":"has-post-thumbnail","6":"product_cat-ksiazki","7":"product_tag-branza-wydawnicza","8":"product_tag-poradnik","9":"product_tag-rynek-ksiazki","11":"first","12":"instock","13":"sale","14":"downloadable","15":"virtual","16":"sold-individually","17":"taxable","18":"purchasable","19":"product-type-simple"},"_links":{"self":[{"href":"http:\/\/nerdkobieta.pl\/en\/wp-json\/wp\/v2\/product\/4089","targetHints":{"allow":["GET"]}}],"collection":[{"href":"http:\/\/nerdkobieta.pl\/en\/wp-json\/wp\/v2\/product"}],"about":[{"href":"http:\/\/nerdkobieta.pl\/en\/wp-json\/wp\/v2\/types\/product"}],"version-history":[{"count":2,"href":"http:\/\/nerdkobieta.pl\/en\/wp-json\/wp\/v2\/product\/4089\/revisions"}],"predecessor-version":[{"id":4932,"href":"http:\/\/nerdkobieta.pl\/en\/wp-json\/wp\/v2\/product\/4089\/revisions\/4932"}],"wp:featuredmedia":[{"embeddable":true,"href":"http:\/\/nerdkobieta.pl\/en\/wp-json\/wp\/v2\/media\/4982"}],"wp:attachment":[{"href":"http:\/\/nerdkobieta.pl\/en\/wp-json\/wp\/v2\/media?parent=4089"}],"wp:term":[{"taxonomy":"product_brand","embeddable":true,"href":"http:\/\/nerdkobieta.pl\/en\/wp-json\/wp\/v2\/product_brand?post=4089"},{"taxonomy":"product_cat","embeddable":true,"href":"http:\/\/nerdkobieta.pl\/en\/wp-json\/wp\/v2\/product_cat?post=4089"},{"taxonomy":"product_tag","embeddable":true,"href":"http:\/\/nerdkobieta.pl\/en\/wp-json\/wp\/v2\/product_tag?post=4089"}],"curies":[{"name":"wp","href":"https:\/\/api.w.org\/{rel}","templated":true}]}}