{"id":5377,"date":"2026-03-20T12:42:43","date_gmt":"2026-03-20T11:42:43","guid":{"rendered":"https:\/\/nerdkobieta.pl\/?page_id=5377"},"modified":"2026-03-20T12:54:26","modified_gmt":"2026-03-20T11:54:26","slug":"faq","status":"publish","type":"page","link":"http:\/\/nerdkobieta.pl\/en\/faq\/","title":{"rendered":"FAQ"},"content":{"rendered":"<div data-elementor-type=\"wp-page\" data-elementor-id=\"5377\" class=\"elementor elementor-5377\">\n\t\t\t\t<div class=\"elementor-element elementor-element-f3a32fe e-flex e-con-boxed e-con e-parent\" data-id=\"f3a32fe\" data-element_type=\"container\" data-e-type=\"container\">\n\t\t\t\t\t<div class=\"e-con-inner\">\n\t\t\t\t<div class=\"elementor-element elementor-element-c768725 elementor-widget elementor-widget-text-editor\" data-id=\"c768725\" data-element_type=\"widget\" data-e-type=\"widget\" data-widget_type=\"text-editor.default\">\n\t\t\t\t<div class=\"elementor-widget-container\">\n\t\t\t\t\t\t\t\t\t<p><strong>Jak <\/strong><strong>skontaktowa\u0107 si\u0119 z Nerd Kobiet\u0105?<\/strong><br \/>Naj\u0142atwiej mailowo: <strong data-start=\"580\" data-end=\"607\">dominika@nerdkobieta.pl<\/strong>. Odpowiadam na wszystkie wiadomo\u015bci i pomagam w sprawach zwi\u0105zanych z zam\u00f3wieniami i us\u0142ugami.<\/p><p data-start=\"706\" data-end=\"980\"><strong data-start=\"706\" data-end=\"757\">Czy wszystkie us\u0142ugi s\u0105 dost\u0119pne w sklepie?<\/strong><br data-start=\"542\" data-end=\"545\" \/>Nie. Oferuj\u0119 te\u017c szereg us\u0142ug indywidualnych, od strategii po pe\u0142n\u0105 promocj\u0119 ksi\u0105\u017cki. Skontaktuj si\u0119 ze mn\u0105 mailowo, aby otrzyma\u0107 ofert\u0119 i wycen\u0119.<\/p><p><strong>Nie wiem, kt\u00f3ra us\u0142uga jest dla mnie. Co teraz?<\/strong><br data-start=\"757\" data-end=\"760\" \/>W takim przypadku warto zapisa\u0107 si\u0119 na konsultacj\u0119 online, aby om\u00f3wi\u0107 Tw\u00f3j problem i dopasowa\u0107 rozwi\u0105zanie. Mo\u017cesz te\u017c napisa\u0107 maila, a zaproponuj\u0119 konkretn\u0105 us\u0142ug\u0119 lub dzia\u0142ania dopasowane do Twoich potrzeb i bud\u017cetu.<\/p><p data-start=\"982\" data-end=\"1197\"><strong data-start=\"982\" data-end=\"1035\">Czy wszystkie produkty i us\u0142ugi s\u0105 p\u0142atne z g\u00f3ry?<\/strong><br data-start=\"1035\" data-end=\"1038\" \/>Tak. Fizyczne produkty i pliki cyfrowe s\u0105 p\u0142atne przed wysy\u0142k\u0105 lub dost\u0119pem. Us\u0142ugi indywidualne s\u0105 p\u0142atne zgodnie z warunkami umowy lub ustalonym cennikiem.<\/p><p data-start=\"1199\" data-end=\"1393\"><strong data-start=\"1199\" data-end=\"1239\">Czy mog\u0119 zwr\u00f3ci\u0107 produkt lub us\u0142ug\u0119?<\/strong><br data-start=\"1239\" data-end=\"1242\" \/>Zwroty przys\u0142uguj\u0105 tylko w przypadku <strong data-start=\"1279\" data-end=\"1303\">fizycznych produkt\u00f3w<\/strong> (ksi\u0105\u017cki papierowe). Ebooki, pliki cyfrowe i us\u0142ugi indywidualne nie podlegaj\u0105 zwrotom.<\/p><p data-start=\"1395\" data-end=\"1690\"><strong data-start=\"1395\" data-end=\"1451\">Co je\u015bli napotkam problem z zam\u00f3wieniem lub plikiem?<\/strong><br data-start=\"1451\" data-end=\"1454\" \/>Je\u015bli plik cyfrowy (ebook, checklisty, workbooki) nie dotar\u0142, sprawd\u017a, czy masz w\u0142\u0105czone wyskakuj\u0105ce okienka w przegl\u0105darce i czy nie blokuje ich AdBlock. Je\u015bli nadal nie dzia\u0142a, napisz maila z numerem zam\u00f3wienia \u2013 prze\u015bl\u0119 plik r\u0119cznie.<\/p>\t\t\t\t\t\t\t\t<\/div>\n\t\t\t\t<\/div>\n\t\t\t\t\t<\/div>\n\t\t\t\t<\/div>\n\t\t\t\t<\/div>","protected":false},"excerpt":{"rendered":"<p>Jak skontaktowa\u0107 si\u0119 z Nerd Kobiet\u0105?Naj\u0142atwiej mailowo: dominika@nerdkobieta.pl. Odpowiadam na [&hellip;]<\/p>\n","protected":false},"author":1,"featured_media":0,"parent":0,"menu_order":0,"comment_status":"closed","ping_status":"closed","template":"","meta":{"_eb_attr":"","two_page_speed":[],"footnotes":""},"class_list":["post-5377","page","type-page","status-publish","hentry"],"_links":{"self":[{"href":"http:\/\/nerdkobieta.pl\/en\/wp-json\/wp\/v2\/pages\/5377","targetHints":{"allow":["GET"]}}],"collection":[{"href":"http:\/\/nerdkobieta.pl\/en\/wp-json\/wp\/v2\/pages"}],"about":[{"href":"http:\/\/nerdkobieta.pl\/en\/wp-json\/wp\/v2\/types\/page"}],"author":[{"embeddable":true,"href":"http:\/\/nerdkobieta.pl\/en\/wp-json\/wp\/v2\/users\/1"}],"replies":[{"embeddable":true,"href":"http:\/\/nerdkobieta.pl\/en\/wp-json\/wp\/v2\/comments?post=5377"}],"version-history":[{"count":4,"href":"http:\/\/nerdkobieta.pl\/en\/wp-json\/wp\/v2\/pages\/5377\/revisions"}],"predecessor-version":[{"id":5381,"href":"http:\/\/nerdkobieta.pl\/en\/wp-json\/wp\/v2\/pages\/5377\/revisions\/5381"}],"wp:attachment":[{"href":"http:\/\/nerdkobieta.pl\/en\/wp-json\/wp\/v2\/media?parent=5377"}],"curies":[{"name":"wp","href":"https:\/\/api.w.org\/{rel}","templated":true}]}}