{"id":3528,"date":"2021-03-18T15:41:11","date_gmt":"2021-03-18T14:41:11","guid":{"rendered":"https:\/\/nerdkobieta.pl\/?page_id=3528"},"modified":"2026-02-09T23:11:34","modified_gmt":"2026-02-09T22:11:34","slug":"ksiazki","status":"publish","type":"page","link":"http:\/\/nerdkobieta.pl\/en\/ksiazki\/","title":{"rendered":"Books"},"content":{"rendered":"<div data-elementor-type=\"wp-page\" data-elementor-id=\"3528\" class=\"elementor elementor-3528\">\n\t\t\t\t\t\t<section class=\"elementor-section elementor-top-section elementor-element elementor-element-0cb7572 elementor-section-boxed elementor-section-height-default elementor-section-height-default\" data-id=\"0cb7572\" data-element_type=\"section\" data-e-type=\"section\">\n\t\t\t\t\t\t<div class=\"elementor-container elementor-column-gap-default\">\n\t\t\t\t\t<div class=\"elementor-column elementor-col-100 elementor-top-column elementor-element elementor-element-3e8e5e5\" data-id=\"3e8e5e5\" data-element_type=\"column\" data-e-type=\"column\">\n\t\t\t<div class=\"elementor-widget-wrap elementor-element-populated\">\n\t\t\t\t\t\t<section class=\"elementor-section elementor-inner-section elementor-element elementor-element-4dc86cf elementor-section-boxed elementor-section-height-default elementor-section-height-default\" data-id=\"4dc86cf\" data-element_type=\"section\" data-e-type=\"section\">\n\t\t\t\t\t\t<div class=\"elementor-container elementor-column-gap-default\">\n\t\t\t\t\t<div class=\"elementor-column elementor-col-50 elementor-inner-column elementor-element elementor-element-20fc06a\" data-id=\"20fc06a\" data-element_type=\"column\" data-e-type=\"column\">\n\t\t\t<div class=\"elementor-widget-wrap elementor-element-populated\">\n\t\t\t\t\t\t<div class=\"elementor-element elementor-element-f484bce elementor-position-top elementor-widget elementor-widget-image-box\" data-id=\"f484bce\" data-element_type=\"widget\" data-e-type=\"widget\" data-widget_type=\"image-box.default\">\n\t\t\t\t<div class=\"elementor-widget-container\">\n\t\t\t\t\t<div class=\"elementor-image-box-wrapper\"><figure class=\"elementor-image-box-img\"><a href=\"https:\/\/nerdkobieta.pl\/en\/ksiazki\/piesn_o_warszawie\/\" tabindex=\"-1\"><img fetchpriority=\"high\" decoding=\"async\" width=\"535\" height=\"639\" src=\"https:\/\/nerdkobieta.pl\/wp-content\/uploads\/2019\/01\/POW-3D-przezroczyste-tlo-scaled.jpg\" class=\"attachment-full size-full wp-image-3286\" alt=\"\" srcset=\"https:\/\/nerdkobieta.pl\/wp-content\/uploads\/2019\/01\/POW-3D-przezroczyste-tlo-scaled.jpg 535w, https:\/\/nerdkobieta.pl\/wp-content\/uploads\/2019\/01\/POW-3D-przezroczyste-tlo-scaled-400x478.jpg 400w, https:\/\/nerdkobieta.pl\/wp-content\/uploads\/2019\/01\/POW-3D-przezroczyste-tlo-scaled-251x300.jpg 251w, https:\/\/nerdkobieta.pl\/wp-content\/uploads\/2019\/01\/POW-3D-przezroczyste-tlo-scaled-858x1024.jpg 858w, https:\/\/nerdkobieta.pl\/wp-content\/uploads\/2019\/01\/POW-3D-przezroczyste-tlo-scaled-768x917.jpg 768w, https:\/\/nerdkobieta.pl\/wp-content\/uploads\/2019\/01\/POW-3D-przezroczyste-tlo-scaled-1287x1536.jpg 1287w, https:\/\/nerdkobieta.pl\/wp-content\/uploads\/2019\/01\/POW-3D-przezroczyste-tlo-scaled-1716x2048.jpg 1716w, https:\/\/nerdkobieta.pl\/wp-content\/uploads\/2019\/01\/POW-3D-przezroczyste-tlo-scaled-830x991.jpg 830w, https:\/\/nerdkobieta.pl\/wp-content\/uploads\/2019\/01\/POW-3D-przezroczyste-tlo-scaled-230x274.jpg 230w, https:\/\/nerdkobieta.pl\/wp-content\/uploads\/2019\/01\/POW-3D-przezroczyste-tlo-scaled-350x418.jpg 350w, https:\/\/nerdkobieta.pl\/wp-content\/uploads\/2019\/01\/POW-3D-przezroczyste-tlo-scaled-480x573.jpg 480w, https:\/\/nerdkobieta.pl\/wp-content\/uploads\/2019\/01\/POW-3D-przezroczyste-tlo-scaled-600x716.jpg 600w\" sizes=\"(max-width: 535px) 100vw, 535px\" \/><\/a><\/figure><div class=\"elementor-image-box-content\"><h3 class=\"elementor-image-box-title\"><a href=\"https:\/\/nerdkobieta.pl\/en\/ksiazki\/piesn_o_warszawie\/\">Song of Warsaw<\/a><\/h3><p class=\"elementor-image-box-description\">Kiedy zginie ro\u015blinno\u015b\u0107, ludzko\u015b\u0107 umrze razem z ni\u0105. Poznaj realia Warszawy po katastrofie klimatycznej.<\/p><\/div><\/div>\t\t\t\t<\/div>\n\t\t\t\t<\/div>\n\t\t\t\t\t<\/div>\n\t\t<\/div>\n\t\t\t\t<div class=\"elementor-column elementor-col-50 elementor-inner-column elementor-element elementor-element-a2139f9\" data-id=\"a2139f9\" data-element_type=\"column\" data-e-type=\"column\">\n\t\t\t<div class=\"elementor-widget-wrap elementor-element-populated\">\n\t\t\t\t\t\t<div class=\"elementor-element elementor-element-6bf68db elementor-position-top elementor-widget elementor-widget-image-box\" data-id=\"6bf68db\" data-element_type=\"widget\" data-e-type=\"widget\" data-widget_type=\"image-box.default\">\n\t\t\t\t<div class=\"elementor-widget-container\">\n\t\t\t\t\t<div class=\"elementor-image-box-wrapper\"><figure class=\"elementor-image-box-img\"><a href=\"https:\/\/nerdkobieta.pl\/en\/ksiazki\/zawod-pisarz\/\" tabindex=\"-1\"><img decoding=\"async\" width=\"535\" height=\"690\" src=\"https:\/\/nerdkobieta.pl\/wp-content\/uploads\/2021\/04\/ZPoklkadka3dmalawaga-e1624452369603.png\" class=\"attachment-full size-full wp-image-4120\" alt=\"\" srcset=\"https:\/\/nerdkobieta.pl\/wp-content\/uploads\/2021\/04\/ZPoklkadka3dmalawaga-e1624452369603.png 535w, https:\/\/nerdkobieta.pl\/wp-content\/uploads\/2021\/04\/ZPoklkadka3dmalawaga-e1624452369603-400x516.png 400w\" sizes=\"(max-width: 535px) 100vw, 535px\" \/><\/a><\/figure><div class=\"elementor-image-box-content\"><h3 class=\"elementor-image-box-title\"><a href=\"https:\/\/nerdkobieta.pl\/en\/ksiazki\/zawod-pisarz\/\">Zaw\u00f3d: Pisarz<\/a><\/h3><p class=\"elementor-image-box-description\">\u201eZaw\u00f3d Pisarz\u201d da Ci realne narz\u0119dzia i umiej\u0119tno\u015bci w walce nie tylko o czytelnik\u00f3w, ale i lepsze umowy czy wy\u017csze standardy wsp\u00f3\u0142pracy.<\/p><\/div><\/div>\t\t\t\t<\/div>\n\t\t\t\t<\/div>\n\t\t\t\t\t<\/div>\n\t\t<\/div>\n\t\t\t\t\t<\/div>\n\t\t<\/section>\n\t\t\t\t\t<\/div>\n\t\t<\/div>\n\t\t\t\t\t<\/div>\n\t\t<\/section>\n\t\t\t\t<\/div>","protected":false},"excerpt":{"rendered":"<p>Pie\u015b\u0144 o Warszawie Kiedy zginie ro\u015blinno\u015b\u0107, ludzko\u015b\u0107 umrze razem z [&hellip;]<\/p>\n","protected":false},"author":1,"featured_media":0,"parent":0,"menu_order":0,"comment_status":"closed","ping_status":"closed","template":"elementor_header_footer","meta":{"_eb_attr":"","two_page_speed":{"previous_score":{"desktop_score":98,"desktop_tti":"1.2\u00a0","mobile_score":77,"mobile_tti":"6.2\u00a0","date":"21.05.2024 01:58:20 pm","status":"completed"},"current_score":{"desktop_score":98,"desktop_tti":"1.5\u00a0","mobile_score":72,"mobile_tti":"7.6\u00a0","date":"20.03.2026 04:13:19 pm","status":"completed"}},"footnotes":""},"class_list":["post-3528","page","type-page","status-publish","hentry"],"_links":{"self":[{"href":"http:\/\/nerdkobieta.pl\/en\/wp-json\/wp\/v2\/pages\/3528","targetHints":{"allow":["GET"]}}],"collection":[{"href":"http:\/\/nerdkobieta.pl\/en\/wp-json\/wp\/v2\/pages"}],"about":[{"href":"http:\/\/nerdkobieta.pl\/en\/wp-json\/wp\/v2\/types\/page"}],"author":[{"embeddable":true,"href":"http:\/\/nerdkobieta.pl\/en\/wp-json\/wp\/v2\/users\/1"}],"replies":[{"embeddable":true,"href":"http:\/\/nerdkobieta.pl\/en\/wp-json\/wp\/v2\/comments?post=3528"}],"version-history":[{"count":1,"href":"http:\/\/nerdkobieta.pl\/en\/wp-json\/wp\/v2\/pages\/3528\/revisions"}],"predecessor-version":[{"id":4991,"href":"http:\/\/nerdkobieta.pl\/en\/wp-json\/wp\/v2\/pages\/3528\/revisions\/4991"}],"wp:attachment":[{"href":"http:\/\/nerdkobieta.pl\/en\/wp-json\/wp\/v2\/media?parent=3528"}],"curies":[{"name":"wp","href":"https:\/\/api.w.org\/{rel}","templated":true}]}}