{"id":2470,"date":"2017-04-21T18:51:45","date_gmt":"2017-04-21T16:51:45","guid":{"rendered":"http:\/\/nerdkobieta.blog.pl\/?page_id=2470"},"modified":"2024-01-17T12:47:26","modified_gmt":"2024-01-17T11:47:26","slug":"o_mnie","status":"publish","type":"page","link":"http:\/\/nerdkobieta.pl\/en\/o_mnie\/","title":{"rendered":"O MNIE"},"content":{"rendered":"<p><span style=\"font-size: 12pt; font-family: Tahoma, Arial, Helvetica, sans-serif;\">Rocznik &#8217;89. Z postapokalips\u0105 zwi\u0105zana jest od 2012 r. W latach 2013-2020 wsp\u00f3\u0142tworzy\u0142a serwis Post \u2013 Apokalipsa Polska, najwi\u0119kszy w Europie serwis po\u015bwi\u0119cony postapokalipsie, gdzie szefowa\u0142a Dzia\u0142owi Literatura. Jako blogerka wypromowa\u0142a ju\u017c niemal setk\u0119 ksi\u0105\u017cek, imprez i tw\u00f3rc\u00f3w w estetyce postapo.<\/span><\/p>\n<p><span style=\"font-size: 12pt; font-family: Tahoma, Arial, Helvetica, sans-serif;\">Literacko interesuje j\u0105 fantastyka \u2013 od dark fantasy po solar punk. Jednak to postapokalipsa jest gatunkiem, kt\u00f3ry darzy najwi\u0119kszym uczuciem. Debiutowa\u0142a w dwumiesi\u0119czniku Fantom \u00a0opowiadaniem &#8222;Filtr&#8221;.<\/span><\/p>\n<p><span style=\"font-size: 12pt; font-family: Tahoma, Arial, Helvetica, sans-serif;\">Zawodowo zajmuje si\u0119 tworzeniem tre\u015bci i marketingiem. Prywatnie w\u0142\u00f3czykij, pasjonatka urbexu i freestyle iceskatingu.<\/span><\/p>\n<p><span style=\"font-size: 12pt; font-family: Tahoma, Arial, Helvetica, sans-serif;\">Sercem zwi\u0105zana z warszawsk\u0105 Prag\u0105 P\u00f3\u0142noc.<\/span><\/p>\n<p><span style=\"font-family: Tahoma, Arial, Helvetica, sans-serif;\">_ _ _<\/span><\/p>\n<p style=\"text-align: justify;\"><span style=\"font-family: Tahoma, Arial, Helvetica, sans-serif; font-size: 12pt;\">Zapraszam do wys\u0142uchania audycji z moim udzia\u0142em. Czasem gadam g\u0142upoty, a czasem gadam m\u0105drze.<\/span><\/p>\n<p style=\"text-align: justify;\"><span style=\"font-family: Tahoma, Arial, Helvetica, sans-serif; font-size: 12pt;\">1. Polskie Radio 2, <a href=\"http:\/\/www.polskieradio.pl\/8\/1594\/Artykul\/1569543,Koniec-swiata-to-dopiero-poczatek\">Notatnik Dw\u00f3jki, 13 stycznia 2016<\/a><br \/>\nPos\u0142uchaj nagrania\u00a0<\/span><\/p>\n<audio class=\"wp-audio-shortcode\" id=\"audio-2470-1\" preload=\"none\" style=\"width: 100%;\" controls=\"controls\"><source type=\"audio\/mpeg\" src=\"http:\/\/nerdkobieta.pl\/wp-content\/uploads\/2018\/01\/Polskie-Radio-2-2016.mp3?_=1\" \/><a href=\"http:\/\/nerdkobieta.pl\/wp-content\/uploads\/2018\/01\/Polskie-Radio-2-2016.mp3\">http:\/\/nerdkobieta.pl\/wp-content\/uploads\/2018\/01\/Polskie-Radio-2-2016.mp3<\/a><\/audio>\n<p style=\"text-align: justify;\"><span style=\"font-family: Tahoma, Arial, Helvetica, sans-serif; font-size: 12pt;\">2. Polskie Radio Czw\u00f3rka, <a href=\"http:\/\/www.polskieradio.pl\/10\/4896\/Artykul\/1603759,Audycja-dla-geekow-6-kwietnia-godz-1200\">Audycja dla geek\u00f3w, 6 kwietnia 2016<\/a><br \/>\n<\/span><\/p>\n<audio class=\"wp-audio-shortcode\" id=\"audio-2470-2\" preload=\"none\" style=\"width: 100%;\" controls=\"controls\"><source type=\"audio\/mpeg\" src=\"http:\/\/nerdkobieta.pl\/wp-content\/uploads\/2018\/01\/Polskie-Radio-4-16-kwiecien-2016.mp3?_=2\" \/><a href=\"http:\/\/nerdkobieta.pl\/wp-content\/uploads\/2018\/01\/Polskie-Radio-4-16-kwiecien-2016.mp3\">http:\/\/nerdkobieta.pl\/wp-content\/uploads\/2018\/01\/Polskie-Radio-4-16-kwiecien-2016.mp3<\/a><\/audio>\n<p style=\"text-align: justify;\"><span style=\"font-family: Tahoma, Arial, Helvetica, sans-serif; font-size: 12pt;\">3. Radio RSC, \u00a0Audycja Portal, 14 kwietnia 2017:<br \/>\n<a href=\"http:\/\/yourlisten.com\/tete-a-tete\/archiwalne-odcinki-audycji-portal-14042017#\">http:\/\/yourlisten.com\/tete-a-tete\/archiwalne-odcinki-audycji-portal-14042017#<\/a><\/span><\/p>\n<p style=\"text-align: justify;\"><span style=\"font-family: Tahoma, Arial, Helvetica, sans-serif; font-size: 12pt;\">4. Radio RSC, Audycja Portal, 21 kwietnia 2017:<br \/>\n<a href=\"http:\/\/yourlisten.com\/tete-a-tete\/archiwalne-odcinki-audycji-portal-21042017#\">http:\/\/yourlisten.com\/tete-a-tete\/archiwalne-odcinki-audycji-portal-21042017#<\/a><\/span><\/p>\n<p style=\"text-align: justify;\"><span style=\"font-family: Tahoma, Arial, Helvetica, sans-serif; font-size: 12pt;\">5. Radio RSC, Audycja Portal, 28 kwietnia 2017:<\/span><br \/>\n<span style=\"font-size: 12pt; font-family: Tahoma, Arial, Helvetica, sans-serif;\"><a href=\"http:\/\/yourlisten.com\/tete-a-tete\/archiwalne-odcinki-audycji-portal-28042017#\">http:\/\/yourlisten.com\/tete-a-tete\/archiwalne-odcinki-audycji-portal-28042017#<\/a><\/span><\/p>\n<p><span style=\"font-size: 12pt; font-family: Tahoma, Arial, Helvetica, sans-serif;\">6. Radio RDC, Audycja Kobiecy wiecz\u00f3r, 26 wrze\u015bnia 2019:<\/span><\/p>\n<blockquote class=\"wp-embedded-content\" data-secret=\"xBoQ9SY1KB\"><p><a href=\"https:\/\/www.rdc.pl\/podcast\/kobiecy-wieczor-wrazliwosc-i-otwartosc-na-innego-czlowieka\/\">Kobiecy wiecz\u00f3r: wra\u017cliwo\u015b\u0107 i otwarto\u015b\u0107 na innego cz\u0142owieka<\/a><\/p><\/blockquote>\n<p><iframe class=\"wp-embedded-content\" sandbox=\"allow-scripts\" security=\"restricted\" style=\"position: absolute; clip: rect(1px, 1px, 1px, 1px);\" title=\"&#8222;Kobiecy wiecz\u00f3r: wra\u017cliwo\u015b\u0107 i otwarto\u015b\u0107 na innego cz\u0142owieka&#8221; &#8212; Warszawa i Mazowsze - najnowsze wiadomo\u015bci w RDC\" src=\"https:\/\/www.rdc.pl\/podcast\/kobiecy-wieczor-wrazliwosc-i-otwartosc-na-innego-czlowieka\/embed\/#?secret=xBoQ9SY1KB\" data-secret=\"xBoQ9SY1KB\" width=\"600\" height=\"338\" frameborder=\"0\" marginwidth=\"0\" marginheight=\"0\" scrolling=\"no\"><\/iframe><\/p>\n<p><span style=\"font-family: Tahoma, Arial, Helvetica, sans-serif; font-size: 12pt;\">7. Radio Sochaczew, 1 grudnia 2019:<br \/>\n<a href=\"https:\/\/www.radiosochaczew.pl\/wiadomosci\/25168,ksiazki-pod-choinke-poleca-dominika-tarczon\">https:\/\/www.radiosochaczew.pl\/wiadomosci\/25168,ksiazki-pod-choinke-poleca-dominika-tarczon<\/a><\/span><\/p>\n<p><span style=\"font-size: 12pt; font-family: Tahoma, Arial, Helvetica, sans-serif;\">8. Radio Praga, Audycja Inspiratorium, 25 lipca 2020<\/span><br \/>\n<span style=\"font-size: 12pt; font-family: Tahoma, Arial, Helvetica, sans-serif;\"><a href=\"https:\/\/www.mixcloud.com\/bart%C5%82omiej-sztobryn\/inspiratorium-4\/\">https:\/\/www.mixcloud.com\/bart%C5%82omiej-sztobryn\/inspiratorium-4\/<\/a><\/span><\/p>","protected":false},"excerpt":{"rendered":"<p>Rocznik &#8217;89. Z postapokalips\u0105 zwi\u0105zana jest od 2012 r. W [&hellip;]<\/p>\n","protected":false},"author":1,"featured_media":0,"parent":0,"menu_order":5,"comment_status":"closed","ping_status":"open","template":"","meta":{"_eb_attr":"","two_page_speed":[],"footnotes":""},"class_list":["post-2470","page","type-page","status-publish","hentry"],"_links":{"self":[{"href":"http:\/\/nerdkobieta.pl\/en\/wp-json\/wp\/v2\/pages\/2470","targetHints":{"allow":["GET"]}}],"collection":[{"href":"http:\/\/nerdkobieta.pl\/en\/wp-json\/wp\/v2\/pages"}],"about":[{"href":"http:\/\/nerdkobieta.pl\/en\/wp-json\/wp\/v2\/types\/page"}],"author":[{"embeddable":true,"href":"http:\/\/nerdkobieta.pl\/en\/wp-json\/wp\/v2\/users\/1"}],"replies":[{"embeddable":true,"href":"http:\/\/nerdkobieta.pl\/en\/wp-json\/wp\/v2\/comments?post=2470"}],"version-history":[{"count":1,"href":"http:\/\/nerdkobieta.pl\/en\/wp-json\/wp\/v2\/pages\/2470\/revisions"}],"predecessor-version":[{"id":4944,"href":"http:\/\/nerdkobieta.pl\/en\/wp-json\/wp\/v2\/pages\/2470\/revisions\/4944"}],"wp:attachment":[{"href":"http:\/\/nerdkobieta.pl\/en\/wp-json\/wp\/v2\/media?parent=2470"}],"curies":[{"name":"wp","href":"https:\/\/api.w.org\/{rel}","templated":true}]}}